{"id":694923,"date":"2025-08-27T14:24:34","date_gmt":"2025-08-27T11:24:34","guid":{"rendered":"https:\/\/roveyayinevi.com.tr\/index.php\/urun\/bati-diye-diye\/"},"modified":"2026-04-16T02:04:58","modified_gmt":"2026-04-15T23:04:58","slug":"bati-diye-diye","status":"publish","type":"product","link":"https:\/\/roveyayinevi.com.tr\/index.php\/urun\/bati-diye-diye\/","title":{"rendered":"Bat\u0131 Diye Diye"},"content":{"rendered":"<p>\u0130ki Almanya&#8217;n\u0131n birle\u015ftirilmesinin y\u00fczeyde yaratt\u0131\u011f\u0131 \u015famata \u00e7oktan bitti; \u015fimdilerde dipten y\u00fckselen hayal k\u0131r\u0131kl\u0131\u011f\u0131 konu\u015fuluyor. Do\u011fu Almanya&#8217;n\u0131n eski yurtta\u015flar\u0131 yeni d\u00fczeni kabullenmelte zorlan\u0131yor ve ho\u015fnutsuzluklar\u0131n\u0131 art\u0131k gizlemiyorlar. Bat\u0131l\u0131lar &#8220;do\u011fu inad\u0131&#8221; ad\u0131n\u0131 veriyorlar buna. Onlara kal\u0131rsa, &#8220;ge\u00e7mi\u015fin hesab\u0131n\u0131 g\u00f6rme i\u015fini bloke eden, ge\u00e7mi\u015fte olanlar\u0131 nostaljiyle g\u00fczelle\u015ftiren ve b\u00f6ylece merak\u0131 ve a\u00e7\u0131kl\u0131\u011f\u0131 engelleyen bir aldatma manevras\u0131&#8221; ile kar\u015f\u0131 kar\u015f\u0131yalar. Ne var ki, ge\u00e7mi\u015fin hesab\u0131n\u0131 vermeye, pi\u015fmanl\u0131k duymaya ve itiraf etmeye zorlananlar sadece Do\u011fulular. Bat\u0131 yarg\u0131\u00e7lar\u0131 \u00e7\u0131kar\u0131yor, Do\u011fu ise san\u0131klar\u0131. Bat\u0131, son olana\u011f\u0131na dek verdi\u011fi s\u00f6yl\u00fcyor. Do\u011fu ise elinde avucunda ne varsa; eskiden kamuya ait olan i\u015fletmeler, oteller, \u015fatolar, arazi ve say\u0131s\u0131z ta\u015f\u0131nmaz\u0131n sonuna dek (\u00e7)al\u0131nd\u0131\u011f\u0131 g\u00f6r\u00fc\u015f\u00fcnde. Berlin do\u011fumlu yazar Daniela Dahn, bu kitab\u0131nda iflah olmaz bir ideolojik &#8220;zararl\u0131 kal\u0131nt\u0131&#8221;, hatta &#8220;demokrasiyi hak etmemi\u015f&#8221; olmay\u0131 da g\u00f6ze alarak, kendinde ve ba\u015fkalar\u0131nda biriken rahats\u0131zl\u0131klar\u0131n izini s\u00fcr\u00fcyor: A\u00e7\u0131klayarak, polemi\u011fe girerek, &#8220;demokrasi, insan haklar\u0131&#8221; gibi i\u00e7i bo\u015falan kavramlar\u0131 sorgulayarak. \ufffcTan\u0131t\u0131m Metni<\/p>\n","protected":false},"excerpt":{"rendered":"<p>\u0130ki Almanya&#8217;n\u0131n birle\u015ftirilmesinin y\u00fczeyde yaratt\u0131\u011f\u0131 \u015famata \u00e7oktan bitti; \u015fimdilerde dipten y\u00fckselen hayal k\u0131r\u0131kl\u0131\u011f\u0131 konu\u015fuluyor. Do\u011fu Almanya&#8217;n\u0131n eski yurtta\u015flar\u0131 yeni d\u00fczeni kabullenmelte zorlan\u0131yor ve ho\u015fnutsuzluklar\u0131n\u0131 art\u0131k gizlemiyorlar.<span class=\"excerpt-hellip\"> [\u2026]<\/span><\/p>\n","protected":false},"featured_media":0,"template":"","meta":{"_monsterinsights_skip_tracking":false,"_monsterinsights_sitenote_active":false,"_monsterinsights_sitenote_note":"","_monsterinsights_sitenote_category":0},"product_brand":[],"product_cat":[12337,17225],"product_tag":[],"class_list":{"0":"post-694923","1":"product","2":"type-product","3":"status-publish","5":"product_cat-politika-siyaset","6":"product_cat-uluslararasi-iliskiler","7":"pa_cilt-ciltsiz","8":"pa_tur-kitap","9":"pa_yayinevi-yordam-kitap","10":"pa_yazar-daniela-dahn","12":"first","13":"instock","14":"sale","15":"shipping-taxable","16":"purchasable","17":"product-type-simple"},"_links":{"self":[{"href":"https:\/\/roveyayinevi.com.tr\/index.php\/wp-json\/wp\/v2\/product\/694923","targetHints":{"allow":["GET"]}}],"collection":[{"href":"https:\/\/roveyayinevi.com.tr\/index.php\/wp-json\/wp\/v2\/product"}],"about":[{"href":"https:\/\/roveyayinevi.com.tr\/index.php\/wp-json\/wp\/v2\/types\/product"}],"wp:attachment":[{"href":"https:\/\/roveyayinevi.com.tr\/index.php\/wp-json\/wp\/v2\/media?parent=694923"}],"wp:term":[{"taxonomy":"product_brand","embeddable":true,"href":"https:\/\/roveyayinevi.com.tr\/index.php\/wp-json\/wp\/v2\/product_brand?post=694923"},{"taxonomy":"product_cat","embeddable":true,"href":"https:\/\/roveyayinevi.com.tr\/index.php\/wp-json\/wp\/v2\/product_cat?post=694923"},{"taxonomy":"product_tag","embeddable":true,"href":"https:\/\/roveyayinevi.com.tr\/index.php\/wp-json\/wp\/v2\/product_tag?post=694923"}],"curies":[{"name":"wp","href":"https:\/\/api.w.org\/{rel}","templated":true}]}}