{"id":694915,"date":"2025-08-27T14:24:32","date_gmt":"2025-08-27T11:24:32","guid":{"rendered":"https:\/\/roveyayinevi.com.tr\/index.php\/urun\/felsefe-incelemeleri\/"},"modified":"2026-04-16T02:04:58","modified_gmt":"2026-04-15T23:04:58","slug":"felsefe-incelemeleri","status":"publish","type":"product","link":"https:\/\/roveyayinevi.com.tr\/index.php\/urun\/felsefe-incelemeleri\/","title":{"rendered":"Felsefe \u0130ncelemeleri"},"content":{"rendered":"<p>Bu kitap, tarihsel maddecilik g\u00f6r\u00fc\u015f\u00fcn\u00fc, \u00f6zg\u00fcn metinlere dayanarak g\u00f6rece k\u00fc\u00e7\u00fck oylumlu bir kitap i\u00e7inde, olabildi\u011fince vars\u0131l bir bi\u00e7imde sunmay\u0131 ama\u00e7l\u0131yor. Bundan yakla\u015f\u0131k yar\u0131m y\u00fczy\u0131l \u00f6nce Frans\u0131z Marksist Emile Bottigelli taraf\u0131ndan ger\u00e7ekle\u015ftirilen bu derleme, Karl Marx ile Friedrich Engels\u2019in bu konuda kaleme ald\u0131klar\u0131 en \u00fcnl\u00fc metinlerinden yap\u0131lm\u0131\u015f bir se\u00e7me niteli\u011finde. Metinlerin bir b\u00f6l\u00fcm\u00fc, zaman\u0131nda kitap ya da makale olarak yay\u0131nlanm\u0131\u015f, bir b\u00f6l\u00fcm\u00fc el yazmas\u0131 olarak kalm\u0131\u015f, bir b\u00f6l\u00fcm\u00fc ise mektup par\u00e7alar\u0131. Okurun burada yan\u0131t\u0131n\u0131 bulaca\u011f\u0131 \u00f6nemli sorular\u0131n birka\u00e7\u0131 \u015f\u00f6yle s\u0131ralanabilir: Marx ile Engels, Hegel\u2019in diyalekti\u011fini nas\u0131l anlam\u0131\u015flar ve nas\u0131l kullanm\u0131\u015flard\u0131r? Feuerbach d\u00fc\u015f\u00fcncesinde en \u00e7arp\u0131c\u0131 \u00f6rne\u011fini bulan metafizik maddecili\u011fin, toplumsal bir varl\u0131k olarak insan\u0131 kavray\u0131\u015f\u0131ndaki temel eksiklik nedir? Diyalektik maddecili\u011fin do\u011fa bilimleri ile tarih bilimleri anlay\u0131\u015f\u0131 nedir? Toplum bilimlerinde y\u00f6ntem ne olmal\u0131d\u0131r? Toplumsal ili\u015fkilerde iktisadi etmenin son \u00e7\u00f6z\u00fcmlemede belirleyici olmas\u0131 ne demektir? Kar\u015f\u0131l\u0131kl\u0131 belirlemeler dizgesi i\u00e7inde devletin, siyasetin, dinin, ideolojinin, felsefenin, bilimlerin etki bi\u00e7imleri ve a\u011f\u0131rl\u0131klar\u0131 nedir? Toplumsal belirlenme ile bireysel \u00f6zg\u00fcrl\u00fck nas\u0131l ba\u011fda\u015f\u0131r? <\/p>\n","protected":false},"excerpt":{"rendered":"<p>Bu kitap, tarihsel maddecilik g\u00f6r\u00fc\u015f\u00fcn\u00fc, \u00f6zg\u00fcn metinlere dayanarak g\u00f6rece k\u00fc\u00e7\u00fck oylumlu bir kitap i\u00e7inde, olabildi\u011fince vars\u0131l bir bi\u00e7imde sunmay\u0131 ama\u00e7l\u0131yor. Bundan yakla\u015f\u0131k yar\u0131m y\u00fczy\u0131l \u00f6nce Frans\u0131z<span class=\"excerpt-hellip\"> [\u2026]<\/span><\/p>\n","protected":false},"featured_media":0,"template":"","meta":{"_monsterinsights_skip_tracking":false,"_monsterinsights_sitenote_active":false,"_monsterinsights_sitenote_note":"","_monsterinsights_sitenote_category":0},"product_brand":[],"product_cat":[19460,13527],"product_tag":[],"class_list":{"0":"post-694915","1":"product","2":"type-product","3":"status-publish","5":"product_cat-felsefe-sureli-yayinlar","6":"product_cat-sureli-yayinlar","7":"pa_cilt-ciltsiz","8":"pa_tur-kitap","9":"pa_yayinevi-yordam-kitap","10":"pa_yazar-karl-marx","12":"first","13":"instock","14":"sale","15":"shipping-taxable","16":"purchasable","17":"product-type-simple"},"_links":{"self":[{"href":"https:\/\/roveyayinevi.com.tr\/index.php\/wp-json\/wp\/v2\/product\/694915","targetHints":{"allow":["GET"]}}],"collection":[{"href":"https:\/\/roveyayinevi.com.tr\/index.php\/wp-json\/wp\/v2\/product"}],"about":[{"href":"https:\/\/roveyayinevi.com.tr\/index.php\/wp-json\/wp\/v2\/types\/product"}],"wp:attachment":[{"href":"https:\/\/roveyayinevi.com.tr\/index.php\/wp-json\/wp\/v2\/media?parent=694915"}],"wp:term":[{"taxonomy":"product_brand","embeddable":true,"href":"https:\/\/roveyayinevi.com.tr\/index.php\/wp-json\/wp\/v2\/product_brand?post=694915"},{"taxonomy":"product_cat","embeddable":true,"href":"https:\/\/roveyayinevi.com.tr\/index.php\/wp-json\/wp\/v2\/product_cat?post=694915"},{"taxonomy":"product_tag","embeddable":true,"href":"https:\/\/roveyayinevi.com.tr\/index.php\/wp-json\/wp\/v2\/product_tag?post=694915"}],"curies":[{"name":"wp","href":"https:\/\/api.w.org\/{rel}","templated":true}]}}