{"id":694911,"date":"2025-08-27T14:24:31","date_gmt":"2025-08-27T11:24:31","guid":{"rendered":"https:\/\/roveyayinevi.com.tr\/index.php\/urun\/dusun-yazilari-butun-eserleri-6\/"},"modified":"2026-04-13T02:06:01","modified_gmt":"2026-04-12T23:06:01","slug":"dusun-yazilari-butun-eserleri-6","status":"publish","type":"product","link":"https:\/\/roveyayinevi.com.tr\/index.php\/urun\/dusun-yazilari-butun-eserleri-6\/","title":{"rendered":"D\u00fc\u015f\u00fcn Yaz\u0131lar\u0131 B\u00fct\u00fcn Eserleri 6"},"content":{"rendered":"<p>Azra Erhat&#8217;\u0131n yay\u0131ma haz\u0131rlad\u0131\u011f\u0131 D\u00dc\u015e\u00dcN YAZILARI, Halikarnas Bal\u0131k\u00e7\u0131s\u0131&#8217;n\u0131n, uygarl\u0131k tarihinin an\u0131t \u00fclkelerinden olan Anadolu&#8217;yu en ilgin\u00e7 boyutlar\u0131yla sergileyen incelemelerini, yorumlar\u0131n\u0131 ve \u00f6zg\u00fcn sentezlerini i\u00e7ermektedir. Her sat\u0131r\u0131 BALIK\u00c7I&#8217;n\u0131n co\u015fkulu \u00fcslubuyla yo\u011frulmu\u015f olan D\u00dc\u015e\u00dcN YAZILARI, vazge\u00e7ilmez bir ba\u015fucu kitab\u0131d\u0131r. <\/p>\n","protected":false},"excerpt":{"rendered":"<p>Azra Erhat&#8217;\u0131n yay\u0131ma haz\u0131rlad\u0131\u011f\u0131 D\u00dc\u015e\u00dcN YAZILARI, Halikarnas Bal\u0131k\u00e7\u0131s\u0131&#8217;n\u0131n, uygarl\u0131k tarihinin an\u0131t \u00fclkelerinden olan Anadolu&#8217;yu en ilgin\u00e7 boyutlar\u0131yla sergileyen incelemelerini, yorumlar\u0131n\u0131 ve \u00f6zg\u00fcn sentezlerini i\u00e7ermektedir. Her sat\u0131r\u0131<span class=\"excerpt-hellip\"> [\u2026]<\/span><\/p>\n","protected":false},"featured_media":0,"template":"","meta":{"_monsterinsights_skip_tracking":false,"_monsterinsights_sitenote_active":false,"_monsterinsights_sitenote_note":"","_monsterinsights_sitenote_category":0},"product_brand":[],"product_cat":[12291,12711],"product_tag":[],"class_list":{"0":"post-694911","1":"product","2":"type-product","3":"status-publish","5":"product_cat-edebiyat","6":"product_cat-roman-oyku","7":"pa_cilt-ciltsiz","8":"pa_tur-kitap","9":"pa_yayinevi-bilgi-yayinevi","10":"pa_yazar-cevat-sakir-kabaagacli-halikarnas-balikcisi","12":"first","13":"instock","14":"sale","15":"shipping-taxable","16":"purchasable","17":"product-type-simple"},"_links":{"self":[{"href":"https:\/\/roveyayinevi.com.tr\/index.php\/wp-json\/wp\/v2\/product\/694911","targetHints":{"allow":["GET"]}}],"collection":[{"href":"https:\/\/roveyayinevi.com.tr\/index.php\/wp-json\/wp\/v2\/product"}],"about":[{"href":"https:\/\/roveyayinevi.com.tr\/index.php\/wp-json\/wp\/v2\/types\/product"}],"wp:attachment":[{"href":"https:\/\/roveyayinevi.com.tr\/index.php\/wp-json\/wp\/v2\/media?parent=694911"}],"wp:term":[{"taxonomy":"product_brand","embeddable":true,"href":"https:\/\/roveyayinevi.com.tr\/index.php\/wp-json\/wp\/v2\/product_brand?post=694911"},{"taxonomy":"product_cat","embeddable":true,"href":"https:\/\/roveyayinevi.com.tr\/index.php\/wp-json\/wp\/v2\/product_cat?post=694911"},{"taxonomy":"product_tag","embeddable":true,"href":"https:\/\/roveyayinevi.com.tr\/index.php\/wp-json\/wp\/v2\/product_tag?post=694911"}],"curies":[{"name":"wp","href":"https:\/\/api.w.org\/{rel}","templated":true}]}}