{"id":694909,"date":"2025-08-27T14:24:31","date_gmt":"2025-08-27T11:24:31","guid":{"rendered":"https:\/\/roveyayinevi.com.tr\/index.php\/urun\/diyalektik-ve-tarihsel-materyalizmin-abecesi\/"},"modified":"2026-04-16T02:04:58","modified_gmt":"2026-04-15T23:04:58","slug":"diyalektik-ve-tarihsel-materyalizmin-abecesi","status":"publish","type":"product","link":"https:\/\/roveyayinevi.com.tr\/index.php\/urun\/diyalektik-ve-tarihsel-materyalizmin-abecesi\/","title":{"rendered":"Diyalektik ve Tarihsel Materyalizmin Abecesi"},"content":{"rendered":"<p>\u0130\u00e7indekiler Diyalektik Materyalizm 11 Birinci B\u00f6l\u00fcm. &#8211; Felsefenin Temel Sorunu 1. Sorunun \u00d6z\u00fc \/ 2. \u0130nan m\u0131, Yoksa Bilgi mi? \/ 3. \u00d6znel \u0130dealizm Kar\u015f\u0131s\u0131nda Materyalizm \/ 4. Nesnel \u0130dealizm Kar\u015f\u0131s\u0131nda Materyalizm \/ 5. Yer Ge\u00e7mi\u015finin Bilimi ve Felsefenin Temel Sorunu \/ 6. Beynin Fizyolojisi ve Felsefenin Temel Sorunu \/ 7. O Halde Felsefe Nedir? 41 \u0130kinci B\u00f6l\u00fcm. &#8211; Felsefede Devrim 1. Marksist Felsefenin Toplumsal ve Tarihsel \u00d6ncelleri \/ 2. Eski Diyalektik ve Modern Metafizik \/ 3. Hegel ve Feuerbach \/ 4. Yeni Bilimsel Bulgular\u0131n Felsefi Genellemesi \/ 5. \u0130nsan Varl\u0131\u011f\u0131nda Prati\u011fin Rol\u00fc 56 \u00dc\u00e7\u00fcnc\u00fc B\u00f6l\u00fcm. &#8211; Madde 1. Eski Felsefede Madde Kavram\u0131 \/ 2. Do\u011fa Biliminde Devrim, Felsefi \u00c7eki\u015fme \/ 3. Lenin Taraf\u0131ndan Geli\u015ftirilen Yeni Madde Kavram\u0131 64 D\u00f6rd\u00fcnc\u00fc B\u00f6l\u00fcm. &#8211; Madde ve Hareket 1. Hareketsiz Madde Var m\u0131d\u0131r? \/ 2. Maddesiz Hareket Var m\u0131d\u0131r? 73 Be\u015finci B\u00f6l\u00fcm. &#8211; Uzay ve Zaman 1. Madde, Uzay ve Zaman\u0131n D\u0131\u015f\u0131nda Varolabilir mi? \/ 2. Zaman ve Uzay, Maddenin D\u0131\u015f\u0131nda Var m\u0131d\u0131r? 84 Alt\u0131nc\u0131 B\u00f6l\u00fcm. &#8211; Bilin\u00e7 1. Bilin\u00e7 Maddi D\u00fcnyan\u0131n Bir Yans\u0131mas\u0131d\u0131r \/ 2. Yans\u0131ma, Maddenin Bir \u00d6zelli\u011fidir \/ 3. Sinirsellikten Zihinsel Etkinli\u011fe \/ 4. Emek, Dil ve D\u00fc\u015f\u00fcnce \/ 5. Bilin\u00e7te \u00d6zne ve Nesne \/ 6. Yans\u0131man\u0131n Bilinen En Y\u00fcksek Bi\u00e7imi 109 Yedinci B\u00f6l\u00fcm. &#8211; Materyalist Diyalekti\u011fin Yasalar\u0131 1. Yasa Nedir? \/ 2. Nicelikten Niteli\u011fe Ge\u00e7i\u015f Yasas\u0131 \/ 3. Yads\u0131man\u0131n Yads\u0131nmas\u0131 Yasas\u0131 \/ 4. Kar\u015f\u0131tlar\u0131n Birli\u011fi ve \u00c7at\u0131\u015fmas\u0131 Yasas\u0131 130 Sekizinci B\u00f6l\u00fcm. &#8211; Materyalist Diyalekti\u011fin Kategorileri 1. Kategori Nedir? \/ 2. Neden ve Etki \/ 3. Zorunluluk ve Raslant\u0131 149 Dokuzuncu B\u00f6l\u00fcm. &#8211; Pratik Bilginin K\u00f6k\u00fc ve \u00d6l\u00e7\u00fct\u00fc 1. D\u00fcnya Bilinebilir mi? \/ 2. Bilinemezci Bilgibilim \/ 3. Us\u00e7uluk ve Bilgilenme \/ 4. Klasik \u0130dealizmde Bilgi Teorisi \/ 5. Metafizik Materyalizmde Bilgi Teorisi \/ 6. Bilgileni\u015f S\u00fcreci \/ 7. Bilginin Temeli ve \u00d6l\u00e7\u00fct\u00fc \/ 8. Bilgi ve Ger\u00e7ek 170 Onuncu B\u00f6l\u00fcm. &#8211; Ger\u00e7e\u011fe Giden Diyalektik Yol 1. Duyumlar\u0131n K\u00f6keni \/ 2. Bilmede Dilin \u00d6nemi \/ 3. Soyutlama ve Kavram Olu\u015fumu \/ 4. Bilgilenmeye \u0130li\u015fkin Eylemde Model \/ 5. Bilginin Teorik D\u00fczeyi \/ 6. Bilmenin G\u00f6rg\u00fcc\u00fcl D\u00fczeyi Tarihsel Materyalizm 205 Birinci B\u00f6l\u00fcm. &#8211; Tarihsel Materyalizm Bilimi 1. Tarihsel Materyalizm Nedir? \/ 2. Tarihsel Materyalizmin Konusu 213 \u0130kinci B\u00f6l\u00fcm. &#8211; Tarihin Materyalist Anlay\u0131\u015f\u0131 1. Tarihsel Materyalizmin Do\u011fu\u015fu &#8211; Toplum G\u00f6r\u00fc\u015f\u00fcnde Bir Devrim \/ 2. Nesnel Bir S\u00fcre\u00e7 Olarak Tarih \/ 3. Tarihsel Zorunluluk ve \u0130nsan Eylemi \/ 4. Toplumun Maddi Ko\u015fullar\u0131 231 \u00dc\u00e7\u00fcnc\u00fc B\u00f6l\u00fcm. &#8211; Toplumun Varl\u0131\u011f\u0131n\u0131n ve Geli\u015fmesinin Temeli Olarak Maddi \u00dcretim 1. Maddi Mallar\u0131n \u00dcretim Tarz\u0131 \/ 2. Toplumun \u00dcretici G\u00fc\u00e7leri \/ 3. \u00dcretim \u0130li\u015fkileri \/ 4. \u00dcretim Tarzlar\u0131n\u0131n Birbirlerini \u0130zlemeleri Yasayla Y\u00f6netilen Bir S\u00fcre\u00e7tir \/ 5. Toplumsal &#8211; Ekonomik Bi\u00e7imleni\u015f Nedir? \/ 6. Toplumsal &#8211; Ekonomik Bi\u00e7imleni\u015flerin \u00d6zg\u00fcl Yasalar\u0131 250 D\u00f6rd\u00fcnc\u00fc B\u00f6l\u00fcm. &#8211; S\u0131n\u0131flar ve S\u0131n\u0131f \u0130li\u015fkileri 1. S\u0131n\u0131f Nedir? \/ 2. Toplum Ni\u00e7in S\u0131n\u0131flara B\u00f6l\u00fcn\u00fcr? \/ 3. S\u0131n\u0131f Kar\u015f\u0131tl\u0131\u011f\u0131 \/ 4. S\u0131n\u0131flar\u0131n Tarihsel Yazg\u0131lar\u0131 269 Be\u015finci B\u00f6l\u00fcm. &#8211; Devlet 1. Devlet ve Toplumun S\u0131n\u0131flara B\u00f6l\u00fcnmesi \/ 2. Devletin Tarihsel Bi\u00e7imleri \/ 3. Burjuva Devleti \/ 4. Proletarya Diktat\u00f6rl\u00fc\u011f\u00fc Bi\u00e7imleri ve Geli\u015fmesi 286 Alt\u0131nc\u0131 B\u00f6l\u00fcm. &#8211; Toplumsal Devrim 1. Toplumsal Devrim Tipleri \/ 2. Proletarya Diktat\u00f6rl\u00fc\u011f\u00fc Nas\u0131l Kurulur? 294 Yedinci B\u00f6l\u00fcm. &#8211; Tarihte Y\u0131\u011f\u0131nlar\u0131n ve Bireylerin Rol\u00fc 1. Halk Nedir? \/ 2. Halk\u0131n Tarihte Rol\u00fc \/ 3. \u00d6nemli Ki\u015filerin Rol\u00fc \/ 4. \u0130nsan, Toplumsal \u0130li\u015fkilerin Toplam\u0131d\u0131r. \/ 5. Kom\u00fcnist Toplumda Birey 307 Sekizinci B\u00f6l\u00fcm. &#8211; Toplumsal Bilin\u00e7 ve Toplumsal Varl\u0131k 1. Toplumsal Bilincin Bi\u00e7imleri \/ 2. Toplumsal Psikoloji ve \u0130deoloji \/ 3. Toplumsal Bilincin Bir Bi\u00e7imi Olarak Ahlak \/ 4. Toplumsal Bilincin Bir B\u00fct\u00fcn\u00fc Olarak Din \/ 5. Sanat \/ 6. Devrimci Teori ve Devrimci Hareket 332 Sonu\u00e7 \ufffcTan\u0131t\u0131m Metni<\/p>\n","protected":false},"excerpt":{"rendered":"<p>\u0130\u00e7indekiler Diyalektik Materyalizm 11 Birinci B\u00f6l\u00fcm. &#8211; Felsefenin Temel Sorunu 1. Sorunun \u00d6z\u00fc \/ 2. \u0130nan m\u0131, Yoksa Bilgi mi? \/ 3. \u00d6znel \u0130dealizm Kar\u015f\u0131s\u0131nda Materyalizm<span class=\"excerpt-hellip\"> [\u2026]<\/span><\/p>\n","protected":false},"featured_media":0,"template":"","meta":{"_monsterinsights_skip_tracking":false,"_monsterinsights_sitenote_active":false,"_monsterinsights_sitenote_note":"","_monsterinsights_sitenote_category":0},"product_brand":[],"product_cat":[12388,13555],"product_tag":[],"class_list":{"0":"post-694909","1":"product","2":"type-product","3":"status-publish","5":"product_cat-felsefe","6":"product_cat-genel-felsefe","7":"pa_cilt-ciltsiz","8":"pa_tur-kitap","9":"pa_yayinevi-sol-yayinlari","10":"pa_yazar-rakitov","12":"first","13":"instock","14":"sale","15":"shipping-taxable","16":"purchasable","17":"product-type-simple"},"_links":{"self":[{"href":"https:\/\/roveyayinevi.com.tr\/index.php\/wp-json\/wp\/v2\/product\/694909","targetHints":{"allow":["GET"]}}],"collection":[{"href":"https:\/\/roveyayinevi.com.tr\/index.php\/wp-json\/wp\/v2\/product"}],"about":[{"href":"https:\/\/roveyayinevi.com.tr\/index.php\/wp-json\/wp\/v2\/types\/product"}],"wp:attachment":[{"href":"https:\/\/roveyayinevi.com.tr\/index.php\/wp-json\/wp\/v2\/media?parent=694909"}],"wp:term":[{"taxonomy":"product_brand","embeddable":true,"href":"https:\/\/roveyayinevi.com.tr\/index.php\/wp-json\/wp\/v2\/product_brand?post=694909"},{"taxonomy":"product_cat","embeddable":true,"href":"https:\/\/roveyayinevi.com.tr\/index.php\/wp-json\/wp\/v2\/product_cat?post=694909"},{"taxonomy":"product_tag","embeddable":true,"href":"https:\/\/roveyayinevi.com.tr\/index.php\/wp-json\/wp\/v2\/product_tag?post=694909"}],"curies":[{"name":"wp","href":"https:\/\/api.w.org\/{rel}","templated":true}]}}