{"id":694902,"date":"2025-08-27T14:24:29","date_gmt":"2025-08-27T11:24:29","guid":{"rendered":"https:\/\/roveyayinevi.com.tr\/index.php\/urun\/aristoteles-butun-yapitlari-5-nikomakhosa-etik\/"},"modified":"2026-04-16T02:04:58","modified_gmt":"2026-04-15T23:04:58","slug":"aristoteles-butun-yapitlari-5-nikomakhosa-etik","status":"publish","type":"product","link":"https:\/\/roveyayinevi.com.tr\/index.php\/urun\/aristoteles-butun-yapitlari-5-nikomakhosa-etik\/","title":{"rendered":"Aristoteles B\u00fct\u00fcn Yap\u0131tlar\u0131 5 &#8211; Nikomakhos&#8217;a Etik"},"content":{"rendered":"<p>Aristoteles, Antik\u00e7a\u011f felsefesinin en \u00f6nde gelen filozofudur. Benzer d\u00fczeyde bir felsefeye \u0130lk\u00e7a\u011fda sadece Platon\u2019un eri\u015febildi\u011fi kabul edilir. Antik\u00e7a\u011fa damgas\u0131n\u0131 vurmu\u015f olan Aristoteles, pek \u00e7oklar\u0131na g\u00f6re t\u00fcm \u00e7a\u011flar\u0131n en b\u00fcy\u00fck birka\u00e7 filozofundan biridir. Bilim ve felsefede onun ba\u015farm\u0131\u015f olduklar\u0131yla rekabet etme \u00fcmidi besleyebilen insan say\u0131s\u0131n\u0131n bir elin parmaklar\u0131n\u0131 ge\u00e7medi\u011fi hemen herkes taraf\u0131ndan kabul edilir.Aristoteles, mant\u0131k, do\u011fabilimleri, metafizik, psikoloji, etik ve siyaset felsefesi gibi pek \u00e7ok alanda eser vermi\u015ftir. \u201cAristoteles k\u00fclliyat\u0131\u201d olarak ge\u00e7en, \u00f6zg\u00fcn haliyle Grek\u00e7e 1462 sayfadan olu\u015fan eserler b\u00fct\u00fcn\u00fc, derslerinin, kendisi ya da \u00f6\u011frencileri taraf\u0131ndan tutulmu\u015f notlar\u0131ndan olu\u015fur.Aristoteles\u2019in, o\u011fullar\u0131ndan biri olan Nikomakhos\u2019a ithafen kaleme ald\u0131\u011f\u0131 Nikomakhos\u2019a Etik, 10 b\u00f6l\u00fcmden olu\u015fmaktad\u0131r. Aristoteles bu kitapta, iyinin ve iyinin amac\u0131 olan mutlulu\u011fun ne oldu\u011fundan, karakter ve d\u00fc\u015f\u00fcnce erdemlerinden bahseder. Bunlar\u0131n duygular\u0131m\u0131zla ve eylemlerimizle ba\u011flant\u0131l\u0131 oldu\u011funu ileri s\u00fcrer. Erdemler aras\u0131ndan \u00f6zellikle c\u00f6mertlik ve adalet \u00fczerine vurgu yapar. Erdeme yakla\u015fmak, ayn\u0131 zamanda erdemsizli\u011fe yol a\u00e7acak k\u00f6t\u00fc al\u0131\u015fkanl\u0131klardan uzak durmay\u0131 gerektirdi\u011finden bunlar\u0131n da incelenmesi gerekti\u011fini \u00f6nerir. Erdemden ayr\u0131 d\u00fc\u015f\u00fcn\u00fclemeyecek olan dostluk ve nihai olarak yararl\u0131 ve yarars\u0131z hazlar\u0131n ele al\u0131nmas\u0131yla kitap tamamlan\u0131r.Toplumsal bir etik anlay\u0131\u015f\u0131na sahip olan Aristoteles, eti\u011fi \u201cen y\u00fcce bilim\u201d \u015feklinde de\u011ferlendirdi\u011fi politikan\u0131n bir alt alan\u0131 olarak g\u00f6rmektedir. <\/p>\n","protected":false},"excerpt":{"rendered":"<p>Aristoteles, Antik\u00e7a\u011f felsefesinin en \u00f6nde gelen filozofudur. Benzer d\u00fczeyde bir felsefeye \u0130lk\u00e7a\u011fda sadece Platon\u2019un eri\u015febildi\u011fi kabul edilir. Antik\u00e7a\u011fa damgas\u0131n\u0131 vurmu\u015f olan Aristoteles, pek \u00e7oklar\u0131na g\u00f6re t\u00fcm<span class=\"excerpt-hellip\"> [\u2026]<\/span><\/p>\n","protected":false},"featured_media":0,"template":"","meta":{"_monsterinsights_skip_tracking":false,"_monsterinsights_sitenote_active":false,"_monsterinsights_sitenote_note":"","_monsterinsights_sitenote_category":0},"product_brand":[],"product_cat":[12389,12388],"product_tag":[],"class_list":{"0":"post-694902","1":"product","2":"type-product","3":"status-publish","5":"product_cat-diger-felsefe","6":"product_cat-felsefe","7":"pa_cilt-ciltsiz","8":"pa_tur-kitap","9":"pa_yayinevi-say-yayinlari","10":"pa_yazar-aristoteles","12":"first","13":"instock","14":"sale","15":"shipping-taxable","16":"purchasable","17":"product-type-simple"},"_links":{"self":[{"href":"https:\/\/roveyayinevi.com.tr\/index.php\/wp-json\/wp\/v2\/product\/694902","targetHints":{"allow":["GET"]}}],"collection":[{"href":"https:\/\/roveyayinevi.com.tr\/index.php\/wp-json\/wp\/v2\/product"}],"about":[{"href":"https:\/\/roveyayinevi.com.tr\/index.php\/wp-json\/wp\/v2\/types\/product"}],"wp:attachment":[{"href":"https:\/\/roveyayinevi.com.tr\/index.php\/wp-json\/wp\/v2\/media?parent=694902"}],"wp:term":[{"taxonomy":"product_brand","embeddable":true,"href":"https:\/\/roveyayinevi.com.tr\/index.php\/wp-json\/wp\/v2\/product_brand?post=694902"},{"taxonomy":"product_cat","embeddable":true,"href":"https:\/\/roveyayinevi.com.tr\/index.php\/wp-json\/wp\/v2\/product_cat?post=694902"},{"taxonomy":"product_tag","embeddable":true,"href":"https:\/\/roveyayinevi.com.tr\/index.php\/wp-json\/wp\/v2\/product_tag?post=694902"}],"curies":[{"name":"wp","href":"https:\/\/api.w.org\/{rel}","templated":true}]}}