{"id":694900,"date":"2025-08-27T14:24:28","date_gmt":"2025-08-27T11:24:28","guid":{"rendered":"https:\/\/roveyayinevi.com.tr\/index.php\/urun\/secilmis-metinler\/"},"modified":"2026-04-16T02:04:58","modified_gmt":"2026-04-15T23:04:58","slug":"secilmis-metinler","status":"publish","type":"product","link":"https:\/\/roveyayinevi.com.tr\/index.php\/urun\/secilmis-metinler\/","title":{"rendered":"Se\u00e7ilmi\u015f Metinler"},"content":{"rendered":"<p>Kendisi taraf\u0131ndan \u00f6zenle se\u00e7ilmi\u015f \u00e7e\u015fitli m\u00fclakat ve sunumlar\u0131n derlemesinden olu\u015fan bu kitapta Bourdieu, teorisini a\u00e7\u0131ml\u0131yor, fikri ve sosyal y\u00f6r\u00fcngesini hat\u0131rlat\u0131yor ve hangi kavramla ne demek istedi\u011fini, hangi noktalar\u0131n yanl\u0131\u015f anla\u015f\u0131ld\u0131\u011f\u0131n\u0131 titizlikle ortaya koyuyor. Bu kitap asl\u0131nda bir davettir; Bourdieu ve teorisiyle bir diyaloga davettir. Kitaptaki metinlerin ekseriyetinde hissedilebilen s\u00f6zl\u00fc sunumun dili, okurla yazar aras\u0131nda samimi ve do\u011frudan bir ili\u015fkinin kurulmas\u0131na imk\u00e2n tan\u0131yor ve arg\u00fcmanlara a\u00e7\u0131kl\u0131k ve sadelik kazand\u0131r\u0131yor. Asl\u0131nda, kapsaml\u0131 ve derin bir teorinin, fiiliyattaki i\u015fleyi\u015fine tan\u0131kl\u0131\u011fa \u00e7a\u011f\u0131rmaktad\u0131r bizi Bourdieu. Bilimsel bir makalenin retorik ve akademik so\u011fuklu\u011fundan \u00e7ok uzaklarda, canl\u0131 ve ya\u015fayan bir tefekk\u00fcr\u00fcn, s\u00f6zl\u00fc ileti\u015fimin b\u00fct\u00fcn a\u00e7\u0131kl\u0131\u011f\u0131 ve s\u0131cakl\u0131\u011f\u0131nda kendini okura samimiyetle sunmas\u0131d\u0131r s\u00f6z konusu olan. Bourdieu d\u00fc\u015f\u00fcncesini b\u00fct\u00fcn k\u0131vr\u0131mlar\u0131nda, dehlizlerinde ve yol ayr\u0131mlar\u0131nda ke\u015ffetmek isteyenlere duyurulur. Davet Bourdieu&#8217;den, icabet sizden&#8230; <\/p>\n","protected":false},"excerpt":{"rendered":"<p>Kendisi taraf\u0131ndan \u00f6zenle se\u00e7ilmi\u015f \u00e7e\u015fitli m\u00fclakat ve sunumlar\u0131n derlemesinden olu\u015fan bu kitapta Bourdieu, teorisini a\u00e7\u0131ml\u0131yor, fikri ve sosyal y\u00f6r\u00fcngesini hat\u0131rlat\u0131yor ve hangi kavramla ne demek istedi\u011fini,<span class=\"excerpt-hellip\"> [\u2026]<\/span><\/p>\n","protected":false},"featured_media":0,"template":"","meta":{"_monsterinsights_skip_tracking":false,"_monsterinsights_sitenote_active":false,"_monsterinsights_sitenote_note":"","_monsterinsights_sitenote_category":0},"product_brand":[],"product_cat":[13072,12291],"product_tag":[],"class_list":{"0":"post-694900","1":"product","2":"type-product","3":"status-publish","5":"product_cat-arastirma-inceleme-referans","6":"product_cat-edebiyat","7":"pa_cilt-ciltsiz","8":"pa_tur-kitap","9":"pa_yayinevi-heretik-yayincilik","10":"pa_yazar-pierre-bourdieu","12":"first","13":"instock","14":"sale","15":"shipping-taxable","16":"purchasable","17":"product-type-simple"},"_links":{"self":[{"href":"https:\/\/roveyayinevi.com.tr\/index.php\/wp-json\/wp\/v2\/product\/694900","targetHints":{"allow":["GET"]}}],"collection":[{"href":"https:\/\/roveyayinevi.com.tr\/index.php\/wp-json\/wp\/v2\/product"}],"about":[{"href":"https:\/\/roveyayinevi.com.tr\/index.php\/wp-json\/wp\/v2\/types\/product"}],"wp:attachment":[{"href":"https:\/\/roveyayinevi.com.tr\/index.php\/wp-json\/wp\/v2\/media?parent=694900"}],"wp:term":[{"taxonomy":"product_brand","embeddable":true,"href":"https:\/\/roveyayinevi.com.tr\/index.php\/wp-json\/wp\/v2\/product_brand?post=694900"},{"taxonomy":"product_cat","embeddable":true,"href":"https:\/\/roveyayinevi.com.tr\/index.php\/wp-json\/wp\/v2\/product_cat?post=694900"},{"taxonomy":"product_tag","embeddable":true,"href":"https:\/\/roveyayinevi.com.tr\/index.php\/wp-json\/wp\/v2\/product_tag?post=694900"}],"curies":[{"name":"wp","href":"https:\/\/api.w.org\/{rel}","templated":true}]}}