{"id":694898,"date":"2025-08-27T14:24:28","date_gmt":"2025-08-27T11:24:28","guid":{"rendered":"https:\/\/roveyayinevi.com.tr\/index.php\/urun\/allah-kuran-dua-iman\/"},"modified":"2026-04-16T02:04:58","modified_gmt":"2026-04-15T23:04:58","slug":"allah-kuran-dua-iman","status":"publish","type":"product","link":"https:\/\/roveyayinevi.com.tr\/index.php\/urun\/allah-kuran-dua-iman\/","title":{"rendered":"Allah, Kur&#8217;an, Dua, \u0130man"},"content":{"rendered":"<p>Kaynak Yay\u0131nlar\u0131, bir derleme yaparak ayd\u0131nlanma yolumuzda bir kilometre ta\u015f\u0131 olan Kur&#8217;an Ansiklopedisi&#8217;nin \u00f6nemli maddelerini yeniden okurlara sunmaktad\u0131r. Bu kitap, ansiklopedinin Allah, Kur&#8217;an, Dua ve \u0130man maddelerinden olu\u015fmaktad\u0131r. Bu eserde bug\u00fcne kadar Turan Dursun&#8217;un Allah, Kur&#8217;an, Dua ve \u0130man konusunda kaleme ald\u0131\u011f\u0131 b\u00fct\u00fcn yaz\u0131lar\u0131 bir araya getirildi. \ufffcTan\u0131t\u0131m Metni<\/p>\n","protected":false},"excerpt":{"rendered":"<p>Kaynak Yay\u0131nlar\u0131, bir derleme yaparak ayd\u0131nlanma yolumuzda bir kilometre ta\u015f\u0131 olan Kur&#8217;an Ansiklopedisi&#8217;nin \u00f6nemli maddelerini yeniden okurlara sunmaktad\u0131r. Bu kitap, ansiklopedinin Allah, Kur&#8217;an, Dua ve \u0130man<span class=\"excerpt-hellip\"> [\u2026]<\/span><\/p>\n","protected":false},"featured_media":0,"template":"","meta":{"_monsterinsights_skip_tracking":false,"_monsterinsights_sitenote_active":false,"_monsterinsights_sitenote_note":"","_monsterinsights_sitenote_category":0},"product_brand":[],"product_cat":[12718,12719,22508],"product_tag":[],"class_list":{"0":"post-694898","1":"product","2":"type-product","3":"status-publish","5":"product_cat-din","6":"product_cat-islam","7":"product_cat-islam-egitimi","8":"pa_tur-kitap","9":"pa_yayinevi-kaynak-yayinlari","10":"pa_yazar-turan-dursun","12":"first","13":"instock","14":"sale","15":"shipping-taxable","16":"purchasable","17":"product-type-simple"},"_links":{"self":[{"href":"https:\/\/roveyayinevi.com.tr\/index.php\/wp-json\/wp\/v2\/product\/694898","targetHints":{"allow":["GET"]}}],"collection":[{"href":"https:\/\/roveyayinevi.com.tr\/index.php\/wp-json\/wp\/v2\/product"}],"about":[{"href":"https:\/\/roveyayinevi.com.tr\/index.php\/wp-json\/wp\/v2\/types\/product"}],"wp:attachment":[{"href":"https:\/\/roveyayinevi.com.tr\/index.php\/wp-json\/wp\/v2\/media?parent=694898"}],"wp:term":[{"taxonomy":"product_brand","embeddable":true,"href":"https:\/\/roveyayinevi.com.tr\/index.php\/wp-json\/wp\/v2\/product_brand?post=694898"},{"taxonomy":"product_cat","embeddable":true,"href":"https:\/\/roveyayinevi.com.tr\/index.php\/wp-json\/wp\/v2\/product_cat?post=694898"},{"taxonomy":"product_tag","embeddable":true,"href":"https:\/\/roveyayinevi.com.tr\/index.php\/wp-json\/wp\/v2\/product_tag?post=694898"}],"curies":[{"name":"wp","href":"https:\/\/api.w.org\/{rel}","templated":true}]}}