{"id":694895,"date":"2025-08-27T14:24:27","date_gmt":"2025-08-27T11:24:27","guid":{"rendered":"https:\/\/roveyayinevi.com.tr\/index.php\/urun\/aralik-bilgisi\/"},"modified":"2026-04-16T02:04:58","modified_gmt":"2026-04-15T23:04:58","slug":"aralik-bilgisi","status":"publish","type":"product","link":"https:\/\/roveyayinevi.com.tr\/index.php\/urun\/aralik-bilgisi\/","title":{"rendered":"Aral\u0131k Bilgisi"},"content":{"rendered":"<p>Kitap, seslerin aral\u0131klar\u0131n\u0131 \u00f6\u011freten bir defter-kitap \u00f6zelli\u011findedir.Oku &#8211; G\u00f6r &#8211; Yap &#8211; \u00d6\u011fren &#8211; Denetle y\u00f6ntemiyle yaz\u0131lm\u0131\u015ft\u0131r.Konservatuvarlarda, m\u00fczik \u00f6\u011fretmeni yeti\u015ftiren \u00fcniversitelerde, Anadolu G\u00fczel Sanatlar Lisesi M\u00fczik b\u00f6l\u00fcmlerinde, \u00f6\u011fretmenin ve \u00f6\u011frencinin i\u015fini kolayla\u015ft\u0131ran bir el kitab\u0131 olarak tasarlanm\u0131\u015ft\u0131r. <\/p>\n","protected":false},"excerpt":{"rendered":"<p>Kitap, seslerin aral\u0131klar\u0131n\u0131 \u00f6\u011freten bir defter-kitap \u00f6zelli\u011findedir.Oku &#8211; G\u00f6r &#8211; Yap &#8211; \u00d6\u011fren &#8211; Denetle y\u00f6ntemiyle yaz\u0131lm\u0131\u015ft\u0131r.Konservatuvarlarda, m\u00fczik \u00f6\u011fretmeni yeti\u015ftiren \u00fcniversitelerde, Anadolu G\u00fczel Sanatlar Lisesi M\u00fczik<span class=\"excerpt-hellip\"> [\u2026]<\/span><\/p>\n","protected":false},"featured_media":0,"template":"","meta":{"_monsterinsights_skip_tracking":false,"_monsterinsights_sitenote_active":false,"_monsterinsights_sitenote_note":"","_monsterinsights_sitenote_category":0},"product_brand":[],"product_cat":[14556,20810],"product_tag":[],"class_list":{"0":"post-694895","1":"product","2":"type-product","3":"status-publish","5":"product_cat-muzik","6":"product_cat-ogrenim-kitaplari","7":"pa_cilt-ciltsiz","8":"pa_tur-kitap","9":"pa_yayinevi-sun-yayinevi","10":"pa_yazar-muammer-sun","12":"first","13":"instock","14":"sale","15":"shipping-taxable","16":"purchasable","17":"product-type-simple"},"_links":{"self":[{"href":"https:\/\/roveyayinevi.com.tr\/index.php\/wp-json\/wp\/v2\/product\/694895","targetHints":{"allow":["GET"]}}],"collection":[{"href":"https:\/\/roveyayinevi.com.tr\/index.php\/wp-json\/wp\/v2\/product"}],"about":[{"href":"https:\/\/roveyayinevi.com.tr\/index.php\/wp-json\/wp\/v2\/types\/product"}],"wp:attachment":[{"href":"https:\/\/roveyayinevi.com.tr\/index.php\/wp-json\/wp\/v2\/media?parent=694895"}],"wp:term":[{"taxonomy":"product_brand","embeddable":true,"href":"https:\/\/roveyayinevi.com.tr\/index.php\/wp-json\/wp\/v2\/product_brand?post=694895"},{"taxonomy":"product_cat","embeddable":true,"href":"https:\/\/roveyayinevi.com.tr\/index.php\/wp-json\/wp\/v2\/product_cat?post=694895"},{"taxonomy":"product_tag","embeddable":true,"href":"https:\/\/roveyayinevi.com.tr\/index.php\/wp-json\/wp\/v2\/product_tag?post=694895"}],"curies":[{"name":"wp","href":"https:\/\/api.w.org\/{rel}","templated":true}]}}