{"id":694888,"date":"2025-08-27T14:24:25","date_gmt":"2025-08-27T11:24:25","guid":{"rendered":"https:\/\/roveyayinevi.com.tr\/index.php\/urun\/hayalperest\/"},"modified":"2026-04-16T02:04:58","modified_gmt":"2026-04-15T23:04:58","slug":"hayalperest","status":"publish","type":"product","link":"https:\/\/roveyayinevi.com.tr\/index.php\/urun\/hayalperest\/","title":{"rendered":"Hayalperest"},"content":{"rendered":"<p>\u015eilili usta \u015fair Pablo Neruda\u2019n\u0131n hayat\u0131ndan yola \u00e7\u0131k\u0131larak kurgulanm\u0131\u015f nefis bir \u00e7ocukluk \u00f6yk\u00fcs\u00fc\u2026Neftali, \u00e7ocuklu\u011fundan beri gizemli bir sesin \u00e7a\u011fr\u0131s\u0131n\u0131 i\u015fitiyordu. Mahallesindeki \u00e7ocuklar sata\u015ft\u0131\u011f\u0131nda, dedi\u011fim dedik babas\u0131 onunla dalga ge\u00e7ti\u011finde ve hatta kendinden \u015f\u00fcphe etti\u011finde bile bu \u00e7a\u011fr\u0131y\u0131 duymazdan gelemiyordu. G\u00fcr \u00e7am ormanlar\u0131nda, engin ve korkutucu okyanusun k\u0131y\u0131s\u0131nda, dinmek bilmeyen \u015eili ya\u011fmurunda, daima bu sesi i\u015fitir ve takip ederdi. Biyografi, \u015fiir ve \u00f6yk\u00fcn\u00fcn ustaca harmanland\u0131\u011f\u0131 bu kitapta, Pam Mu\u00f1oz Ryan ve Peter S\u00eds insan\u0131 al\u0131p g\u00f6t\u00fcren resimleri b\u00fcy\u00fcl\u00fc ger\u00e7ek\u00e7ilikle birle\u015ftirerek okurlar\u0131 insan kalbinin ve hayal g\u00fcc\u00fcn\u00fcn merkezine <\/p>\n","protected":false},"excerpt":{"rendered":"<p>\u015eilili usta \u015fair Pablo Neruda\u2019n\u0131n hayat\u0131ndan yola \u00e7\u0131k\u0131larak kurgulanm\u0131\u015f nefis bir \u00e7ocukluk \u00f6yk\u00fcs\u00fc\u2026Neftali, \u00e7ocuklu\u011fundan beri gizemli bir sesin \u00e7a\u011fr\u0131s\u0131n\u0131 i\u015fitiyordu. Mahallesindeki \u00e7ocuklar sata\u015ft\u0131\u011f\u0131nda, dedi\u011fim dedik babas\u0131<span class=\"excerpt-hellip\"> [\u2026]<\/span><\/p>\n","protected":false},"featured_media":0,"template":"","meta":{"_monsterinsights_skip_tracking":false,"_monsterinsights_sitenote_active":false,"_monsterinsights_sitenote_note":"","_monsterinsights_sitenote_category":0},"product_brand":[],"product_cat":[12291,15117],"product_tag":[],"class_list":{"0":"post-694888","1":"product","2":"type-product","3":"status-publish","5":"product_cat-edebiyat","6":"product_cat-genclik-edebiyati","7":"pa_cilt-ciltsiz","8":"pa_tur-kitap","9":"pa_yayinevi-ithaki-yayinlari","10":"pa_yazar-pam-munoz-ryan","12":"first","13":"instock","14":"sale","15":"shipping-taxable","16":"purchasable","17":"product-type-simple"},"_links":{"self":[{"href":"https:\/\/roveyayinevi.com.tr\/index.php\/wp-json\/wp\/v2\/product\/694888","targetHints":{"allow":["GET"]}}],"collection":[{"href":"https:\/\/roveyayinevi.com.tr\/index.php\/wp-json\/wp\/v2\/product"}],"about":[{"href":"https:\/\/roveyayinevi.com.tr\/index.php\/wp-json\/wp\/v2\/types\/product"}],"wp:attachment":[{"href":"https:\/\/roveyayinevi.com.tr\/index.php\/wp-json\/wp\/v2\/media?parent=694888"}],"wp:term":[{"taxonomy":"product_brand","embeddable":true,"href":"https:\/\/roveyayinevi.com.tr\/index.php\/wp-json\/wp\/v2\/product_brand?post=694888"},{"taxonomy":"product_cat","embeddable":true,"href":"https:\/\/roveyayinevi.com.tr\/index.php\/wp-json\/wp\/v2\/product_cat?post=694888"},{"taxonomy":"product_tag","embeddable":true,"href":"https:\/\/roveyayinevi.com.tr\/index.php\/wp-json\/wp\/v2\/product_tag?post=694888"}],"curies":[{"name":"wp","href":"https:\/\/api.w.org\/{rel}","templated":true}]}}