{"id":694883,"date":"2025-08-27T14:24:24","date_gmt":"2025-08-27T11:24:24","guid":{"rendered":"https:\/\/roveyayinevi.com.tr\/index.php\/urun\/mat-kartlari\/"},"modified":"2026-04-16T02:04:57","modified_gmt":"2026-04-15T23:04:57","slug":"mat-kartlari","status":"publish","type":"product","link":"https:\/\/roveyayinevi.com.tr\/index.php\/urun\/mat-kartlari\/","title":{"rendered":"Mat Kartlar\u0131"},"content":{"rendered":"<p>Dokuz kez T\u00fcrkiye Kad\u0131nlar \u015eampiyonu, 1993 y\u0131l\u0131nda ise WIM (Kad\u0131n Uluslararas\u0131 usta) unvan\u0131n\u0131 alan ve 21 y\u0131l boyunca satran\u00e7 milli tak\u0131m sporcusu (en uzun s\u00fcreli milli tak\u0131m kad\u0131n sporcusu) olan WIM Nil\u00fcfer \u00c7\u0131nar \u00c7orlulu&#8217;nun haz\u0131rlad\u0131\u011f\u0131 Mat Kartlar\u0131: Bir ve iki hamlede yap\u0131labilen Mat sorular\u0131n\u0131 i\u00e7ermektedir. Hamlede olan taraf\u0131n mat yapabilece\u011fi \u015fekilde haz\u0131rlanm\u0131\u015ft\u0131r. Sorular kartlara arkal\u0131 \u00f6nl\u00fc olarak yerle\u015ftirilmi\u015f olup, her kartta d\u00f6rt farkl\u0131 mat sorusu bulunmaktad\u0131r. \u00c7\u00f6z\u00fcm kartlar\u0131nda cevaplar\u0131 verilmi\u015ftir. <\/p>\n","protected":false},"excerpt":{"rendered":"<p>Dokuz kez T\u00fcrkiye Kad\u0131nlar \u015eampiyonu, 1993 y\u0131l\u0131nda ise WIM (Kad\u0131n Uluslararas\u0131 usta) unvan\u0131n\u0131 alan ve 21 y\u0131l boyunca satran\u00e7 milli tak\u0131m sporcusu (en uzun s\u00fcreli milli<span class=\"excerpt-hellip\"> [\u2026]<\/span><\/p>\n","protected":false},"featured_media":0,"template":"","meta":{"_monsterinsights_skip_tracking":false,"_monsterinsights_sitenote_active":false,"_monsterinsights_sitenote_note":"","_monsterinsights_sitenote_category":0},"product_brand":[],"product_cat":[15563,24020],"product_tag":[],"class_list":{"0":"post-694883","1":"product","2":"type-product","3":"status-publish","5":"product_cat-hobi","6":"product_cat-kultur","7":"pa_cilt-ciltsiz","8":"pa_tur-kitap10","9":"pa_yayinevi-delta-kultur-yayinevi","10":"pa_yazar-nilufer-cinar-corlulu","12":"first","13":"instock","14":"sale","15":"shipping-taxable","16":"purchasable","17":"product-type-simple"},"_links":{"self":[{"href":"https:\/\/roveyayinevi.com.tr\/index.php\/wp-json\/wp\/v2\/product\/694883","targetHints":{"allow":["GET"]}}],"collection":[{"href":"https:\/\/roveyayinevi.com.tr\/index.php\/wp-json\/wp\/v2\/product"}],"about":[{"href":"https:\/\/roveyayinevi.com.tr\/index.php\/wp-json\/wp\/v2\/types\/product"}],"wp:attachment":[{"href":"https:\/\/roveyayinevi.com.tr\/index.php\/wp-json\/wp\/v2\/media?parent=694883"}],"wp:term":[{"taxonomy":"product_brand","embeddable":true,"href":"https:\/\/roveyayinevi.com.tr\/index.php\/wp-json\/wp\/v2\/product_brand?post=694883"},{"taxonomy":"product_cat","embeddable":true,"href":"https:\/\/roveyayinevi.com.tr\/index.php\/wp-json\/wp\/v2\/product_cat?post=694883"},{"taxonomy":"product_tag","embeddable":true,"href":"https:\/\/roveyayinevi.com.tr\/index.php\/wp-json\/wp\/v2\/product_tag?post=694883"}],"curies":[{"name":"wp","href":"https:\/\/api.w.org\/{rel}","templated":true}]}}