{"id":694880,"date":"2025-08-27T14:24:24","date_gmt":"2025-08-27T11:24:24","guid":{"rendered":"https:\/\/roveyayinevi.com.tr\/index.php\/urun\/1521-yoneticinin-beslenme-cantasi\/"},"modified":"2026-04-16T02:04:57","modified_gmt":"2026-04-15T23:04:57","slug":"1521-yoneticinin-beslenme-cantasi","status":"publish","type":"product","link":"https:\/\/roveyayinevi.com.tr\/index.php\/urun\/1521-yoneticinin-beslenme-cantasi\/","title":{"rendered":"15:21 Y\u00f6neticinin Beslenme \u00c7antas\u0131"},"content":{"rendered":"<p>Tanyer S\u00f6nmezer hi\u00e7 mesle\u011fini yapmam\u0131\u015f bir ODT\u00dc Makina M\u00fchendisli\u011fi, mezunudur. Bir MBA ve bir Pazarlama Y\u00fcksek Lisans\u0131 \u00fczerine Harvard Business School da y\u00f6netim kurullar\u0131n\u0131n etkin y\u00f6netimi \u00fczerine okusa da, hayat\u0131 Lunaparkta \u00e7al\u0131\u015f\u0131rken \u00f6\u011frenmi\u015f bir dan\u0131\u015fmand\u0131r. Y\u00f6netici, a\u015f\u00e7\u0131, sihirbaz, pilot, konferans konu\u015fmac\u0131s\u0131 rollerini saymazsak sevdikleri i\u00e7in s\u0131radan bir Kahraman olmay\u0131 tercih eder. S\u00f6nmezer, Management Center T\u00fcrkiye&#8217;nin (MCT) Genel M\u00fcd\u00fcrl\u00fc\u011f\u00fcn\u00fc yapmaktad\u0131r. <\/p>\n","protected":false},"excerpt":{"rendered":"<p>Tanyer S\u00f6nmezer hi\u00e7 mesle\u011fini yapmam\u0131\u015f bir ODT\u00dc Makina M\u00fchendisli\u011fi, mezunudur. Bir MBA ve bir Pazarlama Y\u00fcksek Lisans\u0131 \u00fczerine Harvard Business School da y\u00f6netim kurullar\u0131n\u0131n etkin y\u00f6netimi<span class=\"excerpt-hellip\"> [\u2026]<\/span><\/p>\n","protected":false},"featured_media":0,"template":"","meta":{"_monsterinsights_skip_tracking":false,"_monsterinsights_sitenote_active":false,"_monsterinsights_sitenote_note":"","_monsterinsights_sitenote_category":0},"product_brand":[],"product_cat":[13043,14754],"product_tag":[],"class_list":{"0":"post-694880","1":"product","2":"type-product","3":"status-publish","5":"product_cat-ekonomi","6":"product_cat-halkla-iliskiler-insan-kaynaklari","7":"pa_tur-kitap","8":"pa_yayinevi-okuyan-us-yayin","9":"pa_yazar-tanyer-sonmezer","11":"first","12":"instock","13":"sale","14":"shipping-taxable","15":"purchasable","16":"product-type-simple"},"_links":{"self":[{"href":"https:\/\/roveyayinevi.com.tr\/index.php\/wp-json\/wp\/v2\/product\/694880","targetHints":{"allow":["GET"]}}],"collection":[{"href":"https:\/\/roveyayinevi.com.tr\/index.php\/wp-json\/wp\/v2\/product"}],"about":[{"href":"https:\/\/roveyayinevi.com.tr\/index.php\/wp-json\/wp\/v2\/types\/product"}],"wp:attachment":[{"href":"https:\/\/roveyayinevi.com.tr\/index.php\/wp-json\/wp\/v2\/media?parent=694880"}],"wp:term":[{"taxonomy":"product_brand","embeddable":true,"href":"https:\/\/roveyayinevi.com.tr\/index.php\/wp-json\/wp\/v2\/product_brand?post=694880"},{"taxonomy":"product_cat","embeddable":true,"href":"https:\/\/roveyayinevi.com.tr\/index.php\/wp-json\/wp\/v2\/product_cat?post=694880"},{"taxonomy":"product_tag","embeddable":true,"href":"https:\/\/roveyayinevi.com.tr\/index.php\/wp-json\/wp\/v2\/product_tag?post=694880"}],"curies":[{"name":"wp","href":"https:\/\/api.w.org\/{rel}","templated":true}]}}