{"id":694879,"date":"2025-08-27T14:24:23","date_gmt":"2025-08-27T11:24:23","guid":{"rendered":"https:\/\/roveyayinevi.com.tr\/index.php\/urun\/oxford-islam-sozlugu\/"},"modified":"2026-04-16T02:04:57","modified_gmt":"2026-04-15T23:04:57","slug":"oxford-islam-sozlugu","status":"publish","type":"product","link":"https:\/\/roveyayinevi.com.tr\/index.php\/urun\/oxford-islam-sozlugu\/","title":{"rendered":"Oxford \u0130slam S\u00f6zl\u00fc\u011f\u00fc"},"content":{"rendered":"<p>Oxford \u00dcniversitesi Yay\u0131nevi taraf\u0131ndan bas\u0131lan Oxford \u0130slam S\u00f6zl\u00fc\u011f\u00fc, din, politika, toplum ve k\u00fclt\u00fcr alan\u0131nda s\u0131k s\u0131k kullan\u0131lan kavramlar\u0131 ve adlar\u0131 i\u00e7eriyor ve okurun fazla zaman ay\u0131rmadan okuyabilece\u011fi k\u0131sa notlarla, m\u00fcmk\u00fcn oldu\u011funca fazla say\u0131da maddeye yer veriyor.Ba\u015fl\u0131k konular\u0131, Taliban\u2019dan Hamas\u2019a, S\u00fcnn\u00ee\u0131likten Nusayr\u00ee\u0131lere, Necip Mahfuz\u2019dan Malcolm X\u2019e, Mutezile\u2019den Said Nurs\u00ee\u0131\u2019ye uzanan bir \u00e7er\u00e7evede pek \u00e7ok politikac\u0131y\u0131, sanat\u00e7\u0131y\u0131 ve bilim insan\u0131n\u0131 kaps\u0131yor.Siyasi ve tarihsel olaylara de\u011finmenin yan\u0131 s\u0131ra, evrim teorisi, k\u00fcrtaj ve hicab (\u00f6rt\u00fcnme) gibi tart\u0131\u015fmal\u0131 konular hakk\u0131nda da bilgi veriyor.John L. Esposito gibi \u00f6nemli bir akademisyen taraf\u0131ndan haz\u0131rlanan Oxford \u0130slam S\u00f6zl\u00fc\u011f\u00fc, y\u00fczden fazla akademisyenin ve uzman\u0131n kat\u0131l\u0131m\u0131yla kaleme al\u0131nd\u0131. Ayr\u0131ca ba\u015fl\u0131klar\u0131n tamam\u0131 geni\u015f kat\u0131l\u0131ml\u0131 bir kurul taraf\u0131ndan belirlendi.2000\u2019den fazla ba\u015fl\u0131\u011f\u0131, bir el kitab\u0131 \u00f6l\u00e7\u00fcs\u00fcnde k\u0131sa tan\u0131mlarla okura sunarken, konulara dair b\u00fct\u00fcn ayr\u0131nt\u0131 ve yorumlar\u0131 sunmak m\u00fcmk\u00fcn olamaz elbette. Ancak bir ansiklopediden beklenecek detayl\u0131 bilgiler yerine, k\u0131sa a\u00e7\u0131klamalar sunma yolunu se\u00e7en Oxford \u0130slam S\u00f6zl\u00fc\u011f\u00fc, bu sayede, m\u00fcmk\u00fcn oldu\u011funca fazla konuyu tek bir kitapta toparlamay\u0131 ba\u015far\u0131yor.Sadece ara\u015ft\u0131rmac\u0131lar\u0131n veya dine merak duyanlar\u0131n de\u011fil, bu konular\u0131n \u00fclkemizin g\u00fcndemine fazlas\u0131yla yerle\u015fti\u011fi bir d\u00f6nemde, herkesin ba\u015fucunda bulunmas\u0131 gereken \u00f6nemli bir eser, zengin bir ba\u015fvuru kayna\u011f\u0131. <\/p>\n","protected":false},"excerpt":{"rendered":"<p>Oxford \u00dcniversitesi Yay\u0131nevi taraf\u0131ndan bas\u0131lan Oxford \u0130slam S\u00f6zl\u00fc\u011f\u00fc, din, politika, toplum ve k\u00fclt\u00fcr alan\u0131nda s\u0131k s\u0131k kullan\u0131lan kavramlar\u0131 ve adlar\u0131 i\u00e7eriyor ve okurun fazla zaman ay\u0131rmadan<span class=\"excerpt-hellip\"> [\u2026]<\/span><\/p>\n","protected":false},"featured_media":0,"template":"","meta":{"_monsterinsights_skip_tracking":false,"_monsterinsights_sitenote_active":false,"_monsterinsights_sitenote_note":"","_monsterinsights_sitenote_category":0},"product_brand":[],"product_cat":[12274,14573],"product_tag":[],"class_list":{"0":"post-694879","1":"product","2":"type-product","3":"status-publish","5":"product_cat-cocuk-ve-genclik-kitaplari","6":"product_cat-referans-kitaplar-cocuk-ve-genclik-kitaplari","7":"pa_cilt-ciltsiz","8":"pa_tur-kitap","9":"pa_yayinevi-ayrinti-yayinlari","10":"pa_yazar-john-l-esposito","12":"first","13":"instock","14":"sale","15":"shipping-taxable","16":"purchasable","17":"product-type-simple"},"_links":{"self":[{"href":"https:\/\/roveyayinevi.com.tr\/index.php\/wp-json\/wp\/v2\/product\/694879","targetHints":{"allow":["GET"]}}],"collection":[{"href":"https:\/\/roveyayinevi.com.tr\/index.php\/wp-json\/wp\/v2\/product"}],"about":[{"href":"https:\/\/roveyayinevi.com.tr\/index.php\/wp-json\/wp\/v2\/types\/product"}],"wp:attachment":[{"href":"https:\/\/roveyayinevi.com.tr\/index.php\/wp-json\/wp\/v2\/media?parent=694879"}],"wp:term":[{"taxonomy":"product_brand","embeddable":true,"href":"https:\/\/roveyayinevi.com.tr\/index.php\/wp-json\/wp\/v2\/product_brand?post=694879"},{"taxonomy":"product_cat","embeddable":true,"href":"https:\/\/roveyayinevi.com.tr\/index.php\/wp-json\/wp\/v2\/product_cat?post=694879"},{"taxonomy":"product_tag","embeddable":true,"href":"https:\/\/roveyayinevi.com.tr\/index.php\/wp-json\/wp\/v2\/product_tag?post=694879"}],"curies":[{"name":"wp","href":"https:\/\/api.w.org\/{rel}","templated":true}]}}