{"id":694876,"date":"2025-08-27T14:24:23","date_gmt":"2025-08-27T11:24:23","guid":{"rendered":"https:\/\/roveyayinevi.com.tr\/index.php\/urun\/divanimdaki-erkekler\/"},"modified":"2026-04-16T02:04:57","modified_gmt":"2026-04-15T23:04:57","slug":"divanimdaki-erkekler","status":"publish","type":"product","link":"https:\/\/roveyayinevi.com.tr\/index.php\/urun\/divanimdaki-erkekler\/","title":{"rendered":"Divan\u0131mdaki Erkekler"},"content":{"rendered":"<p>Seks, nadiren sadece sekstir!.. \u015eu anda, klinik psikolog Dr. Brandy Engler&#8217;in muayenehanesindeyiz. O bir seks tera-pisti. Divan\u0131na kad\u0131nlar\u0131n uzanaca\u011f\u0131n\u0131 ve onlar\u0131n cinsel sorunlar\u0131na \u00e7are bulaca\u011f\u0131n\u0131 umarken bir dizi erke\u011fi kar\u015f\u0131s\u0131nda bulan. David, Alex, Paul, Charles, Casey, Mark, Bill ve di\u011ferleri\u2026 Bunlar kitap boyunca ad\u0131 ge\u00e7en, sorunlar\u0131na ve en mahrem s\u0131rlar\u0131na ortak olaca\u011f\u0131m\u0131z hastalar\u0131 doktorun. \u0130simleri bize yabanc\u0131 gelebilir belki ama onlar hayat\u0131n her an\u0131nda kar\u015f\u0131m\u0131zda, yan\u0131m\u0131zda veya yata\u011f\u0131m\u0131zda olabilecek erkeklerden \u00f6yle pek de farkl\u0131 de\u011filler. Engler&#8217;in divan\u0131ndaki bu erkekleri farkl\u0131 k\u0131lan, kendi bildik y\u00f6ntemleriyle \u00e7\u00f6zemedikleri cinsel sorunlar\u0131na uzman bir hekimin divan\u0131na uzanarak \u00e7\u00f6z\u00fcm arama cesaretini g\u00f6stermeleri&#8230;  &#8220;Seks yaln\u0131zca seks midir?&#8221;, &#8220;Seks, kad\u0131n ve erkek i\u00e7in ne ifade eder?&#8221;, &#8220;A\u015fk ve cin-sellik ayr\u0131 d\u00fcnyalar\u0131n olgular\u0131 m\u0131d\u0131r?&#8221;, &#8220;Kad\u0131nlar erke\u011fi a\u015fk nesnesi haline getirirken erkekler neden kad\u0131nlar\u0131 seks nesnesine d\u00f6n\u00fc\u015ft\u00fcr\u00fcr?&#8221; Bunlar gibi daha pek \u00e7ok soru-ya yan\u0131t arayan Divan\u0131mdaki Erkekler, t\u00fcm sorunlara \u00e7\u00f6z\u00fcm bulamasa da bug\u00fcne dek do\u011fru bildi\u011fimiz b\u00fct\u00fcn varsay\u0131mlar\u0131 ve kli\u015feleri alt\u00fcst ederek \u00f6nemli bir ger\u00e7e\u011fi ortaya \u00e7\u0131kar\u0131yor: Cinsellik erkekler i\u00e7in do\u011frudan d\u0131\u015fa vuramad\u0131klar\u0131 \u00f6zel, \u00f6nemli, g\u00fc\u00e7l\u00fc ve arzulanan biri olma iste\u011fini dolayl\u0131 yoldan elde etme sahas\u0131d\u0131r. Divan\u0131mdaki Erkekler bir seks g\u00fcnl\u00fc\u011f\u00fc, ili\u015fki rehberi veya cinsel d\u00fcrt\u00fclerinden dolay\u0131 g\u00fcnah \u00e7\u0131karanlar\u0131n aforoz edildi\u011fi bir kitap de\u011fil. Bu kitap, okuru, ba\u015flang\u0131\u00e7 noktas\u0131 seks, var\u0131\u015f noktas\u0131 \u00e7ok bilinmeyenli bir denklem olan bir ke\u015ffe s\u00fcr\u00fckleyerek cinselli\u011fe ve ili\u015fkiye ili\u015fkin yeni bir bak\u0131\u015f a\u00e7\u0131s\u0131 geli\u015ftirebilmeyi hedefliyor. \u00dcstelik Dr. Engler bunu, kendi ili\u015fkilerine ve tutkulu a\u015fk\u0131na dair ayr\u0131nt\u0131lar\u0131 da vererek i\u00e7tenlikle ve kelimenin tam anlam\u0131yla sans\u00fcrs\u00fcz ger\u00e7ekle\u015ftiriyor. Her ad\u0131m\u0131ndan zevk alaca\u011f\u0131n\u0131z, erkeklerin erotik d\u00fc\u015f\u00fcncelerine yap\u0131lan bu beklenmedik yolculukta kad\u0131nlara, erkeklere, kad\u0131nl\u0131k ve erkekli\u011fe, ili\u015fkiye, sekse ve tabii ki psikolojiye dair \u00f6\u011frenilecek \u00e7ok \u015fey var.<\/p>\n","protected":false},"excerpt":{"rendered":"<p>Seks, nadiren sadece sekstir!.. \u015eu anda, klinik psikolog Dr. Brandy Engler&#8217;in muayenehanesindeyiz. O bir seks tera-pisti. Divan\u0131na kad\u0131nlar\u0131n uzanaca\u011f\u0131n\u0131 ve onlar\u0131n cinsel sorunlar\u0131na \u00e7are bulaca\u011f\u0131n\u0131 umarken<span class=\"excerpt-hellip\"> [\u2026]<\/span><\/p>\n","protected":false},"featured_media":0,"template":"","meta":{"_monsterinsights_skip_tracking":false,"_monsterinsights_sitenote_active":false,"_monsterinsights_sitenote_note":"","_monsterinsights_sitenote_category":0},"product_brand":[],"product_cat":[12291,12866],"product_tag":[],"class_list":{"0":"post-694876","1":"product","2":"type-product","3":"status-publish","5":"product_cat-edebiyat","6":"product_cat-ingiliz-edebiyati","7":"pa_cilt-ciltsiz","8":"pa_tur-kitap","9":"pa_yayinevi-ayrinti-yayinlari","10":"pa_yazar-brandy-engler","12":"first","13":"instock","14":"sale","15":"shipping-taxable","16":"purchasable","17":"product-type-simple"},"_links":{"self":[{"href":"https:\/\/roveyayinevi.com.tr\/index.php\/wp-json\/wp\/v2\/product\/694876","targetHints":{"allow":["GET"]}}],"collection":[{"href":"https:\/\/roveyayinevi.com.tr\/index.php\/wp-json\/wp\/v2\/product"}],"about":[{"href":"https:\/\/roveyayinevi.com.tr\/index.php\/wp-json\/wp\/v2\/types\/product"}],"wp:attachment":[{"href":"https:\/\/roveyayinevi.com.tr\/index.php\/wp-json\/wp\/v2\/media?parent=694876"}],"wp:term":[{"taxonomy":"product_brand","embeddable":true,"href":"https:\/\/roveyayinevi.com.tr\/index.php\/wp-json\/wp\/v2\/product_brand?post=694876"},{"taxonomy":"product_cat","embeddable":true,"href":"https:\/\/roveyayinevi.com.tr\/index.php\/wp-json\/wp\/v2\/product_cat?post=694876"},{"taxonomy":"product_tag","embeddable":true,"href":"https:\/\/roveyayinevi.com.tr\/index.php\/wp-json\/wp\/v2\/product_tag?post=694876"}],"curies":[{"name":"wp","href":"https:\/\/api.w.org\/{rel}","templated":true}]}}