{"id":694875,"date":"2025-08-27T14:24:23","date_gmt":"2025-08-27T11:24:23","guid":{"rendered":"https:\/\/roveyayinevi.com.tr\/index.php\/urun\/hayat-duzeyleri\/"},"modified":"2026-04-16T02:04:57","modified_gmt":"2026-04-15T23:04:57","slug":"hayat-duzeyleri","status":"publish","type":"product","link":"https:\/\/roveyayinevi.com.tr\/index.php\/urun\/hayat-duzeyleri\/","title":{"rendered":"Hayat D\u00fczeyleri"},"content":{"rendered":"<p>Balonculuk, foto\u011fraf sanat\u0131 ve a\u015fk \u00fczerine deneme fragmanlar\u0131yla ba\u015flayan Hayat D\u00fczeyleri, yazar\u0131n kaleminde bir leitmotif olarak s\u00fcrekli yinelenen \u201cdaha \u00f6nce bir araya getirilmemi\u015f iki \u015feyi bir araya getirirsiniz ve hayat de\u011fi\u015fir\u201d d\u00fcsturunun e\u015fli\u011finde, \u201cyukar\u0131lara y\u00fckselme\/ a\u015fa\u011f\u0131lara inme\u201d metaforunun opti\u011finde okunarak, sonunda \u00e7ok de\u011fi\u015fik ve dokunakl\u0131 ki\u015fisel bir yas anlat\u0131s\u0131na eklemleniyor. Farkl\u0131 hayatlar aras\u0131ndaki \u201cortak motifler\u201d aray\u0131\u015f\u0131ndan yola \u00e7\u0131kan Julian Barnes, XIX. y\u00fczy\u0131l\u0131n tan\u0131nm\u0131\u015f foto\u011fraf sanat\u00e7\u0131s\u0131 Nadar\u2019\u0131n, ayn\u0131 y\u00fczy\u0131l\u0131n \u00fcnl\u00fc tiyatro oyuncusu Sarah Bernhardt\u2019\u0131n ve yine ayn\u0131 y\u00fczy\u0131ldan ser\u00fcvenci bir albay olan Fred Burnaby\u2019nin hayat hik\u00e2yelerini ilgin\u00e7 anekdotlar arac\u0131l\u0131\u011f\u0131yla bir bir katederek, kitab\u0131n\u0131n son b\u00f6l\u00fcm\u00fcnde kendi yas deneyimine var\u0131yor: 2008\u2019de kaybetti\u011fi ve yazd\u0131\u011f\u0131 b\u00fct\u00fcn kitaplar\u0131 adad\u0131\u011f\u0131 kar\u0131s\u0131n\u0131n ard\u0131nda b\u0131rakt\u0131\u011f\u0131 derin bo\u015flu\u011fu betimliyor ve ortaya \u00e7\u0131kan \u201ckeder\u201d duygusunun o \u00e7ok katmanl\u0131 uzam\u0131n\u0131, kederin devasa boyutlar\u0131n\u0131, tek ba\u015f\u0131na kalm\u0131\u015fl\u0131\u011f\u0131n ve yaln\u0131zl\u0131\u011f\u0131n \u0131st\u0131raplar\u0131n\u0131, bu \u0131st\u0131rab\u0131 dindirebilece\u011fi varsay\u0131lan kimi \u00e7\u00f6z\u00fcmleri \u00e7arp\u0131c\u0131 ve d\u00fc\u015f\u00fcnd\u00fcr\u00fcc\u00fc bir dille sorguluyor.<\/p>\n","protected":false},"excerpt":{"rendered":"<p>Balonculuk, foto\u011fraf sanat\u0131 ve a\u015fk \u00fczerine deneme fragmanlar\u0131yla ba\u015flayan Hayat D\u00fczeyleri, yazar\u0131n kaleminde bir leitmotif olarak s\u00fcrekli yinelenen \u201cdaha \u00f6nce bir araya getirilmemi\u015f iki \u015feyi bir<span class=\"excerpt-hellip\"> [\u2026]<\/span><\/p>\n","protected":false},"featured_media":0,"template":"","meta":{"_monsterinsights_skip_tracking":false,"_monsterinsights_sitenote_active":false,"_monsterinsights_sitenote_note":"","_monsterinsights_sitenote_category":0},"product_brand":[],"product_cat":[12891,12291],"product_tag":[],"class_list":{"0":"post-694875","1":"product","2":"type-product","3":"status-publish","5":"product_cat-amerikan-edebiyati","6":"product_cat-edebiyat","7":"pa_cilt-ciltsiz","8":"pa_tur-kitap","9":"pa_yayinevi-ayrinti-yayinlari","10":"pa_yazar-julian-barnes","12":"first","13":"instock","14":"sale","15":"shipping-taxable","16":"purchasable","17":"product-type-simple"},"_links":{"self":[{"href":"https:\/\/roveyayinevi.com.tr\/index.php\/wp-json\/wp\/v2\/product\/694875","targetHints":{"allow":["GET"]}}],"collection":[{"href":"https:\/\/roveyayinevi.com.tr\/index.php\/wp-json\/wp\/v2\/product"}],"about":[{"href":"https:\/\/roveyayinevi.com.tr\/index.php\/wp-json\/wp\/v2\/types\/product"}],"wp:attachment":[{"href":"https:\/\/roveyayinevi.com.tr\/index.php\/wp-json\/wp\/v2\/media?parent=694875"}],"wp:term":[{"taxonomy":"product_brand","embeddable":true,"href":"https:\/\/roveyayinevi.com.tr\/index.php\/wp-json\/wp\/v2\/product_brand?post=694875"},{"taxonomy":"product_cat","embeddable":true,"href":"https:\/\/roveyayinevi.com.tr\/index.php\/wp-json\/wp\/v2\/product_cat?post=694875"},{"taxonomy":"product_tag","embeddable":true,"href":"https:\/\/roveyayinevi.com.tr\/index.php\/wp-json\/wp\/v2\/product_tag?post=694875"}],"curies":[{"name":"wp","href":"https:\/\/api.w.org\/{rel}","templated":true}]}}