{"id":694874,"date":"2025-08-27T14:24:22","date_gmt":"2025-08-27T11:24:22","guid":{"rendered":"https:\/\/roveyayinevi.com.tr\/index.php\/urun\/etin-cinsel-politikasi\/"},"modified":"2026-04-16T02:04:57","modified_gmt":"2026-04-15T23:04:57","slug":"etin-cinsel-politikasi","status":"publish","type":"product","link":"https:\/\/roveyayinevi.com.tr\/index.php\/urun\/etin-cinsel-politikasi\/","title":{"rendered":"Etin Cinsel Politikas\u0131"},"content":{"rendered":"<p>Her on yedi saniyede bir kad\u0131n tecav\u00fcze u\u011fruyor. Her bir saniyede y\u00fczlerce hayvan \u00f6ld\u00fcr\u00fcl\u00fcyor. &#8220;Dayak yiyen kad\u0131nlar&#8221; ger\u00e7ekli\u011fi her g\u00fcn y\u00fcz\u00fcm\u00fcze \u00e7arp\u0131l\u0131yor ekranlardan ve gazete sayfalar\u0131ndan. \u00c7iftliklerin esir etti\u011fi, mezbahalar\u0131n katletti\u011fi hayvanlar &#8220;marketteki et&#8221;e indirgeniyor g\u00fcn\u00fcm\u00fczde. Etin hem protein i\u00e7in zorunlu oldu\u011funa hem de g\u00fcc\u00fcn kayna\u011f\u0131 oldu\u011funa inanmam\u0131z i\u00e7in \u00f6r\u00fclen mit, asl\u0131nda erke\u011fin potansiyel \u015fiddet e\u011filimiyle \u00fcst\u00fcnl\u00fck kurmas\u0131na neden oluyor. Et\u00e7illeri yiyen et\u00e7iller, kafam\u0131zdaki iktidar piramidinde en \u00fcste yerle\u015ftiriliyor ve bu haliyle g\u00fcndelik hayat\u0131m\u0131z\u0131n her k\u00f6\u015fesine s\u0131z\u0131yor. Reklamlar\u0131n neredeyse tamam\u0131nda eti yenen hayvanlar\u0131n kad\u0131ns\u0131 temsil edilmesi ve erkek zihninde seks yap\u0131lacak kad\u0131n\u0131n et veya pili\u00e7 g\u00f6r\u00fcnt\u00fcs\u00fcnde olmas\u0131 yapbozu kendili\u011finden tamaml\u0131yor.  \u0130\u015fte Carol J. Adams bu kitapta, yukar\u0131da say\u0131lan olgular\u0131 ve genel olarak ataerki ile et t\u00fcketimi aras\u0131ndaki diyalekti\u011fi \u00e7\u00f6z\u00fcml\u00fcyor. Ona g\u00f6re, erkeklik in\u015fas\u0131n\u0131n \u00f6nemli bir par\u00e7as\u0131 ba\u015fka bedenleri denetim alt\u0131nda tutmakt\u0131r; et yemek de bunun \u00f6nemli bir a\u015famas\u0131n\u0131 olu\u015fturur. &#8220;Et yemek, erkek iktidar\u0131n\u0131n her \u00f6\u011f\u00fcnde yeniden ilan edilmesidir.&#8221; Onun kuram\u0131yla, pornoda veya sof-rada (asl\u0131nda erke\u011fin yazd\u0131\u011f\u0131 t\u00fcm &#8220;metinlerde&#8221;) par\u00e7a par\u00e7a t\u00fcketilen t\u00fcm ads\u0131zlar, &#8220;kay\u0131p g\u00f6nderge&#8221; olarak yeniden bedene kavu\u015fuyor.  Bu kitap, kad\u0131n ve hayvan\u0131n t\u00fcm y\u00f6nleriyle e\u015f oldu\u011funu savunmuyor; yaln\u0131zca \u015fiddet ve tahakk\u00fcmden beslenen erkek egemen k\u00fclt\u00fcr\u00fcn yeri yurdu olmad\u0131\u011f\u0131n\u0131n, zay\u0131f buldu\u011fu her \u015feyi ve herkesi &#8220;erkek&#8221; tan\u0131m\u0131n\u0131n d\u0131\u015f\u0131na atarak alt edilecek bir \u00f6teki ilan etti\u011finin, \u00f6zneden nesneye indirgedi\u011finin alt\u0131n\u0131 \u00e7iziyor. Yiyecek\/giyecek ba\u015fka bir \u015fey yokmu\u015f\u00e7as\u0131na, birtak\u0131m canl\u0131lara ya\u015farken kafesi, \u00f6l\u00fcrken ise kan g\u00f6l\u00fcn\u00fc reva g\u00f6rd\u00fc\u011f\u00fcm\u00fcz s\u00fcrece sava\u015flar\u0131 ve ayr\u0131mc\u0131l\u0131\u011f\u0131 olumlayan eril \u015fiddet k\u00fclt\u00fcr\u00fcn\u00fcn ve hiyerar\u015finin aram\u0131zdan ayr\u0131lmayaca\u011f\u0131n\u0131 hat\u0131rlat\u0131yor.  Bu kitapta \u0131\u015f\u0131k tutulan erkek \u015fiddeti, kad\u0131n d\u00fc\u015fmanl\u0131\u011f\u0131, et yeme k\u00fclt\u00fcr\u00fc ve militarizm aras\u0131ndaki ba\u011flant\u0131lar, bug\u00fcn de Carol J. Adams&#8217;\u0131n yirmi y\u0131l \u00f6nce te\u015fhis etti\u011fi zamanki ge\u00e7erlili\u011fini koruyor. -J. M. Coetzee-<\/p>\n","protected":false},"excerpt":{"rendered":"<p>Her on yedi saniyede bir kad\u0131n tecav\u00fcze u\u011fruyor. Her bir saniyede y\u00fczlerce hayvan \u00f6ld\u00fcr\u00fcl\u00fcyor. &#8220;Dayak yiyen kad\u0131nlar&#8221; ger\u00e7ekli\u011fi her g\u00fcn y\u00fcz\u00fcm\u00fcze \u00e7arp\u0131l\u0131yor ekranlardan ve gazete sayfalar\u0131ndan.<span class=\"excerpt-hellip\"> [\u2026]<\/span><\/p>\n","protected":false},"featured_media":0,"template":"","meta":{"_monsterinsights_skip_tracking":false,"_monsterinsights_sitenote_active":false,"_monsterinsights_sitenote_note":"","_monsterinsights_sitenote_category":0},"product_brand":[],"product_cat":[13633,12324],"product_tag":[],"class_list":{"0":"post-694874","1":"product","2":"type-product","3":"status-publish","5":"product_cat-kultur-ve-bilim","6":"product_cat-sosyoloji","7":"pa_cilt-ciltsiz","8":"pa_tur-kitap","9":"pa_yayinevi-ayrinti-yayinlari","10":"pa_yazar-carol-j-adams","12":"first","13":"instock","14":"sale","15":"shipping-taxable","16":"purchasable","17":"product-type-simple"},"_links":{"self":[{"href":"https:\/\/roveyayinevi.com.tr\/index.php\/wp-json\/wp\/v2\/product\/694874","targetHints":{"allow":["GET"]}}],"collection":[{"href":"https:\/\/roveyayinevi.com.tr\/index.php\/wp-json\/wp\/v2\/product"}],"about":[{"href":"https:\/\/roveyayinevi.com.tr\/index.php\/wp-json\/wp\/v2\/types\/product"}],"wp:attachment":[{"href":"https:\/\/roveyayinevi.com.tr\/index.php\/wp-json\/wp\/v2\/media?parent=694874"}],"wp:term":[{"taxonomy":"product_brand","embeddable":true,"href":"https:\/\/roveyayinevi.com.tr\/index.php\/wp-json\/wp\/v2\/product_brand?post=694874"},{"taxonomy":"product_cat","embeddable":true,"href":"https:\/\/roveyayinevi.com.tr\/index.php\/wp-json\/wp\/v2\/product_cat?post=694874"},{"taxonomy":"product_tag","embeddable":true,"href":"https:\/\/roveyayinevi.com.tr\/index.php\/wp-json\/wp\/v2\/product_tag?post=694874"}],"curies":[{"name":"wp","href":"https:\/\/api.w.org\/{rel}","templated":true}]}}