{"id":694873,"date":"2025-08-27T14:24:22","date_gmt":"2025-08-27T11:24:22","guid":{"rendered":"https:\/\/roveyayinevi.com.tr\/index.php\/urun\/mini-masallar-2-set-10-kitap\/"},"modified":"2026-04-16T02:04:42","modified_gmt":"2026-04-15T23:04:42","slug":"mini-masallar-2-set-10-kitap","status":"publish","type":"product","link":"https:\/\/roveyayinevi.com.tr\/index.php\/urun\/mini-masallar-2-set-10-kitap\/","title":{"rendered":"Mini Masallar 2 Set &#8211; (10 Kitap)"},"content":{"rendered":"<p>Tatl\u0131 Dilli Olmak &#8211; Derli Toplu Olmak &#8211; Liderlik &#8211; \u00d6z Sayg\u0131 &#8211; Do\u011fa Sevgisi &#8211; Temizlik &#8211; Sakin Olmak &#8211; Sayg\u0131 &#8211; Misafirperverlik &#8211; \u00d6z G\u00fcven\u00c7ok keyifli, maceral\u0131, sevgi dolu bu masallar, \u00e7ocuklar\u0131n s\u00f6z varl\u0131\u011f\u0131n\u0131, hayal g\u00fcc\u00fcn\u00fc, okuma beceri ve al\u0131\u015fkanl\u0131\u011f\u0131n\u0131 geli\u015ftirecek.Kolay ta\u015f\u0131nabilir k\u00fc\u00e7\u00fck ebad\u0131yla, her zaman her yerde \u00e7ocuklar\u0131n yanlar\u0131nda bulundurmak isteyecekleri, masallarla e\u011flenip vakit ge\u00e7irirken kitap okuma al\u0131\u015fkanl\u0131\u011f\u0131 kazanabilecekleri \u00f6zel bir set. Her biri birbirinden keyifli masalla dolu bu kitapla \u00e7ocuklar\u0131 kendilerine hayran b\u0131rakacak.<\/p>\n","protected":false},"excerpt":{"rendered":"<p>Tatl\u0131 Dilli Olmak &#8211; Derli Toplu Olmak &#8211; Liderlik &#8211; \u00d6z Sayg\u0131 &#8211; Do\u011fa Sevgisi &#8211; Temizlik &#8211; Sakin Olmak &#8211; Sayg\u0131 &#8211; Misafirperverlik &#8211; \u00d6z<span class=\"excerpt-hellip\"> [\u2026]<\/span><\/p>\n","protected":false},"featured_media":0,"template":"","meta":{"_monsterinsights_skip_tracking":false,"_monsterinsights_sitenote_active":false,"_monsterinsights_sitenote_note":"","_monsterinsights_sitenote_category":0},"product_brand":[],"product_cat":[12913,12274],"product_tag":[],"class_list":{"0":"post-694873","1":"product","2":"type-product","3":"status-publish","5":"product_cat-3-6-yas-kitaplari","6":"product_cat-cocuk-ve-genclik-kitaplari","7":"pa_cilt-set","8":"pa_tur-kitap","9":"pa_yayinevi-timas-cocuk","10":"pa_yazar-mujgan-seyhi","12":"first","13":"instock","14":"sale","15":"shipping-taxable","16":"purchasable","17":"product-type-simple"},"_links":{"self":[{"href":"https:\/\/roveyayinevi.com.tr\/index.php\/wp-json\/wp\/v2\/product\/694873","targetHints":{"allow":["GET"]}}],"collection":[{"href":"https:\/\/roveyayinevi.com.tr\/index.php\/wp-json\/wp\/v2\/product"}],"about":[{"href":"https:\/\/roveyayinevi.com.tr\/index.php\/wp-json\/wp\/v2\/types\/product"}],"wp:attachment":[{"href":"https:\/\/roveyayinevi.com.tr\/index.php\/wp-json\/wp\/v2\/media?parent=694873"}],"wp:term":[{"taxonomy":"product_brand","embeddable":true,"href":"https:\/\/roveyayinevi.com.tr\/index.php\/wp-json\/wp\/v2\/product_brand?post=694873"},{"taxonomy":"product_cat","embeddable":true,"href":"https:\/\/roveyayinevi.com.tr\/index.php\/wp-json\/wp\/v2\/product_cat?post=694873"},{"taxonomy":"product_tag","embeddable":true,"href":"https:\/\/roveyayinevi.com.tr\/index.php\/wp-json\/wp\/v2\/product_tag?post=694873"}],"curies":[{"name":"wp","href":"https:\/\/api.w.org\/{rel}","templated":true}]}}