{"id":694866,"date":"2025-08-27T14:24:21","date_gmt":"2025-08-27T11:24:21","guid":{"rendered":"https:\/\/roveyayinevi.com.tr\/index.php\/urun\/levent-canakkalede-turkiyeyi-geziyorum\/"},"modified":"2026-04-16T02:04:42","modified_gmt":"2026-04-15T23:04:42","slug":"levent-canakkalede-turkiyeyi-geziyorum","status":"publish","type":"product","link":"https:\/\/roveyayinevi.com.tr\/index.php\/urun\/levent-canakkalede-turkiyeyi-geziyorum\/","title":{"rendered":"Levent \u00c7anakkale\u2019de &#8211; T\u00fcrkiye&#8217;yi Geziyorum"},"content":{"rendered":"<p>\u015eehre ait do\u011fal g\u00fczellikler, tarih\u00ee ge\u00e7mi\u015f, \u00f6ne \u00e7\u0131kan yerler; kimi zaman komik, kimi zaman duygulu maceralar e\u015fli\u011finde anlat\u0131l\u0131yor. Reng\u00e2renk resimlerle de karakterlerin h\u00e2lleri ilk dizideki gibi yine olduk\u00e7a komik sergilenirken mek\u00e2nlar ve yerler de ger\u00e7e\u011fe olduk\u00e7a yak\u0131n yans\u0131t\u0131l\u0131yor.Levent, karakterinin zenginli\u011fi, komik kurgusu, bilgi dolu i\u00e7eri\u011fi, ger\u00e7ek\u00e7i hik\u00e2yesiyle 9 ya\u015f \u00fczeri \u00e7ocuklar i\u00e7in m\u00fcthi\u015f maceralarla dolu&#8230;<\/p>\n","protected":false},"excerpt":{"rendered":"<p>\u015eehre ait do\u011fal g\u00fczellikler, tarih\u00ee ge\u00e7mi\u015f, \u00f6ne \u00e7\u0131kan yerler; kimi zaman komik, kimi zaman duygulu maceralar e\u015fli\u011finde anlat\u0131l\u0131yor. Reng\u00e2renk resimlerle de karakterlerin h\u00e2lleri ilk dizideki gibi<span class=\"excerpt-hellip\"> [\u2026]<\/span><\/p>\n","protected":false},"featured_media":0,"template":"","meta":{"_monsterinsights_skip_tracking":false,"_monsterinsights_sitenote_active":false,"_monsterinsights_sitenote_note":"","_monsterinsights_sitenote_category":0},"product_brand":[],"product_cat":[12492,12274],"product_tag":[],"class_list":{"0":"post-694866","1":"product","2":"type-product","3":"status-publish","5":"product_cat-bilmece-bulmaca","6":"product_cat-cocuk-ve-genclik-kitaplari","7":"pa_cilt-ciltsiz","8":"pa_tur-kitap","9":"pa_yayinevi-timas-cocuk","10":"pa_yazar-mustafa-orakci","12":"first","13":"instock","14":"sale","15":"shipping-taxable","16":"purchasable","17":"product-type-simple"},"_links":{"self":[{"href":"https:\/\/roveyayinevi.com.tr\/index.php\/wp-json\/wp\/v2\/product\/694866","targetHints":{"allow":["GET"]}}],"collection":[{"href":"https:\/\/roveyayinevi.com.tr\/index.php\/wp-json\/wp\/v2\/product"}],"about":[{"href":"https:\/\/roveyayinevi.com.tr\/index.php\/wp-json\/wp\/v2\/types\/product"}],"wp:attachment":[{"href":"https:\/\/roveyayinevi.com.tr\/index.php\/wp-json\/wp\/v2\/media?parent=694866"}],"wp:term":[{"taxonomy":"product_brand","embeddable":true,"href":"https:\/\/roveyayinevi.com.tr\/index.php\/wp-json\/wp\/v2\/product_brand?post=694866"},{"taxonomy":"product_cat","embeddable":true,"href":"https:\/\/roveyayinevi.com.tr\/index.php\/wp-json\/wp\/v2\/product_cat?post=694866"},{"taxonomy":"product_tag","embeddable":true,"href":"https:\/\/roveyayinevi.com.tr\/index.php\/wp-json\/wp\/v2\/product_tag?post=694866"}],"curies":[{"name":"wp","href":"https:\/\/api.w.org\/{rel}","templated":true}]}}