{"id":694862,"date":"2025-08-27T14:24:20","date_gmt":"2025-08-27T11:24:20","guid":{"rendered":"https:\/\/roveyayinevi.com.tr\/index.php\/urun\/muhtesem-gatsby-2\/"},"modified":"2026-04-16T02:04:42","modified_gmt":"2026-04-15T23:04:42","slug":"muhtesem-gatsby-2","status":"publish","type":"product","link":"https:\/\/roveyayinevi.com.tr\/index.php\/urun\/muhtesem-gatsby-2\/","title":{"rendered":"Muhte\u015fem Gatsby"},"content":{"rendered":"<p>F. Scott Fitzgerald&#8217;\u0131n \u00fcnl\u00fc eseri Muhte\u015fem Gatsby, 20. Y\u00fczy\u0131l\u0131n en b\u00fcy\u00fck Amerikan romanlar\u0131ndan biridir. Jay Gatsby&#8217;nin, malikanesinde s\u00fcrd\u00fc\u011f\u00fc g\u00f6rkemli hayat Fitzgerald&#8217;\u0131n   Caz \u00c7a\u011f\u0131   olarak nitelendirdi\u011fi ruhu, heyecan\u0131 ve \u015fiddeti t\u00fcm yo\u011funlu\u011fuyla ta\u015f\u0131r. Daisy Buchanan&#8217;a duydu\u011fu a\u015fkla Gatsby, be\u015f y\u0131l \u00f6nceki bir an\u0131, ya\u015fam\u0131n\u0131n en b\u00fcy\u00fck d\u00fc\u015f\u00fcn\u00fcn,   kelimelere s\u0131\u011fmayan hayallerinin   Daisy&#8217;nin \u00f6p\u00fc\u015f\u00fcnde somutla\u015ft\u0131\u011f\u0131 an\u0131 geri getirmek ister. Romantik d\u00fc\u015f g\u00fcc\u00fcn\u00fc, ula\u015f\u0131lmaz bir hayalin pe\u015finden cesaretle gitmenin yaratt\u0131\u011f\u0131 ac\u0131y\u0131 etkileyici bir anlat\u0131mla ortaya koyan Muhte\u015fem Gatsby, umut etme ve hayal k\u0131r\u0131kl\u0131\u011f\u0131, yan\u0131lsama ve a\u015fk \u00fczerine yaz\u0131lm\u0131\u015f bir ba\u015fyap\u0131tt\u0131r. <\/p>\n","protected":false},"excerpt":{"rendered":"<p>F. Scott Fitzgerald&#8217;\u0131n \u00fcnl\u00fc eseri Muhte\u015fem Gatsby, 20. Y\u00fczy\u0131l\u0131n en b\u00fcy\u00fck Amerikan romanlar\u0131ndan biridir. Jay Gatsby&#8217;nin, malikanesinde s\u00fcrd\u00fc\u011f\u00fc g\u00f6rkemli hayat Fitzgerald&#8217;\u0131n Caz \u00c7a\u011f\u0131 olarak nitelendirdi\u011fi ruhu,<span class=\"excerpt-hellip\"> [\u2026]<\/span><\/p>\n","protected":false},"featured_media":0,"template":"","meta":{"_monsterinsights_skip_tracking":false,"_monsterinsights_sitenote_active":false,"_monsterinsights_sitenote_note":"","_monsterinsights_sitenote_category":0},"product_brand":[],"product_cat":[12891,12291],"product_tag":[],"class_list":{"0":"post-694862","1":"product","2":"type-product","3":"status-publish","5":"product_cat-amerikan-edebiyati","6":"product_cat-edebiyat","7":"pa_tur-kitap","8":"pa_yayinevi-pinhan-yayincilik","9":"pa_yazar-francis-scott-key-fitzgerald","11":"first","12":"instock","13":"sale","14":"shipping-taxable","15":"purchasable","16":"product-type-simple"},"_links":{"self":[{"href":"https:\/\/roveyayinevi.com.tr\/index.php\/wp-json\/wp\/v2\/product\/694862","targetHints":{"allow":["GET"]}}],"collection":[{"href":"https:\/\/roveyayinevi.com.tr\/index.php\/wp-json\/wp\/v2\/product"}],"about":[{"href":"https:\/\/roveyayinevi.com.tr\/index.php\/wp-json\/wp\/v2\/types\/product"}],"wp:attachment":[{"href":"https:\/\/roveyayinevi.com.tr\/index.php\/wp-json\/wp\/v2\/media?parent=694862"}],"wp:term":[{"taxonomy":"product_brand","embeddable":true,"href":"https:\/\/roveyayinevi.com.tr\/index.php\/wp-json\/wp\/v2\/product_brand?post=694862"},{"taxonomy":"product_cat","embeddable":true,"href":"https:\/\/roveyayinevi.com.tr\/index.php\/wp-json\/wp\/v2\/product_cat?post=694862"},{"taxonomy":"product_tag","embeddable":true,"href":"https:\/\/roveyayinevi.com.tr\/index.php\/wp-json\/wp\/v2\/product_tag?post=694862"}],"curies":[{"name":"wp","href":"https:\/\/api.w.org\/{rel}","templated":true}]}}