{"id":694855,"date":"2025-08-27T14:24:18","date_gmt":"2025-08-27T11:24:18","guid":{"rendered":"https:\/\/roveyayinevi.com.tr\/index.php\/urun\/secme-yazismalar-1-1844-1869\/"},"modified":"2026-04-16T02:04:42","modified_gmt":"2026-04-15T23:04:42","slug":"secme-yazismalar-1-1844-1869","status":"publish","type":"product","link":"https:\/\/roveyayinevi.com.tr\/index.php\/urun\/secme-yazismalar-1-1844-1869\/","title":{"rendered":"Se\u00e7me Yaz\u0131\u015fmalar \/1 (1844-1869)"},"content":{"rendered":"<p>184411         1.            Engels&#8217;ten Paris&#8217;teki Marx&#8217;a, Ekim 1844 ba\u015f\u013115         2.            Engels&#8217;ten Paris&#8217;teki Marx&#8217;a, 19 Kas\u0131m 1844 184518         3.            Engels&#8217;ten Paris&#8217;teki Marx&#8217;a, 20 Ocak 1845 184622         4.            Marx&#8217;tan Paris&#8217;teki Pierre Joseph Proudhon&#8217;a, 5 May\u0131s 184624         5.            Engels&#8217;ten Br\u00fcksel&#8217;deki Marx&#8217;a, 18 Eyl\u00fcl 184625         6.            Engels&#8217;ten Br\u00fcksel&#8217;deki Kom\u00fcnist Haberle\u015fme Komitesi&#8217;ne, 23 Ekim 1846 28         7.            Engels&#8217;ten Br\u00fcksel&#8217;deki Marx&#8217;a, ~23 Ekim 184629         8.            Marx&#8217;tan Paris&#8217;teki P.V. Annenkov&#8217;a, 28 Aral\u0131k 1846 184743         9.            Engels&#8217;ten Br\u00fcksel&#8217;deki Marx&#8217;a, 23-24 Kas\u0131m 1847 184845         10.            Marx&#8217;tan l&#8217;Alba Gazetesinin Genel Yay\u0131n Y\u00f6netmenine, May\u0131s 184846         11.            Engels&#8217;ten Londra&#8217;daki Emil Blank&#8217;a, 24 May\u0131s 1848 <\/p>\n","protected":false},"excerpt":{"rendered":"<p>184411 1. Engels&#8217;ten Paris&#8217;teki Marx&#8217;a, Ekim 1844 ba\u015f\u013115 2. Engels&#8217;ten Paris&#8217;teki Marx&#8217;a, 19 Kas\u0131m 1844 184518 3. Engels&#8217;ten Paris&#8217;teki Marx&#8217;a, 20 Ocak 1845 184622 4. Marx&#8217;tan<span class=\"excerpt-hellip\"> [\u2026]<\/span><\/p>\n","protected":false},"featured_media":0,"template":"","meta":{"_monsterinsights_skip_tracking":false,"_monsterinsights_sitenote_active":false,"_monsterinsights_sitenote_note":"","_monsterinsights_sitenote_category":0},"product_brand":[],"product_cat":[12388,14717],"product_tag":[],"class_list":{"0":"post-694855","1":"product","2":"type-product","3":"status-publish","5":"product_cat-felsefe","6":"product_cat-felsefe-tarihi","7":"pa_cilt-ciltsiz","8":"pa_tur-kitap","9":"pa_yayinevi-sol-yayinlari","10":"pa_yazar-karl-marx","12":"first","13":"instock","14":"sale","15":"shipping-taxable","16":"purchasable","17":"product-type-simple"},"_links":{"self":[{"href":"https:\/\/roveyayinevi.com.tr\/index.php\/wp-json\/wp\/v2\/product\/694855","targetHints":{"allow":["GET"]}}],"collection":[{"href":"https:\/\/roveyayinevi.com.tr\/index.php\/wp-json\/wp\/v2\/product"}],"about":[{"href":"https:\/\/roveyayinevi.com.tr\/index.php\/wp-json\/wp\/v2\/types\/product"}],"wp:attachment":[{"href":"https:\/\/roveyayinevi.com.tr\/index.php\/wp-json\/wp\/v2\/media?parent=694855"}],"wp:term":[{"taxonomy":"product_brand","embeddable":true,"href":"https:\/\/roveyayinevi.com.tr\/index.php\/wp-json\/wp\/v2\/product_brand?post=694855"},{"taxonomy":"product_cat","embeddable":true,"href":"https:\/\/roveyayinevi.com.tr\/index.php\/wp-json\/wp\/v2\/product_cat?post=694855"},{"taxonomy":"product_tag","embeddable":true,"href":"https:\/\/roveyayinevi.com.tr\/index.php\/wp-json\/wp\/v2\/product_tag?post=694855"}],"curies":[{"name":"wp","href":"https:\/\/api.w.org\/{rel}","templated":true}]}}