{"id":694854,"date":"2025-08-27T14:24:18","date_gmt":"2025-08-27T11:24:18","guid":{"rendered":"https:\/\/roveyayinevi.com.tr\/index.php\/urun\/yahudi-sorunu\/"},"modified":"2026-04-16T02:04:42","modified_gmt":"2026-04-15T23:04:42","slug":"yahudi-sorunu","status":"publish","type":"product","link":"https:\/\/roveyayinevi.com.tr\/index.php\/urun\/yahudi-sorunu\/","title":{"rendered":"Yahudi Sorunu"},"content":{"rendered":"<p>&#8220;Ger\u00e7ek, bireysel insan, ne zaman soyut yurtta\u015f\u0131 kendinde yeniden-so\u011furup, bireysel insan olarak, g\u00fcnl\u00fck ya\u015fam\u0131nda, \u00f6zel i\u015finde ve \u00f6zel durumunda cinsil varl\u0131k olursa, ne zaman insan kendi g\u00fc\u00e7lerini toplumsal g\u00fc\u00e7ler olarak tan\u0131r ve \u00f6rg\u00fctler ve b\u00f6ylece toplumsal g\u00fcc\u00fc kendisinden politik g\u00fc\u00e7 bi\u00e7iminde ay\u0131ramazsa, i\u015fte ancak o zaman insani \u00f6zg\u00fcrle\u015fme tamamlanm\u0131\u015f demektir.&#8221; \ufffcTan\u0131t\u0131m Metni<\/p>\n","protected":false},"excerpt":{"rendered":"<p>&#8220;Ger\u00e7ek, bireysel insan, ne zaman soyut yurtta\u015f\u0131 kendinde yeniden-so\u011furup, bireysel insan olarak, g\u00fcnl\u00fck ya\u015fam\u0131nda, \u00f6zel i\u015finde ve \u00f6zel durumunda cinsil varl\u0131k olursa, ne zaman insan kendi<span class=\"excerpt-hellip\"> [\u2026]<\/span><\/p>\n","protected":false},"featured_media":0,"template":"","meta":{"_monsterinsights_skip_tracking":false,"_monsterinsights_sitenote_active":false,"_monsterinsights_sitenote_note":"","_monsterinsights_sitenote_category":0},"product_brand":[],"product_cat":[12718,12858],"product_tag":[],"class_list":{"0":"post-694854","1":"product","2":"type-product","3":"status-publish","5":"product_cat-din","6":"product_cat-mitolojiler","7":"pa_cilt-ciltsiz","8":"pa_tur-kitap","9":"pa_yayinevi-sol-yayinlari","10":"pa_yazar-karl-marx","12":"first","13":"instock","14":"sale","15":"shipping-taxable","16":"purchasable","17":"product-type-simple"},"_links":{"self":[{"href":"https:\/\/roveyayinevi.com.tr\/index.php\/wp-json\/wp\/v2\/product\/694854","targetHints":{"allow":["GET"]}}],"collection":[{"href":"https:\/\/roveyayinevi.com.tr\/index.php\/wp-json\/wp\/v2\/product"}],"about":[{"href":"https:\/\/roveyayinevi.com.tr\/index.php\/wp-json\/wp\/v2\/types\/product"}],"wp:attachment":[{"href":"https:\/\/roveyayinevi.com.tr\/index.php\/wp-json\/wp\/v2\/media?parent=694854"}],"wp:term":[{"taxonomy":"product_brand","embeddable":true,"href":"https:\/\/roveyayinevi.com.tr\/index.php\/wp-json\/wp\/v2\/product_brand?post=694854"},{"taxonomy":"product_cat","embeddable":true,"href":"https:\/\/roveyayinevi.com.tr\/index.php\/wp-json\/wp\/v2\/product_cat?post=694854"},{"taxonomy":"product_tag","embeddable":true,"href":"https:\/\/roveyayinevi.com.tr\/index.php\/wp-json\/wp\/v2\/product_tag?post=694854"}],"curies":[{"name":"wp","href":"https:\/\/api.w.org\/{rel}","templated":true}]}}