{"id":694849,"date":"2025-08-27T14:24:17","date_gmt":"2025-08-27T11:24:17","guid":{"rendered":"https:\/\/roveyayinevi.com.tr\/index.php\/urun\/nisan-tezleri-ve-ekim-devrimi\/"},"modified":"2026-04-16T02:04:41","modified_gmt":"2026-04-15T23:04:41","slug":"nisan-tezleri-ve-ekim-devrimi","status":"publish","type":"product","link":"https:\/\/roveyayinevi.com.tr\/index.php\/urun\/nisan-tezleri-ve-ekim-devrimi\/","title":{"rendered":"Nisan Tezleri ve Ekim Devrimi"},"content":{"rendered":"<p>\u0130\u00e7indekiler &#8211; 1. B\u00f6l\u00fcm: Nisan Tezleri &#8211; Bug\u00fcnk\u00fc Devrimde Proletaryan\u0131n G\u00f6revleri &#8211; Tezler &#8211; \u0130ktidar \u0130kili\u011fi \u00dczerine &#8211; Taktik \u00dczerine Mektuplar &#8211; Giri\u015f &#8211; Birinci Mektup &#8211; G\u00fcncel Durumun Tahlili &#8211; Devrimimizde Proletaryan\u0131n G\u00f6revleri &#8211; Ger\u00e7ekle\u015fen Devrimin S\u0131n\u0131f Niteli\u011fi &#8211; Yeni H\u00fck\u00fcmetin D\u0131\u015f Siyaseti &#8211; \u00d6zg\u00fcn \u0130ktidar \u0130kili\u011fi Ve Bunun S\u0131n\u0131fsal Anlam\u0131 &#8211; Buraya De\u011fin S\u00f6ylenenlerden \u00c7\u0131kan Takti\u011fin \u00d6zg\u00fcnl\u00fc\u011f\u00fc &#8211; Devrimci A\u015f\u0131r\u0131c\u0131l\u0131k Ve Bunun S\u0131n\u0131fsal Anlam\u0131 &#8211; Sava\u015f Nas\u0131l Sona Erdirilebilir? &#8211; Devrimimizin Yaratt\u0131\u011f\u0131 Yeni Devlet Tipi &#8211; Tar\u0131m Program\u0131 Ve Ulusal Program &#8211; Kapitalist Banka Ve Sendikalar\u0131n Ulusalla\u015ft\u0131r\u0131lmas\u0131 &#8211; Sosyalist Enternasyonaldeki Durum &#8211; Zimmerwald Enternasyonali Ba\u015far\u0131s\u0131zl\u0131\u011fa U\u011frad\u0131. I\u0131\u0131. Enternasyonali Kurmak Gerekir &#8211; Bilimsel Bak\u0131mdan Do\u011fru Olmak Ve Proletaryan\u0131n Siyasal Bilincini Ayd\u0131nlatmak \u0130\u00e7in Partimizin Ad\u0131 Ne Olmal\u0131? &#8211; Sons\u00f6z&lt;\/li&lt; &#8211; 2. B\u00f6l\u00fcm: Ekimin \u00d6ng\u00fcn\u00fcnde &#8211; Rusya\u2019da Siyasal Partiler Ve Proletaryan\u0131n G\u00f6revleri &#8211; Sorular, Yan\u0131tlar &#8211; \u00dc\u00e7 Bunal\u0131m &#8211; Siyasal Durum &#8211; Devrimin \u00d6\u011frettikleri &#8211; Sons\u00f6z &#8211; Bir Gazetecinin G\u00fcnl\u00fc\u011f\u00fcnden Sayfalar, K\u00f6yl\u00fcler Ve \u0130\u015f\u00e7iler &#8211; Rsdip Merkez Komitesine &#8211; Siyasal Durum \u00dczerine Karar Tasla\u011f\u0131 &#8211; 3. B\u00f6l\u00fcm: Ekim Devriminin D\u00fczenleyicisi Olarak Parti &#8211; Bol\u015fevikler \u0130ktidar\u0131 Almal\u0131d\u0131rlar. Rsdip(B) Merkez Komitesine, Petrograd Ve Moskova Komitelerine Mektup &#8211; Marksizm Ve Ayaklanma Rsdip(B) Merkez Komitesine Mektup &#8211; Rus Devrimi Ve \u0130\u00e7 Sava\u015f. \u0130\u00e7 Sava\u015f Korkulu\u011fu &#8211; Devrimin G\u00f6revleri &#8211; Kapitalistlerle Anla\u015fma Siyasetinin Zararl\u0131 Sonu\u00e7lar\u0131 &#8211; \u0130ktidar Sovyetlere &#8211; Halklara Bar\u0131\u015f &#8211; Toprak \u0130\u015fleyenlere &#8211; A\u00e7l\u0131\u011fa Ve \u0130ktisadi \u00c7\u00f6k\u00fc\u015fe Kar\u015f\u0131 Sava\u015f\u0131m &#8211; Devrim D\u00fc\u015fman\u0131 Toprak Sahiplerine Ve Kapitalistlere Kar\u015f\u0131 Sava\u015f\u0131m &#8211; Devrimin Bar\u0131\u015f\u00e7\u0131 Yolla Geli\u015fmesi &#8211; Bunal\u0131m Olgunla\u015fm\u0131\u015ft\u0131r &#8211; Kuzey B\u00f6lgesi Sovyetleri Kongresine Kat\u0131lan Bol\u015fevik Yolda\u015flara Mektup &#8211; Rsdip(B) Merkez Komitesinin 10 (23) Ekim 1917 G\u00fcnl\u00fc Oturumu &#8211; Rapor. Tutanak &#8211; Karar &#8211; Yolda\u015flara Mektup &#8211; Sons\u00f6z &#8211; Bol\u015fevik Partisi \u00dcyelerine Mektup &#8211; Merkez Komitesi \u00dcyelerine Mektup &#8211; A\u00e7\u0131klay\u0131c\u0131 Notlar <\/p>\n","protected":false},"excerpt":{"rendered":"<p>\u0130\u00e7indekiler &#8211; 1. B\u00f6l\u00fcm: Nisan Tezleri &#8211; Bug\u00fcnk\u00fc Devrimde Proletaryan\u0131n G\u00f6revleri &#8211; Tezler &#8211; \u0130ktidar \u0130kili\u011fi \u00dczerine &#8211; Taktik \u00dczerine Mektuplar &#8211; Giri\u015f &#8211; Birinci Mektup<span class=\"excerpt-hellip\"> [\u2026]<\/span><\/p>\n","protected":false},"featured_media":0,"template":"","meta":{"_monsterinsights_skip_tracking":false,"_monsterinsights_sitenote_active":false,"_monsterinsights_sitenote_note":"","_monsterinsights_sitenote_category":0},"product_brand":[],"product_cat":[12312,12304],"product_tag":[],"class_list":{"0":"post-694849","1":"product","2":"type-product","3":"status-publish","5":"product_cat-diger","6":"product_cat-tarih","7":"pa_cilt-ciltsiz","8":"pa_tur-kitap","9":"pa_yayinevi-sol-yayinlari","10":"pa_yazar-vladimir-ilyic-lenin","12":"first","13":"instock","14":"sale","15":"shipping-taxable","16":"purchasable","17":"product-type-simple"},"_links":{"self":[{"href":"https:\/\/roveyayinevi.com.tr\/index.php\/wp-json\/wp\/v2\/product\/694849","targetHints":{"allow":["GET"]}}],"collection":[{"href":"https:\/\/roveyayinevi.com.tr\/index.php\/wp-json\/wp\/v2\/product"}],"about":[{"href":"https:\/\/roveyayinevi.com.tr\/index.php\/wp-json\/wp\/v2\/types\/product"}],"wp:attachment":[{"href":"https:\/\/roveyayinevi.com.tr\/index.php\/wp-json\/wp\/v2\/media?parent=694849"}],"wp:term":[{"taxonomy":"product_brand","embeddable":true,"href":"https:\/\/roveyayinevi.com.tr\/index.php\/wp-json\/wp\/v2\/product_brand?post=694849"},{"taxonomy":"product_cat","embeddable":true,"href":"https:\/\/roveyayinevi.com.tr\/index.php\/wp-json\/wp\/v2\/product_cat?post=694849"},{"taxonomy":"product_tag","embeddable":true,"href":"https:\/\/roveyayinevi.com.tr\/index.php\/wp-json\/wp\/v2\/product_tag?post=694849"}],"curies":[{"name":"wp","href":"https:\/\/api.w.org\/{rel}","templated":true}]}}