{"id":694848,"date":"2025-08-27T14:24:17","date_gmt":"2025-08-27T11:24:17","guid":{"rendered":"https:\/\/roveyayinevi.com.tr\/index.php\/urun\/kadin-ve-aile\/"},"modified":"2026-03-03T02:08:27","modified_gmt":"2026-03-02T23:08:27","slug":"kadin-ve-aile","status":"publish","type":"product","link":"https:\/\/roveyayinevi.com.tr\/index.php\/urun\/kadin-ve-aile\/","title":{"rendered":"Kad\u0131n ve Aile"},"content":{"rendered":"<p>\u0130\u00c7\u0130NDEK\u0130LER7     Sunu\u015f, Joachim M\u00fcller11   Kad\u0131nlar\u0131n Klasiklere Bor\u00e7lu Oldu\u011fu \u015eey, Clara Zetkin15   Uzla\u015fmaz S\u0131n\u0131fl\u0131 Toplumlarda \u00c7al\u0131\u015fan Kad\u0131n\u0131n Ezilmi\u015fli\u011fi ve S\u00f6m\u00fcr\u00fclmesi15      Kapitalist Sanayide Kad\u0131n Eme\u011fi91      Kapitalist Tar\u0131mda Kad\u0131n Eme\u011fi104    S\u0131n\u0131f Sava\u015f\u0131m\u0131nda Kad\u0131nlar112  Kad\u0131n E\u015fitli\u011fi ve \u00d6zg\u00fcrl\u00fc\u011f\u00fc \u00dczerine155  A\u015fk, Evlilik ve Aile \u00dczerine216  Sosyalizm\/Kom\u00fcnizmde Kad\u0131n\u0131n Kurtulu\u015fu243  Lenin&#8217;den An\u0131lar, Clara Zetkin265  Adlar Dizini <\/p>\n","protected":false},"excerpt":{"rendered":"<p>\u0130\u00c7\u0130NDEK\u0130LER7 Sunu\u015f, Joachim M\u00fcller11 Kad\u0131nlar\u0131n Klasiklere Bor\u00e7lu Oldu\u011fu \u015eey, Clara Zetkin15 Uzla\u015fmaz S\u0131n\u0131fl\u0131 Toplumlarda \u00c7al\u0131\u015fan Kad\u0131n\u0131n Ezilmi\u015fli\u011fi ve S\u00f6m\u00fcr\u00fclmesi15 Kapitalist Sanayide Kad\u0131n Eme\u011fi91 Kapitalist Tar\u0131mda Kad\u0131n<span class=\"excerpt-hellip\"> [\u2026]<\/span><\/p>\n","protected":false},"featured_media":0,"template":"","meta":{"_monsterinsights_skip_tracking":false,"_monsterinsights_sitenote_active":false,"_monsterinsights_sitenote_note":"","_monsterinsights_sitenote_category":0},"product_brand":[],"product_cat":[24520,13365],"product_tag":[],"class_list":{"0":"post-694848","1":"product","2":"type-product","3":"status-publish","5":"product_cat-aile-sagligi","6":"product_cat-saglik","7":"pa_cilt-ciltsiz","8":"pa_tur-kitap","9":"pa_yayinevi-sol-yayinlari","10":"pa_yazar-karl-marx","12":"first","13":"instock","14":"sale","15":"shipping-taxable","16":"purchasable","17":"product-type-simple"},"_links":{"self":[{"href":"https:\/\/roveyayinevi.com.tr\/index.php\/wp-json\/wp\/v2\/product\/694848","targetHints":{"allow":["GET"]}}],"collection":[{"href":"https:\/\/roveyayinevi.com.tr\/index.php\/wp-json\/wp\/v2\/product"}],"about":[{"href":"https:\/\/roveyayinevi.com.tr\/index.php\/wp-json\/wp\/v2\/types\/product"}],"wp:attachment":[{"href":"https:\/\/roveyayinevi.com.tr\/index.php\/wp-json\/wp\/v2\/media?parent=694848"}],"wp:term":[{"taxonomy":"product_brand","embeddable":true,"href":"https:\/\/roveyayinevi.com.tr\/index.php\/wp-json\/wp\/v2\/product_brand?post=694848"},{"taxonomy":"product_cat","embeddable":true,"href":"https:\/\/roveyayinevi.com.tr\/index.php\/wp-json\/wp\/v2\/product_cat?post=694848"},{"taxonomy":"product_tag","embeddable":true,"href":"https:\/\/roveyayinevi.com.tr\/index.php\/wp-json\/wp\/v2\/product_tag?post=694848"}],"curies":[{"name":"wp","href":"https:\/\/api.w.org\/{rel}","templated":true}]}}