{"id":694844,"date":"2025-08-27T14:24:16","date_gmt":"2025-08-27T11:24:16","guid":{"rendered":"https:\/\/roveyayinevi.com.tr\/index.php\/urun\/gotha-ve-erfurt-programlarinin-elestirisi\/"},"modified":"2026-04-16T02:04:41","modified_gmt":"2026-04-15T23:04:41","slug":"gotha-ve-erfurt-programlarinin-elestirisi","status":"publish","type":"product","link":"https:\/\/roveyayinevi.com.tr\/index.php\/urun\/gotha-ve-erfurt-programlarinin-elestirisi\/","title":{"rendered":"Gotha ve Erfurt Programlar\u0131n\u0131n Ele\u015ftirisi"},"content":{"rendered":"<p>Kom\u00fcnist toplumun daha y\u00fcksek bir a\u015famas\u0131nda, bireylerin i\u015fb\u00f6l\u00fcm\u00fcne k\u00f6lele\u015ftirici ba\u011f\u0131ml\u0131l\u0131klar\u0131 ve bu arada zihinsel emek ile bedensel emek aras\u0131ndaki kar\u015f\u0131tl\u0131k sona erdi\u011fi zaman; emek art\u0131k yaln\u0131zca bir ge\u00e7im arac\u0131 de\u011fil, ama kendisi ya\u015famsal gereksinim oldu\u011fu zaman; bireylerin \u00e7oky\u00f6nl\u00fc geli\u015fmeleri \u00fcretken g\u00fc\u00e7lerini de art\u0131rd\u0131\u011f\u0131 ve kooperatif zenginli\u011fin b\u00fct\u00fcn kaynaklar\u0131 g\u00fcr\u00fcl g\u00fcr\u00fcl f\u0131\u015fk\u0131rd\u0131\u011f\u0131 zaman &#8211; ancak o zaman, burjuva hukukunun dar ufuklar\u0131 t\u00fcm\u00fcyle a\u015f\u0131labilir ve toplum bayraklar\u0131n\u0131n \u00fcst\u00fcne \u015funu yazabilir: &#8220;Herkesten yetene\u011fine g\u00f6re, herkese gereksinimine g\u00f6re!&#8221; \ufffcTan\u0131t\u0131m Metni<\/p>\n","protected":false},"excerpt":{"rendered":"<p>Kom\u00fcnist toplumun daha y\u00fcksek bir a\u015famas\u0131nda, bireylerin i\u015fb\u00f6l\u00fcm\u00fcne k\u00f6lele\u015ftirici ba\u011f\u0131ml\u0131l\u0131klar\u0131 ve bu arada zihinsel emek ile bedensel emek aras\u0131ndaki kar\u015f\u0131tl\u0131k sona erdi\u011fi zaman; emek art\u0131k yaln\u0131zca<span class=\"excerpt-hellip\"> [\u2026]<\/span><\/p>\n","protected":false},"featured_media":0,"template":"","meta":{"_monsterinsights_skip_tracking":false,"_monsterinsights_sitenote_active":false,"_monsterinsights_sitenote_note":"","_monsterinsights_sitenote_category":0},"product_brand":[],"product_cat":[12370,12304],"product_tag":[],"class_list":{"0":"post-694844","1":"product","2":"type-product","3":"status-publish","5":"product_cat-arastirma-inceleme","6":"product_cat-tarih","7":"pa_cilt-ciltsiz","8":"pa_tur-kitap","9":"pa_yayinevi-sol-yayinlari","10":"pa_yazar-karl-marx","12":"first","13":"instock","14":"sale","15":"shipping-taxable","16":"purchasable","17":"product-type-simple"},"_links":{"self":[{"href":"https:\/\/roveyayinevi.com.tr\/index.php\/wp-json\/wp\/v2\/product\/694844","targetHints":{"allow":["GET"]}}],"collection":[{"href":"https:\/\/roveyayinevi.com.tr\/index.php\/wp-json\/wp\/v2\/product"}],"about":[{"href":"https:\/\/roveyayinevi.com.tr\/index.php\/wp-json\/wp\/v2\/types\/product"}],"wp:attachment":[{"href":"https:\/\/roveyayinevi.com.tr\/index.php\/wp-json\/wp\/v2\/media?parent=694844"}],"wp:term":[{"taxonomy":"product_brand","embeddable":true,"href":"https:\/\/roveyayinevi.com.tr\/index.php\/wp-json\/wp\/v2\/product_brand?post=694844"},{"taxonomy":"product_cat","embeddable":true,"href":"https:\/\/roveyayinevi.com.tr\/index.php\/wp-json\/wp\/v2\/product_cat?post=694844"},{"taxonomy":"product_tag","embeddable":true,"href":"https:\/\/roveyayinevi.com.tr\/index.php\/wp-json\/wp\/v2\/product_tag?post=694844"}],"curies":[{"name":"wp","href":"https:\/\/api.w.org\/{rel}","templated":true}]}}