{"id":694843,"date":"2025-08-27T14:24:15","date_gmt":"2025-08-27T11:24:15","guid":{"rendered":"https:\/\/roveyayinevi.com.tr\/index.php\/urun\/kapital-3-cilt\/"},"modified":"2026-02-03T02:06:51","modified_gmt":"2026-02-02T23:06:51","slug":"kapital-3-cilt","status":"publish","type":"product","link":"https:\/\/roveyayinevi.com.tr\/index.php\/urun\/kapital-3-cilt\/","title":{"rendered":"Kapital 3.Cilt"},"content":{"rendered":"<p>Karl Marx&#8217;\u0131n ba\u015fyap\u0131t\u0131 Kapital&#8217;in \u00dc\u00e7\u00fcnc\u00fc Cildi, ilk, kez, Karl Marx&#8217;\u0131n \u00f6l\u00fcm\u00fcnden sonra, Friedrich Engels taraf\u0131ndan bas\u0131ma haz\u0131rland\u0131 ve 1894&#8217;te yay\u0131nland\u0131.Kapital&#8217;in \u00dc\u00e7\u00fcnc\u00fc Cildi, T\u00fcrk\u00e7eye, Marksizm-Leninizm Enstit\u00fcs\u00fcnde saklanmakta olan, Marx&#8217;\u0131n \u00f6zg\u00fcn metni ile \u00f6zenli bir bi\u00e7imde kar\u015f\u0131la\u015ft\u0131r\u0131lan 1894 Almanca bask\u0131s\u0131na uygun olarak haz\u0131rlanan \u0130ngilizce (Progress Publishers, Moscow 1974) bask\u0131s\u0131ndan \u00e7evrildi. \u00c7eviride yer yer kar\u015f\u0131la\u015f\u0131lan g\u00fc\u00e7l\u00fcklerin giderilmesinde, Almanca (Das Kapital, Dritter Band, Buch III &#8211; Marx-Engels, Werke, Band 25, Dietz Verlag, Berlin 1964) ve Frans\u0131zca (Le Capital, Livre Troisieme, Tome I, II, III, Editions Sociales, Paris 1957- 1960) bask\u0131lar\u0131ndan yararlan\u0131ld\u0131. <\/p>\n","protected":false},"excerpt":{"rendered":"<p>Karl Marx&#8217;\u0131n ba\u015fyap\u0131t\u0131 Kapital&#8217;in \u00dc\u00e7\u00fcnc\u00fc Cildi, ilk, kez, Karl Marx&#8217;\u0131n \u00f6l\u00fcm\u00fcnden sonra, Friedrich Engels taraf\u0131ndan bas\u0131ma haz\u0131rland\u0131 ve 1894&#8217;te yay\u0131nland\u0131.Kapital&#8217;in \u00dc\u00e7\u00fcnc\u00fc Cildi, T\u00fcrk\u00e7eye, Marksizm-Leninizm Enstit\u00fcs\u00fcnde saklanmakta<span class=\"excerpt-hellip\"> [\u2026]<\/span><\/p>\n","protected":false},"featured_media":0,"template":"","meta":{"_monsterinsights_skip_tracking":false,"_monsterinsights_sitenote_active":false,"_monsterinsights_sitenote_note":"","_monsterinsights_sitenote_category":0},"product_brand":[],"product_cat":[12965,12337],"product_tag":[],"class_list":{"0":"post-694843","1":"product","2":"type-product","3":"status-publish","5":"product_cat-genel-politika","6":"product_cat-politika-siyaset","7":"pa_cilt-ciltsiz","8":"pa_tur-kitap","9":"pa_yayinevi-sol-yayinlari","10":"pa_yazar-karl-marx","12":"first","13":"instock","14":"sale","15":"shipping-taxable","16":"purchasable","17":"product-type-simple"},"_links":{"self":[{"href":"https:\/\/roveyayinevi.com.tr\/index.php\/wp-json\/wp\/v2\/product\/694843","targetHints":{"allow":["GET"]}}],"collection":[{"href":"https:\/\/roveyayinevi.com.tr\/index.php\/wp-json\/wp\/v2\/product"}],"about":[{"href":"https:\/\/roveyayinevi.com.tr\/index.php\/wp-json\/wp\/v2\/types\/product"}],"wp:attachment":[{"href":"https:\/\/roveyayinevi.com.tr\/index.php\/wp-json\/wp\/v2\/media?parent=694843"}],"wp:term":[{"taxonomy":"product_brand","embeddable":true,"href":"https:\/\/roveyayinevi.com.tr\/index.php\/wp-json\/wp\/v2\/product_brand?post=694843"},{"taxonomy":"product_cat","embeddable":true,"href":"https:\/\/roveyayinevi.com.tr\/index.php\/wp-json\/wp\/v2\/product_cat?post=694843"},{"taxonomy":"product_tag","embeddable":true,"href":"https:\/\/roveyayinevi.com.tr\/index.php\/wp-json\/wp\/v2\/product_tag?post=694843"}],"curies":[{"name":"wp","href":"https:\/\/api.w.org\/{rel}","templated":true}]}}