{"id":694840,"date":"2025-08-27T14:24:15","date_gmt":"2025-08-27T11:24:15","guid":{"rendered":"https:\/\/roveyayinevi.com.tr\/index.php\/urun\/kapital-2-cilt\/"},"modified":"2026-04-16T02:04:41","modified_gmt":"2026-04-15T23:04:41","slug":"kapital-2-cilt","status":"publish","type":"product","link":"https:\/\/roveyayinevi.com.tr\/index.php\/urun\/kapital-2-cilt\/","title":{"rendered":"Kapital 2.Cilt"},"content":{"rendered":"<p>Karl Marx\u2019\u0131n Das Kapital, Kritik der politischen \u00d6konomie, band 2, (1867-1883 [1885]) adl\u0131 yap\u0131t\u0131n\u0131, Alaattin Bilgi \u0130ngilizcesinden (Capital, A Cricital of Political Economy, vol. 2, Progress Publishers, Moscow 1974) dilimize \u00e7evirdi ve kitap, Kapital, Ekonomi Politi\u011fin Ele\u015ftirisi \u0130kinci Cilt, ad\u0131 ile, Sol Yay\u0131nlar\u0131 taraf\u0131ndan, Ekim 2011 (Birinci Bask\u0131: A\u011fustos 1976; \u0130kinci Bask\u0131: Haziran 1979; \u00dc\u00e7\u00fcnc\u00fc Bask\u0131: Kas\u0131m 1992; D\u00f6rd\u00fcnc\u00fc Bask\u0131: Ekim 1997; Be\u015finci Bask\u0131: Mart 2003; Alt\u0131nc\u0131 Bask\u0131: Ekim 2006; Yedinci Bask\u0131: \u015eubat 2009) tarihinde, Ankara\u2019da Kuban Matbaac\u0131l\u0131k\u2019ta bast\u0131r\u0131ld\u0131. \ufffcTan\u0131t\u0131m Metni<\/p>\n","protected":false},"excerpt":{"rendered":"<p>Karl Marx\u2019\u0131n Das Kapital, Kritik der politischen \u00d6konomie, band 2, (1867-1883 [1885]) adl\u0131 yap\u0131t\u0131n\u0131, Alaattin Bilgi \u0130ngilizcesinden (Capital, A Cricital of Political Economy, vol. 2, Progress<span class=\"excerpt-hellip\"> [\u2026]<\/span><\/p>\n","protected":false},"featured_media":0,"template":"","meta":{"_monsterinsights_skip_tracking":false,"_monsterinsights_sitenote_active":false,"_monsterinsights_sitenote_note":"","_monsterinsights_sitenote_category":0},"product_brand":[],"product_cat":[12337,14543],"product_tag":[],"class_list":{"0":"post-694840","1":"product","2":"type-product","3":"status-publish","5":"product_cat-politika-siyaset","6":"product_cat-turkiye-siyaseti-ve-politikasi","7":"pa_cilt-ciltsiz","8":"pa_tur-kitap","9":"pa_yayinevi-sol-yayinlari","10":"pa_yazar-karl-marx","12":"first","13":"instock","14":"sale","15":"shipping-taxable","16":"purchasable","17":"product-type-simple"},"_links":{"self":[{"href":"https:\/\/roveyayinevi.com.tr\/index.php\/wp-json\/wp\/v2\/product\/694840","targetHints":{"allow":["GET"]}}],"collection":[{"href":"https:\/\/roveyayinevi.com.tr\/index.php\/wp-json\/wp\/v2\/product"}],"about":[{"href":"https:\/\/roveyayinevi.com.tr\/index.php\/wp-json\/wp\/v2\/types\/product"}],"wp:attachment":[{"href":"https:\/\/roveyayinevi.com.tr\/index.php\/wp-json\/wp\/v2\/media?parent=694840"}],"wp:term":[{"taxonomy":"product_brand","embeddable":true,"href":"https:\/\/roveyayinevi.com.tr\/index.php\/wp-json\/wp\/v2\/product_brand?post=694840"},{"taxonomy":"product_cat","embeddable":true,"href":"https:\/\/roveyayinevi.com.tr\/index.php\/wp-json\/wp\/v2\/product_cat?post=694840"},{"taxonomy":"product_tag","embeddable":true,"href":"https:\/\/roveyayinevi.com.tr\/index.php\/wp-json\/wp\/v2\/product_tag?post=694840"}],"curies":[{"name":"wp","href":"https:\/\/api.w.org\/{rel}","templated":true}]}}