{"id":694839,"date":"2025-08-27T14:24:15","date_gmt":"2025-08-27T11:24:15","guid":{"rendered":"https:\/\/roveyayinevi.com.tr\/index.php\/urun\/dogu-sorunu-turkiye\/"},"modified":"2026-03-23T02:04:25","modified_gmt":"2026-03-22T23:04:25","slug":"dogu-sorunu-turkiye","status":"publish","type":"product","link":"https:\/\/roveyayinevi.com.tr\/index.php\/urun\/dogu-sorunu-turkiye\/","title":{"rendered":"Do\u011fu Sorunu (T\u00fcrkiye)"},"content":{"rendered":"<p>K. Marx ve F. Engels&#8217;in yaz\u0131lar\u0131ndan Eleanor Marx Aveling ve Edward Aveling taraf\u0131ndan derlenen The Eastern Question (Swan Sonnenschein, London 1897) adl\u0131 yap\u0131t\u0131 \u0130ngilizce asl\u0131ndan Yurdakul Fincanc\u0131 dilimize \u00e7evirdi ve kitap Do\u011fu Sorunu [T\u00fcrkiye] ad\u0131 ile Sol Yay\u0131nlar\u0131 taraf\u0131ndan Mart 1977 tarihinde Ankara&#8217;da \u0130lkyaz Bas\u0131mevi&#8217;nde dizdirilip bast\u0131r\u0131ld\u0131. \ufffcTan\u0131t\u0131m Metni<\/p>\n","protected":false},"excerpt":{"rendered":"<p>K. Marx ve F. Engels&#8217;in yaz\u0131lar\u0131ndan Eleanor Marx Aveling ve Edward Aveling taraf\u0131ndan derlenen The Eastern Question (Swan Sonnenschein, London 1897) adl\u0131 yap\u0131t\u0131 \u0130ngilizce asl\u0131ndan Yurdakul<span class=\"excerpt-hellip\"> [\u2026]<\/span><\/p>\n","protected":false},"featured_media":0,"template":"","meta":{"_monsterinsights_skip_tracking":false,"_monsterinsights_sitenote_active":false,"_monsterinsights_sitenote_note":"","_monsterinsights_sitenote_category":0},"product_brand":[],"product_cat":[12337,14543],"product_tag":[],"class_list":{"0":"post-694839","1":"product","2":"type-product","3":"status-publish","5":"product_cat-politika-siyaset","6":"product_cat-turkiye-siyaseti-ve-politikasi","7":"pa_cilt-ciltsiz","8":"pa_tur-kitap","9":"pa_yayinevi-sol-yayinlari","10":"pa_yazar-karl-marx","12":"first","13":"instock","14":"sale","15":"shipping-taxable","16":"purchasable","17":"product-type-simple"},"_links":{"self":[{"href":"https:\/\/roveyayinevi.com.tr\/index.php\/wp-json\/wp\/v2\/product\/694839","targetHints":{"allow":["GET"]}}],"collection":[{"href":"https:\/\/roveyayinevi.com.tr\/index.php\/wp-json\/wp\/v2\/product"}],"about":[{"href":"https:\/\/roveyayinevi.com.tr\/index.php\/wp-json\/wp\/v2\/types\/product"}],"wp:attachment":[{"href":"https:\/\/roveyayinevi.com.tr\/index.php\/wp-json\/wp\/v2\/media?parent=694839"}],"wp:term":[{"taxonomy":"product_brand","embeddable":true,"href":"https:\/\/roveyayinevi.com.tr\/index.php\/wp-json\/wp\/v2\/product_brand?post=694839"},{"taxonomy":"product_cat","embeddable":true,"href":"https:\/\/roveyayinevi.com.tr\/index.php\/wp-json\/wp\/v2\/product_cat?post=694839"},{"taxonomy":"product_tag","embeddable":true,"href":"https:\/\/roveyayinevi.com.tr\/index.php\/wp-json\/wp\/v2\/product_tag?post=694839"}],"curies":[{"name":"wp","href":"https:\/\/api.w.org\/{rel}","templated":true}]}}