{"id":694838,"date":"2025-08-27T14:24:14","date_gmt":"2025-08-27T11:24:14","guid":{"rendered":"https:\/\/roveyayinevi.com.tr\/index.php\/urun\/fransada-sinif-savasimlari-1848-1850\/"},"modified":"2026-04-16T02:04:41","modified_gmt":"2026-04-15T23:04:41","slug":"fransada-sinif-savasimlari-1848-1850","status":"publish","type":"product","link":"https:\/\/roveyayinevi.com.tr\/index.php\/urun\/fransada-sinif-savasimlari-1848-1850\/","title":{"rendered":"Fransa\u2019da S\u0131n\u0131f Sava\u015f\u0131mlar\u0131 1848-1850"},"content":{"rendered":"<p>Yeniden yay\u0131nlanan bu yap\u0131t, Marx\u2019\u0131n, \u00e7a\u011fda\u015f tarihin bir par\u00e7as\u0131n\u0131, verili ekonomik durum temeli \u00fczerinde kendi materyalist anlay\u0131\u015f\u0131yla a\u00e7\u0131klama yolunda ilk giri\u015fimiydi. Kom\u00fcnist Manifesto\u2019da, teori, b\u00fct\u00fcn modern tarihin geni\u015f bir tasla\u011f\u0131n\u0131 yapmak i\u00e7in kullan\u0131lm\u0131\u015ft\u0131; Marx ve ben, Neue Rheinische Zeitung\u2019da yay\u0131nlanan yaz\u0131lar\u0131m\u0131zda, teoriyi, o g\u00fcn\u00fcn siyasal olaylar\u0131n\u0131 yorumlamak i\u00e7in kullanm\u0131\u015ft\u0131k. Buna kar\u015f\u0131l\u0131k, burada b\u00fct\u00fcn Avrupa\u2019da, kritik oldu\u011fu kadar tipik olan birka\u00e7 y\u0131ll\u0131k bir geli\u015fmenin ak\u0131\u015f\u0131 s\u0131ras\u0131nda nedenlerin ardarda i\u00e7 ba\u011flan\u0131\u015f\u0131n\u0131 ortaya koymak, yani yazar\u0131n anlay\u0131\u015f\u0131yla uygunluk i\u00e7inde, siyasal olaylar\u0131, son tahlilde ekonomik olan nedenlerin sonu\u00e7lar\u0131na kadar izlemek s\u00f6zkonusuydu. <\/p>\n","protected":false},"excerpt":{"rendered":"<p>Yeniden yay\u0131nlanan bu yap\u0131t, Marx\u2019\u0131n, \u00e7a\u011fda\u015f tarihin bir par\u00e7as\u0131n\u0131, verili ekonomik durum temeli \u00fczerinde kendi materyalist anlay\u0131\u015f\u0131yla a\u00e7\u0131klama yolunda ilk giri\u015fimiydi. Kom\u00fcnist Manifesto\u2019da, teori, b\u00fct\u00fcn modern<span class=\"excerpt-hellip\"> [\u2026]<\/span><\/p>\n","protected":false},"featured_media":0,"template":"","meta":{"_monsterinsights_skip_tracking":false,"_monsterinsights_sitenote_active":false,"_monsterinsights_sitenote_note":"","_monsterinsights_sitenote_category":0},"product_brand":[],"product_cat":[12312,12304],"product_tag":[],"class_list":{"0":"post-694838","1":"product","2":"type-product","3":"status-publish","5":"product_cat-diger","6":"product_cat-tarih","7":"pa_cilt-ciltsiz","8":"pa_tur-kitap","9":"pa_yayinevi-sol-yayinlari","10":"pa_yazar-karl-marx","12":"first","13":"instock","14":"sale","15":"shipping-taxable","16":"purchasable","17":"product-type-simple"},"_links":{"self":[{"href":"https:\/\/roveyayinevi.com.tr\/index.php\/wp-json\/wp\/v2\/product\/694838","targetHints":{"allow":["GET"]}}],"collection":[{"href":"https:\/\/roveyayinevi.com.tr\/index.php\/wp-json\/wp\/v2\/product"}],"about":[{"href":"https:\/\/roveyayinevi.com.tr\/index.php\/wp-json\/wp\/v2\/types\/product"}],"wp:attachment":[{"href":"https:\/\/roveyayinevi.com.tr\/index.php\/wp-json\/wp\/v2\/media?parent=694838"}],"wp:term":[{"taxonomy":"product_brand","embeddable":true,"href":"https:\/\/roveyayinevi.com.tr\/index.php\/wp-json\/wp\/v2\/product_brand?post=694838"},{"taxonomy":"product_cat","embeddable":true,"href":"https:\/\/roveyayinevi.com.tr\/index.php\/wp-json\/wp\/v2\/product_cat?post=694838"},{"taxonomy":"product_tag","embeddable":true,"href":"https:\/\/roveyayinevi.com.tr\/index.php\/wp-json\/wp\/v2\/product_tag?post=694838"}],"curies":[{"name":"wp","href":"https:\/\/api.w.org\/{rel}","templated":true}]}}