{"id":694834,"date":"2025-08-27T14:23:23","date_gmt":"2025-08-27T11:23:23","guid":{"rendered":"https:\/\/roveyayinevi.com.tr\/index.php\/urun\/emperyalist-ekonomizm-marksizmin-bir-karikaturu\/"},"modified":"2026-04-16T02:04:41","modified_gmt":"2026-04-15T23:04:41","slug":"emperyalist-ekonomizm-marksizmin-bir-karikaturu","status":"publish","type":"product","link":"https:\/\/roveyayinevi.com.tr\/index.php\/urun\/emperyalist-ekonomizm-marksizmin-bir-karikaturu\/","title":{"rendered":"Emperyalist Ekonomizm Marksizmin Bir Karikat\u00fcr\u00fc"},"content":{"rendered":"<p>\u0130\u00c7\u0130NDEK\u0130LER7            Geli\u015fen Emperyalist Ekonomizm E\u011filimi17           P. Kievski&#8217;ye (Y. Piyatakov) Yan\u0131t24           Marksizmin Bir Karikat\u00fcr\u00fc ve Emperyalist Ekonomizm26                        1. Sava\u015fa ve &#8220;Ata Topraklar\u0131n\u0131n Savunulmas\u0131&#8221;na Kar\u015f\u0131 Marksist Tutum32                        2. &#8220;Yeni \u00c7a\u011f Anlay\u0131\u015f\u0131m\u0131z&#8221;36                        3. Ekonomik Tahlil Nedir?45                        4. Norve\u00e7 \u00d6rne\u011fi52                        5. &#8220;Bircilik ve \u0130kicilik&#8221;61                        6. P. Kievski&#8217;nin Ortaya Att\u0131\u011f\u0131 ve \u00c7arp\u0131tt\u0131\u011f\u0131 \u00d6teki Siyasal Konular74                        7. Sonu\u00e7. Aleksinski Y\u00f6ntemleri76            A\u00e7\u0131klay\u0131c\u0131 Notlar <\/p>\n","protected":false},"excerpt":{"rendered":"<p>\u0130\u00c7\u0130NDEK\u0130LER7 Geli\u015fen Emperyalist Ekonomizm E\u011filimi17 P. Kievski&#8217;ye (Y. Piyatakov) Yan\u0131t24 Marksizmin Bir Karikat\u00fcr\u00fc ve Emperyalist Ekonomizm26 1. Sava\u015fa ve &#8220;Ata Topraklar\u0131n\u0131n Savunulmas\u0131&#8221;na Kar\u015f\u0131 Marksist Tutum32 2.<span class=\"excerpt-hellip\"> [\u2026]<\/span><\/p>\n","protected":false},"featured_media":0,"template":"","meta":{"_monsterinsights_skip_tracking":false,"_monsterinsights_sitenote_active":false,"_monsterinsights_sitenote_note":"","_monsterinsights_sitenote_category":0},"product_brand":[],"product_cat":[13043,14144],"product_tag":[],"class_list":{"0":"post-694834","1":"product","2":"type-product","3":"status-publish","5":"product_cat-ekonomi","6":"product_cat-turkiye-ekonomisi","7":"pa_cilt-ciltsiz","8":"pa_tur-kitap","9":"pa_yayinevi-sol-yayinlari","10":"pa_yazar-vladimir-ilyic-lenin","12":"first","13":"instock","14":"sale","15":"shipping-taxable","16":"purchasable","17":"product-type-simple"},"_links":{"self":[{"href":"https:\/\/roveyayinevi.com.tr\/index.php\/wp-json\/wp\/v2\/product\/694834","targetHints":{"allow":["GET"]}}],"collection":[{"href":"https:\/\/roveyayinevi.com.tr\/index.php\/wp-json\/wp\/v2\/product"}],"about":[{"href":"https:\/\/roveyayinevi.com.tr\/index.php\/wp-json\/wp\/v2\/types\/product"}],"wp:attachment":[{"href":"https:\/\/roveyayinevi.com.tr\/index.php\/wp-json\/wp\/v2\/media?parent=694834"}],"wp:term":[{"taxonomy":"product_brand","embeddable":true,"href":"https:\/\/roveyayinevi.com.tr\/index.php\/wp-json\/wp\/v2\/product_brand?post=694834"},{"taxonomy":"product_cat","embeddable":true,"href":"https:\/\/roveyayinevi.com.tr\/index.php\/wp-json\/wp\/v2\/product_cat?post=694834"},{"taxonomy":"product_tag","embeddable":true,"href":"https:\/\/roveyayinevi.com.tr\/index.php\/wp-json\/wp\/v2\/product_tag?post=694834"}],"curies":[{"name":"wp","href":"https:\/\/api.w.org\/{rel}","templated":true}]}}