{"id":694833,"date":"2025-08-27T14:23:23","date_gmt":"2025-08-27T11:23:23","guid":{"rendered":"https:\/\/roveyayinevi.com.tr\/index.php\/urun\/felsefenin-temel-ilkeleri\/"},"modified":"2026-04-16T02:04:41","modified_gmt":"2026-04-15T23:04:41","slug":"felsefenin-temel-ilkeleri","status":"publish","type":"product","link":"https:\/\/roveyayinevi.com.tr\/index.php\/urun\/felsefenin-temel-ilkeleri\/","title":{"rendered":"Felsefenin Temel \u0130lkeleri"},"content":{"rendered":"<p>S\u0131k S\u0131k \u015f\u00f6yle denir. Georges Politzer her \u015feyden \u00f6nce G\u00fcl\u00fc\u015ft\u00fcr. Meydan okuman\u0131n G\u00fcl\u00fc\u015f\u00fc; ba\u015fkald\u0131rman\u0131n de\u011fil, devrimcinin G\u00fcl\u00fc\u015f\u00fc; anar\u015fistin de\u011fil, devrimcinin G\u00fcl\u00fc\u015f\u00fc; anar\u015fistin de\u011fil, tarihin mahkumiyet h\u00fckm\u00fcnden kurtulmak i\u00e7in eski d\u00fcnyan\u0131n g\u00fc\u00e7leriyle a\u00e7\u0131k\u00e7a alay eden marksistin G\u00fcl\u00fc\u015f\u00fc Zincirler i\u00e7inde, Pucheu&#8217;n\u00fcn kar\u015f\u0131s\u0131nda, Gestaponun i\u015fkenceleri i\u00e7inde bile, galip gelenin G\u00fcl\u00fc\u015f\u00fc; infaz mangas\u0131n\u0131n kar\u015f\u0131s\u0131nda, galip gelenin G\u00fcl\u00fc\u015f\u00fc. <\/p>\n","protected":false},"excerpt":{"rendered":"<p>S\u0131k S\u0131k \u015f\u00f6yle denir. Georges Politzer her \u015feyden \u00f6nce G\u00fcl\u00fc\u015ft\u00fcr. Meydan okuman\u0131n G\u00fcl\u00fc\u015f\u00fc; ba\u015fkald\u0131rman\u0131n de\u011fil, devrimcinin G\u00fcl\u00fc\u015f\u00fc; anar\u015fistin de\u011fil, devrimcinin G\u00fcl\u00fc\u015f\u00fc; anar\u015fistin de\u011fil, tarihin mahkumiyet h\u00fckm\u00fcnden<span class=\"excerpt-hellip\"> [\u2026]<\/span><\/p>\n","protected":false},"featured_media":0,"template":"","meta":{"_monsterinsights_skip_tracking":false,"_monsterinsights_sitenote_active":false,"_monsterinsights_sitenote_note":"","_monsterinsights_sitenote_category":0},"product_brand":[],"product_cat":[12388,13555],"product_tag":[],"class_list":{"0":"post-694833","1":"product","2":"type-product","3":"status-publish","5":"product_cat-felsefe","6":"product_cat-genel-felsefe","7":"pa_cilt-ciltsiz","8":"pa_tur-kitap","9":"pa_yayinevi-sol-yayinlari","10":"pa_yazar-georges-politzer","12":"first","13":"instock","14":"sale","15":"shipping-taxable","16":"purchasable","17":"product-type-simple"},"_links":{"self":[{"href":"https:\/\/roveyayinevi.com.tr\/index.php\/wp-json\/wp\/v2\/product\/694833","targetHints":{"allow":["GET"]}}],"collection":[{"href":"https:\/\/roveyayinevi.com.tr\/index.php\/wp-json\/wp\/v2\/product"}],"about":[{"href":"https:\/\/roveyayinevi.com.tr\/index.php\/wp-json\/wp\/v2\/types\/product"}],"wp:attachment":[{"href":"https:\/\/roveyayinevi.com.tr\/index.php\/wp-json\/wp\/v2\/media?parent=694833"}],"wp:term":[{"taxonomy":"product_brand","embeddable":true,"href":"https:\/\/roveyayinevi.com.tr\/index.php\/wp-json\/wp\/v2\/product_brand?post=694833"},{"taxonomy":"product_cat","embeddable":true,"href":"https:\/\/roveyayinevi.com.tr\/index.php\/wp-json\/wp\/v2\/product_cat?post=694833"},{"taxonomy":"product_tag","embeddable":true,"href":"https:\/\/roveyayinevi.com.tr\/index.php\/wp-json\/wp\/v2\/product_tag?post=694833"}],"curies":[{"name":"wp","href":"https:\/\/api.w.org\/{rel}","templated":true}]}}