{"id":694830,"date":"2025-08-27T14:23:22","date_gmt":"2025-08-27T11:23:22","guid":{"rendered":"https:\/\/roveyayinevi.com.tr\/index.php\/urun\/aleksandir-borodin\/"},"modified":"2026-04-16T02:04:41","modified_gmt":"2026-04-15T23:04:41","slug":"aleksandir-borodin","status":"publish","type":"product","link":"https:\/\/roveyayinevi.com.tr\/index.php\/urun\/aleksandir-borodin\/","title":{"rendered":"Aleksand\u0131r Borodin"},"content":{"rendered":"<p>Din\u00e7er Y\u0131ld\u0131z&#8217;\u0131n a\u00e7\u0131k se\u00e7ik T\u00fcrk\u00e7esiyle yaz\u0131lm\u0131\u015f, zevkle okunacak bir kitap. Rus toplumunun geli\u015fimi, Rus Be\u015fleri ve onlar\u0131n i\u00e7inde Borodin&#8217;in \u00f6zel ya\u015fam\u0131, ki\u015fili\u011fi, eserleri vb. konularda bilgi veren, yorumlar getiren az rastlan\u0131r g\u00fczellikte bir kitap. \u0130lgin\u00e7 ve g\u00fczel. \ufffcTan\u0131t\u0131m Metni<\/p>\n","protected":false},"excerpt":{"rendered":"<p>Din\u00e7er Y\u0131ld\u0131z&#8217;\u0131n a\u00e7\u0131k se\u00e7ik T\u00fcrk\u00e7esiyle yaz\u0131lm\u0131\u015f, zevkle okunacak bir kitap. Rus toplumunun geli\u015fimi, Rus Be\u015fleri ve onlar\u0131n i\u00e7inde Borodin&#8217;in \u00f6zel ya\u015fam\u0131, ki\u015fili\u011fi, eserleri vb. konularda bilgi<span class=\"excerpt-hellip\"> [\u2026]<\/span><\/p>\n","protected":false},"featured_media":0,"template":"","meta":{"_monsterinsights_skip_tracking":false,"_monsterinsights_sitenote_active":false,"_monsterinsights_sitenote_note":"","_monsterinsights_sitenote_category":0},"product_brand":[],"product_cat":[14591,14556],"product_tag":[],"class_list":{"0":"post-694830","1":"product","2":"type-product","3":"status-publish","5":"product_cat-genel-kavramlar-kuram-ve-tarihce","6":"product_cat-muzik","7":"pa_cilt-ciltli","8":"pa_tur-kitap","9":"pa_yayinevi-sun-yayinevi","10":"pa_yazar-dincer-yildiz","12":"first","13":"instock","14":"sale","15":"shipping-taxable","16":"purchasable","17":"product-type-simple"},"_links":{"self":[{"href":"https:\/\/roveyayinevi.com.tr\/index.php\/wp-json\/wp\/v2\/product\/694830","targetHints":{"allow":["GET"]}}],"collection":[{"href":"https:\/\/roveyayinevi.com.tr\/index.php\/wp-json\/wp\/v2\/product"}],"about":[{"href":"https:\/\/roveyayinevi.com.tr\/index.php\/wp-json\/wp\/v2\/types\/product"}],"wp:attachment":[{"href":"https:\/\/roveyayinevi.com.tr\/index.php\/wp-json\/wp\/v2\/media?parent=694830"}],"wp:term":[{"taxonomy":"product_brand","embeddable":true,"href":"https:\/\/roveyayinevi.com.tr\/index.php\/wp-json\/wp\/v2\/product_brand?post=694830"},{"taxonomy":"product_cat","embeddable":true,"href":"https:\/\/roveyayinevi.com.tr\/index.php\/wp-json\/wp\/v2\/product_cat?post=694830"},{"taxonomy":"product_tag","embeddable":true,"href":"https:\/\/roveyayinevi.com.tr\/index.php\/wp-json\/wp\/v2\/product_tag?post=694830"}],"curies":[{"name":"wp","href":"https:\/\/api.w.org\/{rel}","templated":true}]}}