{"id":694829,"date":"2025-08-27T14:23:22","date_gmt":"2025-08-27T11:23:22","guid":{"rendered":"https:\/\/roveyayinevi.com.tr\/index.php\/urun\/yenileme-bilinci\/"},"modified":"2026-04-16T02:04:41","modified_gmt":"2026-04-15T23:04:41","slug":"yenileme-bilinci","status":"publish","type":"product","link":"https:\/\/roveyayinevi.com.tr\/index.php\/urun\/yenileme-bilinci\/","title":{"rendered":"Yenileme Bilinci"},"content":{"rendered":"<p>Yenileme Bilinci olgulardan yola \u00e7\u0131karak d\u00fc\u015f\u00fcnmenin el \u00fcst\u00fcnde tutuldu\u011fu bir d\u00f6nemin \u00fcr\u00fcn\u00fc. Olgular\u0131n niteli\u011fi, kimlik, insan\u0131n kendisini tan\u0131yarak var olmas\u0131, k\u00fclt\u00fcr\u00fcn yenilenmesi ve onu yenleyecek olan zihnin ileyi\u015fi gibi kavramlar\u0131 \u00f6ne \u00e7\u0131kar\u0131yor. Hayat\u0131n o d\u00f6nemde eylem yo\u011funlu\u011fu ile dolup ta\u015fmas\u0131, \u00e7\u00f6z\u00fcm aray\u0131\u015f\u0131na itiyor insanlar\u0131. Bu kitapta, aray\u0131\u015f\u0131n yayg\u0131n konular\u0131 \u00fczerinde odalan\u0131ld\u0131\u011f\u0131 kadar, k\u00f6kene, teoriye, kavramlar\u0131n gayri \u015fahsi durumuna inerek alg\u0131 kap\u0131lar\u0131n\u0131n aralamas\u0131 talebi, temel kayg\u0131 durumunda. <\/p>\n","protected":false},"excerpt":{"rendered":"<p>Yenileme Bilinci olgulardan yola \u00e7\u0131karak d\u00fc\u015f\u00fcnmenin el \u00fcst\u00fcnde tutuldu\u011fu bir d\u00f6nemin \u00fcr\u00fcn\u00fc. Olgular\u0131n niteli\u011fi, kimlik, insan\u0131n kendisini tan\u0131yarak var olmas\u0131, k\u00fclt\u00fcr\u00fcn yenilenmesi ve onu yenleyecek olan<span class=\"excerpt-hellip\"> [\u2026]<\/span><\/p>\n","protected":false},"featured_media":0,"template":"","meta":{"_monsterinsights_skip_tracking":false,"_monsterinsights_sitenote_active":false,"_monsterinsights_sitenote_note":"","_monsterinsights_sitenote_category":0},"product_brand":[],"product_cat":[12777,12291],"product_tag":[],"class_list":{"0":"post-694829","1":"product","2":"type-product","3":"status-publish","5":"product_cat-deneme","6":"product_cat-edebiyat","7":"pa_tur-kitap","8":"pa_yayinevi-sufi-kitap","9":"pa_yazar-ebubekir-eroglu","11":"first","12":"instock","13":"sale","14":"shipping-taxable","15":"purchasable","16":"product-type-simple"},"_links":{"self":[{"href":"https:\/\/roveyayinevi.com.tr\/index.php\/wp-json\/wp\/v2\/product\/694829","targetHints":{"allow":["GET"]}}],"collection":[{"href":"https:\/\/roveyayinevi.com.tr\/index.php\/wp-json\/wp\/v2\/product"}],"about":[{"href":"https:\/\/roveyayinevi.com.tr\/index.php\/wp-json\/wp\/v2\/types\/product"}],"wp:attachment":[{"href":"https:\/\/roveyayinevi.com.tr\/index.php\/wp-json\/wp\/v2\/media?parent=694829"}],"wp:term":[{"taxonomy":"product_brand","embeddable":true,"href":"https:\/\/roveyayinevi.com.tr\/index.php\/wp-json\/wp\/v2\/product_brand?post=694829"},{"taxonomy":"product_cat","embeddable":true,"href":"https:\/\/roveyayinevi.com.tr\/index.php\/wp-json\/wp\/v2\/product_cat?post=694829"},{"taxonomy":"product_tag","embeddable":true,"href":"https:\/\/roveyayinevi.com.tr\/index.php\/wp-json\/wp\/v2\/product_tag?post=694829"}],"curies":[{"name":"wp","href":"https:\/\/api.w.org\/{rel}","templated":true}]}}