{"id":694827,"date":"2025-08-27T14:23:22","date_gmt":"2025-08-27T11:23:22","guid":{"rendered":"https:\/\/roveyayinevi.com.tr\/index.php\/urun\/tolstoyun-gizli-raporlarinda-osmanli-imparatorlugu\/"},"modified":"2026-04-16T02:04:41","modified_gmt":"2026-04-15T23:04:41","slug":"tolstoyun-gizli-raporlarinda-osmanli-imparatorlugu","status":"publish","type":"product","link":"https:\/\/roveyayinevi.com.tr\/index.php\/urun\/tolstoyun-gizli-raporlarinda-osmanli-imparatorlugu\/","title":{"rendered":"Tolstoy\u2019un Gizli Raporlar\u0131nda Osmanl\u0131 \u0130mparatorlu\u011fu"},"content":{"rendered":"<p>O (2. Mustafa , b\u00fct\u00fcn i\u015flerini vezirine b\u0131rakm\u0131\u015ft\u0131r, ne ordu, ne din, ne de saray i\u015fleri ile ilgileniyor. Ancak saray\u0131n i\u00e7inde, e\u011flencesinden geri kalm\u0131yor ve \u00e7e\u015fitli han\u0131mlar bulundurarak onlarla e\u011fleniyor. Avlanmay\u0131 \u00e7ok seviyor, \u00e7e\u015fitli av merasimlerine b\u00fcy\u00fck harcamalar yap\u0131l\u0131yor. Hazine bu harcamalardan zor duruma d\u00fc\u015fm\u00fc\u015ft\u00fcr. T\u00fcrk halk\u0131n\u0131n durumu \u015fu \u015fekildedir: Onlar ma\u011frur, gururlu, \u015f\u00f6hretli seven bir halkt\u0131r. T\u00fcm T\u00fcrk vezirler devlet idaresinden ziyade kendi zenginliklerini d\u00fc\u015f\u00fcn\u00fcyorlar&#8230; &#8230;\u015eu anda devlet halktan gelen gelirle giderleri kar\u015f\u0131layamaz duruma gelmi\u015f ve her sene hazinenin borcu bir \u00f6nceki seneye nazaran daha da artmaktad\u0131r. &#8230;\u015eu anda devlet halktan gelen gelirle giderleri kar\u015f\u0131layamaz duruma gelmi\u015f ve her sene hazinenin borcu bir \u00f6nceki seneye nazaran daha da artmaktad\u0131r. Frans\u0131z el\u00e7i inan\u0131lmaz \u00e7abalar sarfetmektedir. Ancak \u0130ngiltere ve Hollanda el\u00e7ileri bo\u015f durmamaktad\u0131rlar. Onlar\u0131n ne kadar para harcad\u0131klar\u0131n\u0131 ve hediyeler verdiklerini ise bir tek Allah bilmektedir. Tolstoy, tuttu\u011fu notlarda Sultan 2. Mustafa d\u00f6neminde Osmanl\u0131 \u0130mparatorlu\u011fu&#8217;nun d\u00e2hili durumu hakk\u0131nda ayr\u0131nt\u0131l\u0131 bir resim \u00e7izmekte, 18. y\u00fczy\u0131l\u0131n ba\u015flar\u0131nda ne T\u00fcrk ne de Avrupa kaynaklar\u0131nda bu kadar geni\u015f bir \u015fekilde anlat\u0131lmayan bir\u00e7ok \u00f6nemli mesele hakk\u0131nda de\u011ferli bilgiler vermektedir. Kay\u0131tlar \u00f6zellikle a\u011f\u0131r vergi y\u00fck\u00fc, gayrim\u00fcslim halkla olan ili\u015fkiler, devlet mekanizmas\u0131n\u0131n yap\u0131s\u0131, \u00fcst d\u00fczey baz\u0131 memurlar\u0131n ki\u015fisel \u00f6zellikleri, saraydaki yolsuzluk, ordunun \u00f6zellikle de donanman\u0131n durumu, T\u00fcrkiye&#8217;nin Avrupa \u00fclkeleriyle ili\u015fkileri, Rus-T\u00fcrk ili\u015fkilerini zorla\u015ft\u0131rmaya \u00e7al\u0131\u015fan Avrupa el\u00e7ilerinin T\u00fcrkiye&#8217;deki faaliyetleri konular\u0131n\u0131 ihtiva etmektedir. \ufffcTan\u0131t\u0131m Metni<\/p>\n","protected":false},"excerpt":{"rendered":"<p>O (2. Mustafa , b\u00fct\u00fcn i\u015flerini vezirine b\u0131rakm\u0131\u015ft\u0131r, ne ordu, ne din, ne de saray i\u015fleri ile ilgileniyor. Ancak saray\u0131n i\u00e7inde, e\u011flencesinden geri kalm\u0131yor ve \u00e7e\u015fitli<span class=\"excerpt-hellip\"> [\u2026]<\/span><\/p>\n","protected":false},"featured_media":0,"template":"","meta":{"_monsterinsights_skip_tracking":false,"_monsterinsights_sitenote_active":false,"_monsterinsights_sitenote_note":"","_monsterinsights_sitenote_category":0},"product_brand":[],"product_cat":[13517,12304],"product_tag":[],"class_list":{"0":"post-694827","1":"product","2":"type-product","3":"status-publish","5":"product_cat-osmanli-tarihi","6":"product_cat-tarih","7":"pa_tur-kitap","8":"pa_yayinevi-yeditepe-yayinevi","9":"pa_yazar-m-r-arunova","11":"first","12":"instock","13":"sale","14":"shipping-taxable","15":"purchasable","16":"product-type-simple"},"_links":{"self":[{"href":"https:\/\/roveyayinevi.com.tr\/index.php\/wp-json\/wp\/v2\/product\/694827","targetHints":{"allow":["GET"]}}],"collection":[{"href":"https:\/\/roveyayinevi.com.tr\/index.php\/wp-json\/wp\/v2\/product"}],"about":[{"href":"https:\/\/roveyayinevi.com.tr\/index.php\/wp-json\/wp\/v2\/types\/product"}],"wp:attachment":[{"href":"https:\/\/roveyayinevi.com.tr\/index.php\/wp-json\/wp\/v2\/media?parent=694827"}],"wp:term":[{"taxonomy":"product_brand","embeddable":true,"href":"https:\/\/roveyayinevi.com.tr\/index.php\/wp-json\/wp\/v2\/product_brand?post=694827"},{"taxonomy":"product_cat","embeddable":true,"href":"https:\/\/roveyayinevi.com.tr\/index.php\/wp-json\/wp\/v2\/product_cat?post=694827"},{"taxonomy":"product_tag","embeddable":true,"href":"https:\/\/roveyayinevi.com.tr\/index.php\/wp-json\/wp\/v2\/product_tag?post=694827"}],"curies":[{"name":"wp","href":"https:\/\/api.w.org\/{rel}","templated":true}]}}