{"id":694820,"date":"2025-08-27T14:23:20","date_gmt":"2025-08-27T11:23:20","guid":{"rendered":"https:\/\/roveyayinevi.com.tr\/index.php\/urun\/yenilmez-turk\/"},"modified":"2026-04-16T02:04:41","modified_gmt":"2026-04-15T23:04:41","slug":"yenilmez-turk","status":"publish","type":"product","link":"https:\/\/roveyayinevi.com.tr\/index.php\/urun\/yenilmez-turk\/","title":{"rendered":"Yenilmez T\u00fcrk"},"content":{"rendered":"<p>Osmanl\u0131 Padi\u015fahlar\u0131 i\u00e7erisinde en bilineni hi\u00e7 \u015f\u00fcphesiz Kanun\u00ee Sultan S\u00fcleyman&#8217;d\u0131r. 46 y\u0131l s\u00fcren h\u00fck\u00fcmdarl\u0131\u011f\u0131n\u0131n izleri g\u00fcn\u00fcm\u00fcze kadar gelmi\u015ftir. Kanun\u00ee Sultan S\u00fcleyman d\u00f6neminde do\u011fu s\u0131n\u0131rlar\u0131n\u0131n fazla tehdit almamas\u0131 ve Avrupa&#8217;da geli\u015fen \u015fartlar sebebiyle as\u0131l hedef bat\u0131 olmu\u015ftu. Kanun\u00ee&#8217;den itabaren Osmanl\u0131 \u0130mparatorlu\u011fu, Avrupa i\u00e7in ger\u00e7ek bir tehlike oldu. Kanun\u00ee Sultan S\u00fcleyman d\u00f6neminde Almanya i\u00e7lerine kadar ilerlenmesi, Avrupa&#8217;da b\u00fcy\u00fck bir korkuya sebep oldu\u011fu gibi  Yenilmez T\u00fcrk imaj\u0131n\u0131  da olu\u015fturdu. Kanun\u00ee d\u00f6nemi o kadar parlakt\u0131 ki 17. y\u00fczy\u0131lda Osmanl\u0131 \u0130mparatorlu\u011fu&#8217;nun i\u00e7ine girdi\u011fi buhranl\u0131 y\u0131llarda, \u0131slahat layihas\u0131 kaleme alanar Kanuni d\u00f6nemini d\u00f6n\u00fclmesi gereken  Alt\u0131n \u00e7a\u011f  olarak g\u00f6stermi\u015flerdir. Kanuni d\u00f6nemi her y\u00f6nden \u0130mparatorlu\u011fun zirvesi olmasa da padi\u015fah\u0131n 46 y\u0131l s\u00fcren h\u00fck\u00fcmdarl\u0131\u011f\u0131 ve d\u00fcnya siyasetine y\u00f6n vermesiyle Osmanl\u0131 \u0130mparatorlu\u011fu&#8217;nun en g\u00f6z al\u0131c\u0131 d\u00f6nemidir. Jorga, Kanun\u00ee&#8217;yi  Hi\u00e7bir Osmanl\u0131 Sultan\u0131, Osman Bey&#8217;in halefi, padi\u015fah ve halife olarak sahip oldu\u011fu bilinci, onun kadar ihti\u015famla ta\u015f\u0131mad\u0131  \u015feklinde de\u011ferlendirir. Jorga&#8217;n\u0131n Osmanl\u0131 Tarihi&#8217;nin Kanun\u00ee Sultan S\u00fcleyman ile ilgili bu k\u0131sm\u0131 bir\u00e7ok ana kayna\u011fa dayan\u0131larak haz\u0131rlanm\u0131\u015f ve Kanun\u00ee d\u00f6neminde Osmanl\u0131 \u0130mparatorlu\u011fu&#8217;nu teferruatl\u0131 olarak anlatan bir eserdir. <\/p>\n","protected":false},"excerpt":{"rendered":"<p>Osmanl\u0131 Padi\u015fahlar\u0131 i\u00e7erisinde en bilineni hi\u00e7 \u015f\u00fcphesiz Kanun\u00ee Sultan S\u00fcleyman&#8217;d\u0131r. 46 y\u0131l s\u00fcren h\u00fck\u00fcmdarl\u0131\u011f\u0131n\u0131n izleri g\u00fcn\u00fcm\u00fcze kadar gelmi\u015ftir. Kanun\u00ee Sultan S\u00fcleyman d\u00f6neminde do\u011fu s\u0131n\u0131rlar\u0131n\u0131n fazla tehdit<span class=\"excerpt-hellip\"> [\u2026]<\/span><\/p>\n","protected":false},"featured_media":0,"template":"","meta":{"_monsterinsights_skip_tracking":false,"_monsterinsights_sitenote_active":false,"_monsterinsights_sitenote_note":"","_monsterinsights_sitenote_category":0},"product_brand":[],"product_cat":[13517,12304],"product_tag":[],"class_list":{"0":"post-694820","1":"product","2":"type-product","3":"status-publish","5":"product_cat-osmanli-tarihi","6":"product_cat-tarih","7":"pa_tur-kitap","8":"pa_yayinevi-yeditepe-yayinevi","9":"pa_yazar-nicolae-jorga","11":"first","12":"instock","13":"sale","14":"shipping-taxable","15":"purchasable","16":"product-type-simple"},"_links":{"self":[{"href":"https:\/\/roveyayinevi.com.tr\/index.php\/wp-json\/wp\/v2\/product\/694820","targetHints":{"allow":["GET"]}}],"collection":[{"href":"https:\/\/roveyayinevi.com.tr\/index.php\/wp-json\/wp\/v2\/product"}],"about":[{"href":"https:\/\/roveyayinevi.com.tr\/index.php\/wp-json\/wp\/v2\/types\/product"}],"wp:attachment":[{"href":"https:\/\/roveyayinevi.com.tr\/index.php\/wp-json\/wp\/v2\/media?parent=694820"}],"wp:term":[{"taxonomy":"product_brand","embeddable":true,"href":"https:\/\/roveyayinevi.com.tr\/index.php\/wp-json\/wp\/v2\/product_brand?post=694820"},{"taxonomy":"product_cat","embeddable":true,"href":"https:\/\/roveyayinevi.com.tr\/index.php\/wp-json\/wp\/v2\/product_cat?post=694820"},{"taxonomy":"product_tag","embeddable":true,"href":"https:\/\/roveyayinevi.com.tr\/index.php\/wp-json\/wp\/v2\/product_tag?post=694820"}],"curies":[{"name":"wp","href":"https:\/\/api.w.org\/{rel}","templated":true}]}}