{"id":694816,"date":"2025-08-27T14:23:19","date_gmt":"2025-08-27T11:23:19","guid":{"rendered":"https:\/\/roveyayinevi.com.tr\/index.php\/urun\/cocuk-kalbi-5\/"},"modified":"2026-04-16T02:04:41","modified_gmt":"2026-04-15T23:04:41","slug":"cocuk-kalbi-5","status":"publish","type":"product","link":"https:\/\/roveyayinevi.com.tr\/index.php\/urun\/cocuk-kalbi-5\/","title":{"rendered":"\u00c7ocuk Kalbi"},"content":{"rendered":"<p>\u0130lkokul \u00e7a\u011flar\u0131ndaki bir \u00e7ocu\u011fun g\u00fcnl\u00fc\u011f\u00fcnden, hayata bak\u0131\u015f a\u00e7\u0131s\u0131na, \u00e7ocuk safl\u0131\u011f\u0131na ve \u00e7ocuklar\u0131n duygusal d\u00fcnyas\u0131na tan\u0131kl\u0131k edeceksiniz.<\/p>\n","protected":false},"excerpt":{"rendered":"<p>\u0130lkokul \u00e7a\u011flar\u0131ndaki bir \u00e7ocu\u011fun g\u00fcnl\u00fc\u011f\u00fcnden, hayata bak\u0131\u015f a\u00e7\u0131s\u0131na, \u00e7ocuk safl\u0131\u011f\u0131na ve \u00e7ocuklar\u0131n duygusal d\u00fcnyas\u0131na tan\u0131kl\u0131k edeceksiniz.<\/p>\n","protected":false},"featured_media":0,"template":"","meta":{"_monsterinsights_skip_tracking":false,"_monsterinsights_sitenote_active":false,"_monsterinsights_sitenote_note":"","_monsterinsights_sitenote_category":0},"product_brand":[],"product_cat":[12274,12284],"product_tag":[],"class_list":{"0":"post-694816","1":"product","2":"type-product","3":"status-publish","5":"product_cat-cocuk-ve-genclik-kitaplari","6":"product_cat-hikayeler","7":"pa_cilt-ciltsiz","8":"pa_tur-kitap","9":"pa_yayinevi-bilgi-yayinevi-cocuk","10":"pa_yazar-edmondo-de-amicis","12":"first","13":"instock","14":"sale","15":"shipping-taxable","16":"purchasable","17":"product-type-simple"},"_links":{"self":[{"href":"https:\/\/roveyayinevi.com.tr\/index.php\/wp-json\/wp\/v2\/product\/694816","targetHints":{"allow":["GET"]}}],"collection":[{"href":"https:\/\/roveyayinevi.com.tr\/index.php\/wp-json\/wp\/v2\/product"}],"about":[{"href":"https:\/\/roveyayinevi.com.tr\/index.php\/wp-json\/wp\/v2\/types\/product"}],"wp:attachment":[{"href":"https:\/\/roveyayinevi.com.tr\/index.php\/wp-json\/wp\/v2\/media?parent=694816"}],"wp:term":[{"taxonomy":"product_brand","embeddable":true,"href":"https:\/\/roveyayinevi.com.tr\/index.php\/wp-json\/wp\/v2\/product_brand?post=694816"},{"taxonomy":"product_cat","embeddable":true,"href":"https:\/\/roveyayinevi.com.tr\/index.php\/wp-json\/wp\/v2\/product_cat?post=694816"},{"taxonomy":"product_tag","embeddable":true,"href":"https:\/\/roveyayinevi.com.tr\/index.php\/wp-json\/wp\/v2\/product_tag?post=694816"}],"curies":[{"name":"wp","href":"https:\/\/api.w.org\/{rel}","templated":true}]}}