{"id":694815,"date":"2025-08-27T14:23:19","date_gmt":"2025-08-27T11:23:19","guid":{"rendered":"https:\/\/roveyayinevi.com.tr\/index.php\/urun\/yavuz-ve-midilli\/"},"modified":"2026-04-16T02:04:41","modified_gmt":"2026-04-15T23:04:41","slug":"yavuz-ve-midilli","status":"publish","type":"product","link":"https:\/\/roveyayinevi.com.tr\/index.php\/urun\/yavuz-ve-midilli\/","title":{"rendered":"Yavuz ve Midilli"},"content":{"rendered":"<p>On dokuzuncu y\u00fczy\u0131l; sava\u015f gemilerinin in\u015fas\u0131nda art arda gelen yeni teknolojik geli\u015fimlerin s\u0131raland\u0131\u011f\u0131 bir s\u00fcrecin kap\u0131lar\u0131n\u0131 a\u00e7m\u0131\u015ft\u0131. <\/p>\n","protected":false},"excerpt":{"rendered":"<p>On dokuzuncu y\u00fczy\u0131l; sava\u015f gemilerinin in\u015fas\u0131nda art arda gelen yeni teknolojik geli\u015fimlerin s\u0131raland\u0131\u011f\u0131 bir s\u00fcrecin kap\u0131lar\u0131n\u0131 a\u00e7m\u0131\u015ft\u0131.<\/p>\n","protected":false},"featured_media":0,"template":"","meta":{"_monsterinsights_skip_tracking":false,"_monsterinsights_sitenote_active":false,"_monsterinsights_sitenote_note":"","_monsterinsights_sitenote_category":0},"product_brand":[],"product_cat":[13517,12304],"product_tag":[],"class_list":{"0":"post-694815","1":"product","2":"type-product","3":"status-publish","5":"product_cat-osmanli-tarihi","6":"product_cat-tarih","7":"pa_tur-kitap","8":"pa_yayinevi-yeditepe-yayinevi","9":"pa_yazar-ozer-oner","11":"first","12":"instock","13":"sale","14":"shipping-taxable","15":"purchasable","16":"product-type-simple"},"_links":{"self":[{"href":"https:\/\/roveyayinevi.com.tr\/index.php\/wp-json\/wp\/v2\/product\/694815","targetHints":{"allow":["GET"]}}],"collection":[{"href":"https:\/\/roveyayinevi.com.tr\/index.php\/wp-json\/wp\/v2\/product"}],"about":[{"href":"https:\/\/roveyayinevi.com.tr\/index.php\/wp-json\/wp\/v2\/types\/product"}],"wp:attachment":[{"href":"https:\/\/roveyayinevi.com.tr\/index.php\/wp-json\/wp\/v2\/media?parent=694815"}],"wp:term":[{"taxonomy":"product_brand","embeddable":true,"href":"https:\/\/roveyayinevi.com.tr\/index.php\/wp-json\/wp\/v2\/product_brand?post=694815"},{"taxonomy":"product_cat","embeddable":true,"href":"https:\/\/roveyayinevi.com.tr\/index.php\/wp-json\/wp\/v2\/product_cat?post=694815"},{"taxonomy":"product_tag","embeddable":true,"href":"https:\/\/roveyayinevi.com.tr\/index.php\/wp-json\/wp\/v2\/product_tag?post=694815"}],"curies":[{"name":"wp","href":"https:\/\/api.w.org\/{rel}","templated":true}]}}