{"id":694811,"date":"2025-08-27T14:23:18","date_gmt":"2025-08-27T11:23:18","guid":{"rendered":"https:\/\/roveyayinevi.com.tr\/index.php\/urun\/arti-deger-teorileri-1-kitap\/"},"modified":"2026-04-16T02:04:41","modified_gmt":"2026-04-15T23:04:41","slug":"arti-deger-teorileri-1-kitap","status":"publish","type":"product","link":"https:\/\/roveyayinevi.com.tr\/index.php\/urun\/arti-deger-teorileri-1-kitap\/","title":{"rendered":"Art\u0131-De\u011fer Teorileri 1. Kitap"},"content":{"rendered":"<p>Karl Marx&#8217;\u0131n Theorien \u00fcber den Mehrwert (1862-63) adl\u0131 yap\u0131t\u0131n\u0131n birinci kitab\u0131n\u0131, Yurdakul Fincanc\u0131 \u0130ngilizcesinden (Theories of Surplus Value, part 1, Lawrence and Wishart, London 1969, Translated by Emile Burns, Edited by S. Ryazanskaya) dilimize \u00e7evirdi ve kitap, Frans\u0131zcas\u0131yla (Th\u00e9ories sur la plus-value, tome 1, Editions Sociales, Paris 1974, Publi\u00e9es sous la responsibilit\u00e9 de Gilbert Badia) kar\u015f\u0131la\u015ft\u0131r\u0131ld\u0131ktan sonra Art\u0131-De\u011fer Teorileri, Birinci Kitap ad\u0131 ile, Sol Yay\u0131nlar\u0131 taraf\u0131ndan, Kas\u0131m 1998 tarihinde, Ankara&#8217;da \u015eahin Matbaas\u0131&#8217;nda bast\u0131r\u0131ld\u0131. \ufffcTan\u0131t\u0131m Metni<\/p>\n","protected":false},"excerpt":{"rendered":"<p>Karl Marx&#8217;\u0131n Theorien \u00fcber den Mehrwert (1862-63) adl\u0131 yap\u0131t\u0131n\u0131n birinci kitab\u0131n\u0131, Yurdakul Fincanc\u0131 \u0130ngilizcesinden (Theories of Surplus Value, part 1, Lawrence and Wishart, London 1969, Translated<span class=\"excerpt-hellip\"> [\u2026]<\/span><\/p>\n","protected":false},"featured_media":0,"template":"","meta":{"_monsterinsights_skip_tracking":false,"_monsterinsights_sitenote_active":false,"_monsterinsights_sitenote_note":"","_monsterinsights_sitenote_category":0},"product_brand":[],"product_cat":[12965,12337],"product_tag":[],"class_list":{"0":"post-694811","1":"product","2":"type-product","3":"status-publish","5":"product_cat-genel-politika","6":"product_cat-politika-siyaset","7":"pa_cilt-ciltsiz","8":"pa_tur-kitap","9":"pa_yayinevi-sol-yayinlari","10":"pa_yazar-karl-marx","12":"first","13":"instock","14":"sale","15":"shipping-taxable","16":"purchasable","17":"product-type-simple"},"_links":{"self":[{"href":"https:\/\/roveyayinevi.com.tr\/index.php\/wp-json\/wp\/v2\/product\/694811","targetHints":{"allow":["GET"]}}],"collection":[{"href":"https:\/\/roveyayinevi.com.tr\/index.php\/wp-json\/wp\/v2\/product"}],"about":[{"href":"https:\/\/roveyayinevi.com.tr\/index.php\/wp-json\/wp\/v2\/types\/product"}],"wp:attachment":[{"href":"https:\/\/roveyayinevi.com.tr\/index.php\/wp-json\/wp\/v2\/media?parent=694811"}],"wp:term":[{"taxonomy":"product_brand","embeddable":true,"href":"https:\/\/roveyayinevi.com.tr\/index.php\/wp-json\/wp\/v2\/product_brand?post=694811"},{"taxonomy":"product_cat","embeddable":true,"href":"https:\/\/roveyayinevi.com.tr\/index.php\/wp-json\/wp\/v2\/product_cat?post=694811"},{"taxonomy":"product_tag","embeddable":true,"href":"https:\/\/roveyayinevi.com.tr\/index.php\/wp-json\/wp\/v2\/product_tag?post=694811"}],"curies":[{"name":"wp","href":"https:\/\/api.w.org\/{rel}","templated":true}]}}