{"id":694808,"date":"2025-08-27T14:23:17","date_gmt":"2025-08-27T11:23:17","guid":{"rendered":"https:\/\/roveyayinevi.com.tr\/index.php\/urun\/solfej-2\/"},"modified":"2026-03-01T02:08:43","modified_gmt":"2026-02-28T23:08:43","slug":"solfej-2","status":"publish","type":"product","link":"https:\/\/roveyayinevi.com.tr\/index.php\/urun\/solfej-2\/","title":{"rendered":"Solfej 2"},"content":{"rendered":"<p>Solfej 1&#8217;in devam\u0131d\u0131r. Kitap, 39 \u00fcnl\u00fc bestecinin, en g\u00fczel eserlerinden se\u00e7ilmi\u015f 111 g\u00fczel ezgiyi i\u00e7eriyor.Bu kitapla birlikte, klasik m\u00fczik d\u00fcnyas\u0131n\u0131n en g\u00fczel eserlerini \u00f6\u011freneceksiniz. \u0130sterseniz bu eserleri \u00e7alabilirsiniz de.<\/p>\n","protected":false},"excerpt":{"rendered":"<p>Solfej 1&#8217;in devam\u0131d\u0131r. Kitap, 39 \u00fcnl\u00fc bestecinin, en g\u00fczel eserlerinden se\u00e7ilmi\u015f 111 g\u00fczel ezgiyi i\u00e7eriyor.Bu kitapla birlikte, klasik m\u00fczik d\u00fcnyas\u0131n\u0131n en g\u00fczel eserlerini \u00f6\u011freneceksiniz. \u0130sterseniz bu<span class=\"excerpt-hellip\"> [\u2026]<\/span><\/p>\n","protected":false},"featured_media":0,"template":"","meta":{"_monsterinsights_skip_tracking":false,"_monsterinsights_sitenote_active":false,"_monsterinsights_sitenote_note":"","_monsterinsights_sitenote_category":0},"product_brand":[],"product_cat":[14556,14557],"product_tag":[],"class_list":{"0":"post-694808","1":"product","2":"type-product","3":"status-publish","5":"product_cat-muzik","6":"product_cat-nota-kitaplari","7":"pa_cilt-ciltsiz","8":"pa_tur-kitap","9":"pa_yayinevi-sun-yayinevi","10":"pa_yazar-muammer-sun","12":"first","13":"instock","14":"sale","15":"shipping-taxable","16":"purchasable","17":"product-type-simple"},"_links":{"self":[{"href":"https:\/\/roveyayinevi.com.tr\/index.php\/wp-json\/wp\/v2\/product\/694808","targetHints":{"allow":["GET"]}}],"collection":[{"href":"https:\/\/roveyayinevi.com.tr\/index.php\/wp-json\/wp\/v2\/product"}],"about":[{"href":"https:\/\/roveyayinevi.com.tr\/index.php\/wp-json\/wp\/v2\/types\/product"}],"wp:attachment":[{"href":"https:\/\/roveyayinevi.com.tr\/index.php\/wp-json\/wp\/v2\/media?parent=694808"}],"wp:term":[{"taxonomy":"product_brand","embeddable":true,"href":"https:\/\/roveyayinevi.com.tr\/index.php\/wp-json\/wp\/v2\/product_brand?post=694808"},{"taxonomy":"product_cat","embeddable":true,"href":"https:\/\/roveyayinevi.com.tr\/index.php\/wp-json\/wp\/v2\/product_cat?post=694808"},{"taxonomy":"product_tag","embeddable":true,"href":"https:\/\/roveyayinevi.com.tr\/index.php\/wp-json\/wp\/v2\/product_tag?post=694808"}],"curies":[{"name":"wp","href":"https:\/\/api.w.org\/{rel}","templated":true}]}}