{"id":694807,"date":"2025-08-27T14:23:17","date_gmt":"2025-08-27T11:23:17","guid":{"rendered":"https:\/\/roveyayinevi.com.tr\/index.php\/urun\/solfej-1\/"},"modified":"2026-04-16T02:04:41","modified_gmt":"2026-04-15T23:04:41","slug":"solfej-1","status":"publish","type":"product","link":"https:\/\/roveyayinevi.com.tr\/index.php\/urun\/solfej-1\/","title":{"rendered":"Solfej 1"},"content":{"rendered":"<p>Solfej 1, m\u00fczik e\u011fitiminin temel kitab\u0131d\u0131r. M\u00fczi\u011fi \u00f6\u011frenmek isteyen herkes, 1974&#8217;den beri bu kitab\u0131 kullan\u0131yor.Kolaydan zora do\u011fru basmak basamak s\u0131ralanm\u0131\u015f sevimli ve e\u011fitici par\u00e7alar, solfej e\u011fitimini zevkli ve sevimli k\u0131l\u0131yor. K\u0131sa ve \u00f6zl\u00fc m\u00fczik bilgileri \u00f6\u011frenmeyi peki\u015ftiriyor.D\u00fcnyada benzeri olmayan, kendine \u00f6zg\u00fc \u00e7a\u011fda\u015f e\u011fitsel bir y\u00f6ntemle yaz\u0131lm\u0131\u015f olan bu kitap, 30 y\u0131l\u0131 a\u015fk\u0131n bir s\u00fcreden beri en \u00e7ok kullan\u0131lan solfej kitab\u0131 olma \u00f6zelli\u011fini s\u00fcrd\u00fcr\u00fcyor.<\/p>\n","protected":false},"excerpt":{"rendered":"<p>Solfej 1, m\u00fczik e\u011fitiminin temel kitab\u0131d\u0131r. M\u00fczi\u011fi \u00f6\u011frenmek isteyen herkes, 1974&#8217;den beri bu kitab\u0131 kullan\u0131yor.Kolaydan zora do\u011fru basmak basamak s\u0131ralanm\u0131\u015f sevimli ve e\u011fitici par\u00e7alar, solfej e\u011fitimini<span class=\"excerpt-hellip\"> [\u2026]<\/span><\/p>\n","protected":false},"featured_media":0,"template":"","meta":{"_monsterinsights_skip_tracking":false,"_monsterinsights_sitenote_active":false,"_monsterinsights_sitenote_note":"","_monsterinsights_sitenote_category":0},"product_brand":[],"product_cat":[14556,14557],"product_tag":[],"class_list":{"0":"post-694807","1":"product","2":"type-product","3":"status-publish","5":"product_cat-muzik","6":"product_cat-nota-kitaplari","7":"pa_cilt-ciltsiz","8":"pa_tur-kitap","9":"pa_yayinevi-sun-yayinevi","10":"pa_yazar-muammer-sun","12":"first","13":"instock","14":"sale","15":"shipping-taxable","16":"purchasable","17":"product-type-simple"},"_links":{"self":[{"href":"https:\/\/roveyayinevi.com.tr\/index.php\/wp-json\/wp\/v2\/product\/694807","targetHints":{"allow":["GET"]}}],"collection":[{"href":"https:\/\/roveyayinevi.com.tr\/index.php\/wp-json\/wp\/v2\/product"}],"about":[{"href":"https:\/\/roveyayinevi.com.tr\/index.php\/wp-json\/wp\/v2\/types\/product"}],"wp:attachment":[{"href":"https:\/\/roveyayinevi.com.tr\/index.php\/wp-json\/wp\/v2\/media?parent=694807"}],"wp:term":[{"taxonomy":"product_brand","embeddable":true,"href":"https:\/\/roveyayinevi.com.tr\/index.php\/wp-json\/wp\/v2\/product_brand?post=694807"},{"taxonomy":"product_cat","embeddable":true,"href":"https:\/\/roveyayinevi.com.tr\/index.php\/wp-json\/wp\/v2\/product_cat?post=694807"},{"taxonomy":"product_tag","embeddable":true,"href":"https:\/\/roveyayinevi.com.tr\/index.php\/wp-json\/wp\/v2\/product_tag?post=694807"}],"curies":[{"name":"wp","href":"https:\/\/api.w.org\/{rel}","templated":true}]}}