{"id":694802,"date":"2025-08-27T14:23:16","date_gmt":"2025-08-27T11:23:16","guid":{"rendered":"https:\/\/roveyayinevi.com.tr\/index.php\/urun\/muzigin-kehaneti-claudio-monteverdi\/"},"modified":"2026-03-16T11:51:44","modified_gmt":"2026-03-16T08:51:44","slug":"muzigin-kehaneti-claudio-monteverdi","status":"publish","type":"product","link":"https:\/\/roveyayinevi.com.tr\/index.php\/urun\/muzigin-kehaneti-claudio-monteverdi\/","title":{"rendered":"M\u00fczi\u011fin Kehaneti &#8211; Claudio Monteverdi"},"content":{"rendered":"<p>Din\u00e7er Y\u0131ld\u0131z&#8217;\u0131n a\u00e7\u0131k se\u00e7ik T\u00fcrk\u00e7esiyle yaz\u0131lm\u0131\u015f, zevkle okunacak bir kitap. Claudio Monteverdi (1567-1643), m\u00fczik tarihinin en \u00f6nemli vokal m\u00fczik kopozit\u00f6rlerinden biridir.Madrigal, opera ve dinsel m\u00fczik alanlar\u0131nda h\u0131z\u0131n\u0131 ge\u00e7mi\u015ften al\u0131p gelece\u011fe \u0131\u015f\u0131k tutarak yapt\u0131\u011f\u0131 yenilikleri de\u011ferlendiren \u00e7a\u011fda\u015flar\u0131, O&#8217;nu &#8220;Or\u00e0colo della m\u00f9sica&#8221; (M\u00fczi\u011fin kehaneti) diye anarlard\u0131. Dramatik m\u00fczi\u011fin bu b\u00fcy\u00fck ustas\u0131n\u0131n ya\u015fam\u00f6yk\u00fcs\u00fc ve sanat\u0131n\u0131n anlat\u0131ld\u0131\u011f\u0131 eldeki kitap, \u00fclkemizde yay\u0131mlanan ilk Monteverdi monografisidir. <\/p>\n","protected":false},"excerpt":{"rendered":"<p>Din\u00e7er Y\u0131ld\u0131z&#8217;\u0131n a\u00e7\u0131k se\u00e7ik T\u00fcrk\u00e7esiyle yaz\u0131lm\u0131\u015f, zevkle okunacak bir kitap. Claudio Monteverdi (1567-1643), m\u00fczik tarihinin en \u00f6nemli vokal m\u00fczik kopozit\u00f6rlerinden biridir.Madrigal, opera ve dinsel m\u00fczik alanlar\u0131nda<span class=\"excerpt-hellip\"> [\u2026]<\/span><\/p>\n","protected":false},"featured_media":0,"template":"","meta":{"_monsterinsights_skip_tracking":false,"_monsterinsights_sitenote_active":false,"_monsterinsights_sitenote_note":"","_monsterinsights_sitenote_category":0},"product_brand":[],"product_cat":[14556,40131],"product_tag":[],"class_list":{"0":"post-694802","1":"product","2":"type-product","3":"status-publish","5":"product_cat-muzik","6":"product_cat-sanatcilar","7":"pa_cilt-ciltsiz","8":"pa_tur-kitap","9":"pa_yayinevi-sun-yayinevi","10":"pa_yazar-dincer-yildiz","12":"first","13":"instock","14":"sale","15":"shipping-taxable","16":"purchasable","17":"product-type-simple"},"_links":{"self":[{"href":"https:\/\/roveyayinevi.com.tr\/index.php\/wp-json\/wp\/v2\/product\/694802","targetHints":{"allow":["GET"]}}],"collection":[{"href":"https:\/\/roveyayinevi.com.tr\/index.php\/wp-json\/wp\/v2\/product"}],"about":[{"href":"https:\/\/roveyayinevi.com.tr\/index.php\/wp-json\/wp\/v2\/types\/product"}],"wp:attachment":[{"href":"https:\/\/roveyayinevi.com.tr\/index.php\/wp-json\/wp\/v2\/media?parent=694802"}],"wp:term":[{"taxonomy":"product_brand","embeddable":true,"href":"https:\/\/roveyayinevi.com.tr\/index.php\/wp-json\/wp\/v2\/product_brand?post=694802"},{"taxonomy":"product_cat","embeddable":true,"href":"https:\/\/roveyayinevi.com.tr\/index.php\/wp-json\/wp\/v2\/product_cat?post=694802"},{"taxonomy":"product_tag","embeddable":true,"href":"https:\/\/roveyayinevi.com.tr\/index.php\/wp-json\/wp\/v2\/product_tag?post=694802"}],"curies":[{"name":"wp","href":"https:\/\/api.w.org\/{rel}","templated":true}]}}