{"id":694801,"date":"2025-08-27T14:23:15","date_gmt":"2025-08-27T11:23:15","guid":{"rendered":"https:\/\/roveyayinevi.com.tr\/index.php\/urun\/milli-mucadelede-ilk-isgaller-ilk-direnisler\/"},"modified":"2026-04-16T02:04:41","modified_gmt":"2026-04-15T23:04:41","slug":"milli-mucadelede-ilk-isgaller-ilk-direnisler","status":"publish","type":"product","link":"https:\/\/roveyayinevi.com.tr\/index.php\/urun\/milli-mucadelede-ilk-isgaller-ilk-direnisler\/","title":{"rendered":"Milli M\u00fccadele\u2019de \u0130lk \u0130\u015fgaller \u0130lk Direni\u015fler"},"content":{"rendered":"<p>Milli M\u00fccadele tarihimizin \u00fczerinde en \u00e7ok tart\u0131\u015f\u0131lan konular\u0131ndan birisi, ilk i\u015fgalin ve ilk milli direni\u015fin nerede, ne zamanve kimler taraf\u0131ndan ba\u015flat\u0131ld\u0131\u011f\u0131d\u0131r. Mondros M\u00fctarekesi\u2019nin imzalanmas\u0131n\u0131 bir ba\u015flang\u0131\u00e7 olarak kabul edenler \u0130skenderunD\u00f6rtyol\u2019un K\u00f6se K\u00f6y\u00fc\u2019nde ilk kur\u015funun at\u0131ld\u0131\u011f\u0131n\u0131, Genelkurmay Ba\u015fkanl\u0131\u011f\u0131 ATASE Ba\u015fkanl\u0131\u011f\u0131\u2019ndan ald\u0131klar\u0131 bir yaz\u0131 ileispatlam\u0131\u015flar ve \u201c\u0130lk Kur\u015fun\u201d an\u0131t\u0131n\u0131 beldelerine dikmi\u015flerdir. Oysa \u0130zmir Konak Meydan\u0131\u2019ndaki Hasan Tahsin An\u0131t\u0131 da \u201c\u0130lkKur\u015fun An\u0131t\u0131\u201d ad\u0131n\u0131 ta\u015f\u0131maktad\u0131r.Bu tart\u0131\u015fman\u0131n di\u011fer bir boyutu da ilk kur\u015fun \u00f6ncesi ya da sonras\u0131 geli\u015fmeleri i\u00e7ersine almaktad\u0131r. Yani kur\u015funu att\u0131ran ilkmilli te\u015fkilat\u0131n kurulu\u015fu sorunu bug\u00fcn \u015fehirlerimiz aras\u0131nda adeta bir rekabete d\u00f6n\u00fc\u015fm\u00fc\u015ft\u00fcr.Asl\u0131nda, Anadolu\u2019nun her k\u00f6\u015fesinin bir m\u00fccadele \u00f6yk\u00fcs\u00fc vard\u0131r. Bu \u00f6yk\u00fc, her b\u00f6lge i\u00e7in bir ilki ifade etmektedir. Giriftolaylar ve girift ili\u015fkiler i\u00e7erisinde Anadolu T\u00fcrk\u00fc\u2019n\u00fcn Milli M\u00fccadele\u2019deki \u201cilk\u201dini bulmak ara\u015ft\u0131rmac\u0131lar i\u00e7in ger\u00e7ekten g\u00fc\u00e7g\u00f6r\u00fcnmektedir. Bu ilk psikolojisinin varl\u0131\u011f\u0131 da tabii g\u00f6r\u00fclmelidir.Bu \u00e7al\u0131\u015fma, Anadolu\u2019nun d\u00f6rt bir yan\u0131nda ba\u015flayan yang\u0131n\u0131n hik\u00e2yesini konu edinmektedir. Edirne\u2019den Kars\u2019a,\u0130skenderun\u2019dan Trabzon\u2019a kadar uzanan mill\u00ee direni\u015fin hik\u00e2yesini\u2026<\/p>\n","protected":false},"excerpt":{"rendered":"<p>Milli M\u00fccadele tarihimizin \u00fczerinde en \u00e7ok tart\u0131\u015f\u0131lan konular\u0131ndan birisi, ilk i\u015fgalin ve ilk milli direni\u015fin nerede, ne zamanve kimler taraf\u0131ndan ba\u015flat\u0131ld\u0131\u011f\u0131d\u0131r. Mondros M\u00fctarekesi\u2019nin imzalanmas\u0131n\u0131 bir ba\u015flang\u0131\u00e7<span class=\"excerpt-hellip\"> [\u2026]<\/span><\/p>\n","protected":false},"featured_media":0,"template":"","meta":{"_monsterinsights_skip_tracking":false,"_monsterinsights_sitenote_active":false,"_monsterinsights_sitenote_note":"","_monsterinsights_sitenote_category":0},"product_brand":[],"product_cat":[12304,13493],"product_tag":[],"class_list":{"0":"post-694801","1":"product","2":"type-product","3":"status-publish","5":"product_cat-tarih","6":"product_cat-turkiye-ve-cumhuriyet-tarihi","7":"pa_cilt-ciltsiz","8":"pa_tur-kitap","9":"pa_yayinevi-yeditepe-yayinevi","10":"pa_yazar-haluk-selvi","12":"first","13":"instock","14":"sale","15":"shipping-taxable","16":"purchasable","17":"product-type-simple"},"_links":{"self":[{"href":"https:\/\/roveyayinevi.com.tr\/index.php\/wp-json\/wp\/v2\/product\/694801","targetHints":{"allow":["GET"]}}],"collection":[{"href":"https:\/\/roveyayinevi.com.tr\/index.php\/wp-json\/wp\/v2\/product"}],"about":[{"href":"https:\/\/roveyayinevi.com.tr\/index.php\/wp-json\/wp\/v2\/types\/product"}],"wp:attachment":[{"href":"https:\/\/roveyayinevi.com.tr\/index.php\/wp-json\/wp\/v2\/media?parent=694801"}],"wp:term":[{"taxonomy":"product_brand","embeddable":true,"href":"https:\/\/roveyayinevi.com.tr\/index.php\/wp-json\/wp\/v2\/product_brand?post=694801"},{"taxonomy":"product_cat","embeddable":true,"href":"https:\/\/roveyayinevi.com.tr\/index.php\/wp-json\/wp\/v2\/product_cat?post=694801"},{"taxonomy":"product_tag","embeddable":true,"href":"https:\/\/roveyayinevi.com.tr\/index.php\/wp-json\/wp\/v2\/product_tag?post=694801"}],"curies":[{"name":"wp","href":"https:\/\/api.w.org\/{rel}","templated":true}]}}