{"id":694800,"date":"2025-08-27T14:23:15","date_gmt":"2025-08-27T11:23:15","guid":{"rendered":"https:\/\/roveyayinevi.com.tr\/index.php\/urun\/avrupa-basininda-kiyamet-alameti-turkler\/"},"modified":"2026-04-16T02:04:41","modified_gmt":"2026-04-15T23:04:41","slug":"avrupa-basininda-kiyamet-alameti-turkler","status":"publish","type":"product","link":"https:\/\/roveyayinevi.com.tr\/index.php\/urun\/avrupa-basininda-kiyamet-alameti-turkler\/","title":{"rendered":"Avrupa Bas\u0131n\u0131nda K\u0131yamet Alameti T\u00fcrkler"},"content":{"rendered":"<p>Kuyruklu y\u0131ld\u0131z, g\u00fcne\u015f ve ay tutulmalar\u0131, g\u00f6ky\u00fcz\u00fcnde sava\u015fan ordular, \u0130stanbul&#8217;da meydana gelen do\u011fal afetler, insanlarda, hayvanlarda veya bitkilerde g\u00f6r\u00fclen anormallikler 16. ve 17. y\u00fczy\u0131l Alman bas\u0131n\u0131nda s\u0131k\u00e7a i\u015flenen konulard\u0131. Okuma yazma oran\u0131n\u0131n bu y\u00fczy\u0131llarda \u00e7ok d\u00fc\u015f\u00fck olmas\u0131, haber metninde yer alan resmin \u00f6nemini artt\u0131rmaktayd\u0131. T\u00fcrklerle ilgili yay\u0131nlanan  mucizevi i\u015faret haberleri , g\u00f6ky\u00fcz\u00fc, do\u011fal afet, zoolojik, botanik ve insanlarda g\u00f6r\u00fclen i\u015faretler olarak be\u015f farkl\u0131 ba\u015fl\u0131k alt\u0131nda s\u0131n\u0131fland\u0131r\u0131lm\u0131\u015ft\u0131r. K\u0131yamet alameti oldu\u011fu d\u00fc\u015f\u00fcn\u00fclen bu i\u015faretler, 16. ve 17. y\u00fczy\u0131llarda Avrupa genelinde g\u00f6r\u00fclmekte ve bas\u0131n arac\u0131l\u0131\u011f\u0131yla ciddi bir propaganda malzemesi olarak kullan\u0131lmaktayd\u0131. O d\u00f6nemde  Deccal  olarak g\u00f6r\u00fclen T\u00fcrklerle ilgili haberlere  d\u00fc\u015fman T\u00fcrk  imaj\u0131  peki\u015ftirilip, dikkatin tamam\u0131 ortak  d\u00fc\u015fman olan  T\u00fcrk e y\u00f6nlendirilerek, Alman toplumunun i\u00e7erisinde var olan huzursuzlar kamufle edilmeye \u00e7al\u0131\u015f\u0131lm\u0131\u015ft\u0131. <\/p>\n","protected":false},"excerpt":{"rendered":"<p>Kuyruklu y\u0131ld\u0131z, g\u00fcne\u015f ve ay tutulmalar\u0131, g\u00f6ky\u00fcz\u00fcnde sava\u015fan ordular, \u0130stanbul&#8217;da meydana gelen do\u011fal afetler, insanlarda, hayvanlarda veya bitkilerde g\u00f6r\u00fclen anormallikler 16. ve 17. y\u00fczy\u0131l Alman bas\u0131n\u0131nda<span class=\"excerpt-hellip\"> [\u2026]<\/span><\/p>\n","protected":false},"featured_media":0,"template":"","meta":{"_monsterinsights_skip_tracking":false,"_monsterinsights_sitenote_active":false,"_monsterinsights_sitenote_note":"","_monsterinsights_sitenote_category":0},"product_brand":[],"product_cat":[12370,12304],"product_tag":[],"class_list":{"0":"post-694800","1":"product","2":"type-product","3":"status-publish","5":"product_cat-arastirma-inceleme","6":"product_cat-tarih","7":"pa_tur-kitap","8":"pa_yayinevi-yeditepe-yayinevi","9":"pa_yazar-leyla-cosan","11":"first","12":"instock","13":"sale","14":"shipping-taxable","15":"purchasable","16":"product-type-simple"},"_links":{"self":[{"href":"https:\/\/roveyayinevi.com.tr\/index.php\/wp-json\/wp\/v2\/product\/694800","targetHints":{"allow":["GET"]}}],"collection":[{"href":"https:\/\/roveyayinevi.com.tr\/index.php\/wp-json\/wp\/v2\/product"}],"about":[{"href":"https:\/\/roveyayinevi.com.tr\/index.php\/wp-json\/wp\/v2\/types\/product"}],"wp:attachment":[{"href":"https:\/\/roveyayinevi.com.tr\/index.php\/wp-json\/wp\/v2\/media?parent=694800"}],"wp:term":[{"taxonomy":"product_brand","embeddable":true,"href":"https:\/\/roveyayinevi.com.tr\/index.php\/wp-json\/wp\/v2\/product_brand?post=694800"},{"taxonomy":"product_cat","embeddable":true,"href":"https:\/\/roveyayinevi.com.tr\/index.php\/wp-json\/wp\/v2\/product_cat?post=694800"},{"taxonomy":"product_tag","embeddable":true,"href":"https:\/\/roveyayinevi.com.tr\/index.php\/wp-json\/wp\/v2\/product_tag?post=694800"}],"curies":[{"name":"wp","href":"https:\/\/api.w.org\/{rel}","templated":true}]}}