{"id":694798,"date":"2025-08-27T14:23:15","date_gmt":"2025-08-27T11:23:15","guid":{"rendered":"https:\/\/roveyayinevi.com.tr\/index.php\/urun\/vakte-karsi-sozler\/"},"modified":"2026-04-16T02:04:41","modified_gmt":"2026-04-15T23:04:41","slug":"vakte-karsi-sozler","status":"publish","type":"product","link":"https:\/\/roveyayinevi.com.tr\/index.php\/urun\/vakte-karsi-sozler\/","title":{"rendered":"Vakte Kar\u015f\u0131 S\u00f6zler"},"content":{"rendered":"<p>Zaman bilincinin zirvesi ibn\u00fc\u2019l-vakt olmak; mek\u00e2n bilincinin zirvesi ise meden\u00ee olmakt\u0131r. \u0130bn\u00fc\u2019l-vakt, her an yeniden do\u011fand\u0131r, ak\u0131p giden vakte kar\u015f\u0131 d\u00e2ima yeni ve yenileyen s\u00f6zler s\u00f6yleyendir. Meden\u00ee olmak, insana zimmetlenen yery\u00fcz\u00fcn\u00fc bozmadan, kirletmeden \u00eem\u00e2r etme \u00e7abas\u0131d\u0131r. \u00d6. Tu\u011frul \u0130nan\u00e7er, zaman ve mek\u00e2n bilincini s\u00f6z\u00fcnde ve \u00f6z\u00fcnde ta\u015f\u0131yan tek ki\u015filik medeniyet olan er ki\u015filer z\u00fcmresindendir. A\u011fz\u0131ndan \u00e7\u0131kan her kelime, onun T\u00fcrk Mus\u0131kisi\u2019nin haddesinden de ge\u00e7en dudaklar\u0131ndan her an t\u00e2ze ve can t\u00e2zeleyen inciler gibi d\u00f6k\u00fclmektedir. Kelimelerin yalama oldu\u011fu g\u00fcn\u00fcm\u00fczde bu incilerin b\u00fct\u00fcn \u0131\u015f\u0131lt\u0131s\u0131yla yeni muhataplara ula\u015fmas\u0131 k\u00fclt\u00fcr\u00fcm\u00fcze yap\u0131lacak \u00f6nemli bir hizmettir. -Berat Demirci- <\/p>\n","protected":false},"excerpt":{"rendered":"<p>Zaman bilincinin zirvesi ibn\u00fc\u2019l-vakt olmak; mek\u00e2n bilincinin zirvesi ise meden\u00ee olmakt\u0131r. \u0130bn\u00fc\u2019l-vakt, her an yeniden do\u011fand\u0131r, ak\u0131p giden vakte kar\u015f\u0131 d\u00e2ima yeni ve yenileyen s\u00f6zler s\u00f6yleyendir.<span class=\"excerpt-hellip\"> [\u2026]<\/span><\/p>\n","protected":false},"featured_media":0,"template":"","meta":{"_monsterinsights_skip_tracking":false,"_monsterinsights_sitenote_active":false,"_monsterinsights_sitenote_note":"","_monsterinsights_sitenote_category":0},"product_brand":[],"product_cat":[12718,12719,12720],"product_tag":[],"class_list":{"0":"post-694798","1":"product","2":"type-product","3":"status-publish","5":"product_cat-din","6":"product_cat-islam","7":"product_cat-tasavvuf-mezhepler-tarikatlar","8":"pa_cilt-ciltsiz","9":"pa_tur-kitap","10":"pa_yayinevi-sufi-kitap","11":"pa_yazar-o-tugrul-inancer","13":"first","14":"instock","15":"sale","16":"shipping-taxable","17":"purchasable","18":"product-type-simple"},"_links":{"self":[{"href":"https:\/\/roveyayinevi.com.tr\/index.php\/wp-json\/wp\/v2\/product\/694798","targetHints":{"allow":["GET"]}}],"collection":[{"href":"https:\/\/roveyayinevi.com.tr\/index.php\/wp-json\/wp\/v2\/product"}],"about":[{"href":"https:\/\/roveyayinevi.com.tr\/index.php\/wp-json\/wp\/v2\/types\/product"}],"wp:attachment":[{"href":"https:\/\/roveyayinevi.com.tr\/index.php\/wp-json\/wp\/v2\/media?parent=694798"}],"wp:term":[{"taxonomy":"product_brand","embeddable":true,"href":"https:\/\/roveyayinevi.com.tr\/index.php\/wp-json\/wp\/v2\/product_brand?post=694798"},{"taxonomy":"product_cat","embeddable":true,"href":"https:\/\/roveyayinevi.com.tr\/index.php\/wp-json\/wp\/v2\/product_cat?post=694798"},{"taxonomy":"product_tag","embeddable":true,"href":"https:\/\/roveyayinevi.com.tr\/index.php\/wp-json\/wp\/v2\/product_tag?post=694798"}],"curies":[{"name":"wp","href":"https:\/\/api.w.org\/{rel}","templated":true}]}}