{"id":694795,"date":"2025-08-27T14:23:14","date_gmt":"2025-08-27T11:23:14","guid":{"rendered":"https:\/\/roveyayinevi.com.tr\/index.php\/urun\/cyrano-de-bergerac-2\/"},"modified":"2026-04-16T02:04:40","modified_gmt":"2026-04-15T23:04:40","slug":"cyrano-de-bergerac-2","status":"publish","type":"product","link":"https:\/\/roveyayinevi.com.tr\/index.php\/urun\/cyrano-de-bergerac-2\/","title":{"rendered":"Cyrano de Bergerac"},"content":{"rendered":"<p>Ne zafer pe\u015findeyim ne de servet, Arad\u0131\u011f\u0131m bir yol, beni Ay&#8217;a g\u00f6t\u00fcrecek. Cyrano De Bergerac haks\u0131zl\u0131\u011fa boyun e\u011fmeyen, g\u00fc\u00e7l\u00fcn\u00fcn kar\u015f\u0131s\u0131nda dimdik durabilen, onurlu bir silah\u015f\u00f6r. Ama ayn\u0131 zamanda fizik\u00e7i, filozof ve \u015fair kendisi. K\u0131l\u0131c\u0131n\u0131 kullanmadan, sadece c\u00fcmleleriyle g\u00fcl\u00fcn\u00e7 duruma d\u00fc\u015f\u00fcrebilir d\u00fc\u015fmanlar\u0131n\u0131. Bir tek kusuru vard\u0131r, dillere destan b\u00fcy\u00fckl\u00fckteki burnu. Bu hi\u00e7bir \u015feyden korkmayan adam, s\u0131rf \u00e7irkin oldu\u011funu d\u00fc\u015f\u00fcnd\u00fc\u011f\u00fc i\u00e7in bir t\u00fcrl\u00fc cesaret edemez b\u00fcy\u00fck a\u015fk\u0131 Roxanne&#8217;e duygular\u0131n\u0131 a\u00e7maya. Pek \u00e7ok ki\u015fi gibi o da d\u0131\u015f g\u00f6r\u00fcn\u00fc\u015f\u00fc y\u00fcz\u00fcnden sevilemeyece\u011fini d\u00fc\u015f\u00fcnmektedir. Zekas\u0131 ve sevimlili\u011fi y\u00fcz\u00fcnden sevilebilece\u011fini ise akl\u0131na bile getirmez. <\/p>\n","protected":false},"excerpt":{"rendered":"<p>Ne zafer pe\u015findeyim ne de servet, Arad\u0131\u011f\u0131m bir yol, beni Ay&#8217;a g\u00f6t\u00fcrecek. Cyrano De Bergerac haks\u0131zl\u0131\u011fa boyun e\u011fmeyen, g\u00fc\u00e7l\u00fcn\u00fcn kar\u015f\u0131s\u0131nda dimdik durabilen, onurlu bir silah\u015f\u00f6r. Ama<span class=\"excerpt-hellip\"> [\u2026]<\/span><\/p>\n","protected":false},"featured_media":0,"template":"","meta":{"_monsterinsights_skip_tracking":false,"_monsterinsights_sitenote_active":false,"_monsterinsights_sitenote_note":"","_monsterinsights_sitenote_category":0},"product_brand":[],"product_cat":[12275,12274],"product_tag":[],"class_list":{"0":"post-694795","1":"product","2":"type-product","3":"status-publish","5":"product_cat-6-12-yas-kitaplari","6":"product_cat-cocuk-ve-genclik-kitaplari","7":"pa_cilt-ciltsiz","8":"pa_tur-kitap","9":"pa_yayinevi-domingo-yayinevi","10":"pa_yazar-edmond-rostand","12":"first","13":"instock","14":"sale","15":"shipping-taxable","16":"purchasable","17":"product-type-simple"},"_links":{"self":[{"href":"https:\/\/roveyayinevi.com.tr\/index.php\/wp-json\/wp\/v2\/product\/694795","targetHints":{"allow":["GET"]}}],"collection":[{"href":"https:\/\/roveyayinevi.com.tr\/index.php\/wp-json\/wp\/v2\/product"}],"about":[{"href":"https:\/\/roveyayinevi.com.tr\/index.php\/wp-json\/wp\/v2\/types\/product"}],"wp:attachment":[{"href":"https:\/\/roveyayinevi.com.tr\/index.php\/wp-json\/wp\/v2\/media?parent=694795"}],"wp:term":[{"taxonomy":"product_brand","embeddable":true,"href":"https:\/\/roveyayinevi.com.tr\/index.php\/wp-json\/wp\/v2\/product_brand?post=694795"},{"taxonomy":"product_cat","embeddable":true,"href":"https:\/\/roveyayinevi.com.tr\/index.php\/wp-json\/wp\/v2\/product_cat?post=694795"},{"taxonomy":"product_tag","embeddable":true,"href":"https:\/\/roveyayinevi.com.tr\/index.php\/wp-json\/wp\/v2\/product_tag?post=694795"}],"curies":[{"name":"wp","href":"https:\/\/api.w.org\/{rel}","templated":true}]}}