{"id":694794,"date":"2025-08-27T14:23:14","date_gmt":"2025-08-27T11:23:14","guid":{"rendered":"https:\/\/roveyayinevi.com.tr\/index.php\/urun\/depresyon-atlasi\/"},"modified":"2026-04-16T02:04:40","modified_gmt":"2026-04-15T23:04:40","slug":"depresyon-atlasi","status":"publish","type":"product","link":"https:\/\/roveyayinevi.com.tr\/index.php\/urun\/depresyon-atlasi\/","title":{"rendered":"Depresyon Atlas\u0131"},"content":{"rendered":"<p>Tam 21 \u00fclkede yay\u0131mland\u0131. Hepsinde bestseller oldu.Bu kitap \u00e7ok okundu&#8230; Neden?  \u00c7\u00fcnk\u00fc hepimizin bir yerde ve bir zaman kar\u015f\u0131la\u015ft\u0131\u011f\u0131, kendisinde, \u00e7evresinde ya da bir yak\u0131n\u0131nda tan\u0131k oldu\u011fu, en az\u0131ndan duydu\u011fu bir sorunu ele al\u0131yor: Depresyon.\u00dcstelik depresyona \u201ci\u00e7eriden\u201d bak\u0131yor: Depresyonu b\u00fct\u00fcn a\u011f\u0131rl\u0131\u011f\u0131yla ve defalarca ya\u015fam\u0131\u015f ve onunla ba\u015fa \u00e7\u0131km\u0131\u015f bir ki\u015finin a\u011fz\u0131ndan tan\u0131ml\u0131yor.Ayr\u0131ca bu kitap bir otobiyografi: Ger\u00e7ek bir ya\u015fam \u00f6yk\u00fcs\u00fcn\u00fc, gazeteci ve yazar Andrew Solomon\u2019un kendi a\u011fz\u0131ndan, \u00e7ok ak\u0131c\u0131 ve i\u00e7ten bir dille anlat\u0131yor. Bunu yaparken bizi, en derin aile s\u0131rlar\u0131na bile a\u00e7\u0131kl\u0131kla inilebilen b\u00fcy\u00fck ve uzun bir yolculu\u011fa \u00e7\u0131kar\u0131yor.Ve depresyonu bir hastal\u0131k olmakla k\u0131s\u0131tlam\u0131yor: Ona tarihi, bilimsel, ekonomik ve k\u00fclt\u00fcrel a\u00e7\u0131lardan, hem de son derece merak uyand\u0131ran a\u00e7\u0131lardan bak\u0131yor.Ve belki de en \u00f6nemlisi, depresyonu insani a\u00e7\u0131dan ele al\u0131yor: Depresyon ge\u00e7irmi\u015f ya da ge\u00e7irmekte olan \u00e7ok say\u0131da insan\u0131n \u00f6yk\u00fcs\u00fcn\u00fc de b\u00fcy\u00fck bir a\u00e7\u0131kl\u0131kla ve \u00f6yk\u00fc tad\u0131nda sunuyor.En do\u011fru ve g\u00fcncel bilgileri ustal\u0131kla ve s\u0131kmadan sunarak bizi ayd\u0131nlat\u0131yor. National Book Award,kurgu d\u0131\u015f\u0131 kategorisi kazanan\u0131 (2001) Pulitzer \u00d6d\u00fcl\u00fc,genel kurgu d\u0131\u015f\u0131 kategorisi finalisti (2002) Lambda Literary Award,otobiyografi\/an\u0131 kategorisi kazanan\u0131 (2002) The Guardian, 21. Y\u00fczy\u0131l\u2019\u0131n En \u0130yi 100 Kitab\u0131 (2019)   <\/p>\n","protected":false},"excerpt":{"rendered":"<p>Tam 21 \u00fclkede yay\u0131mland\u0131. Hepsinde bestseller oldu.Bu kitap \u00e7ok okundu&#8230; Neden? \u00c7\u00fcnk\u00fc hepimizin bir yerde ve bir zaman kar\u015f\u0131la\u015ft\u0131\u011f\u0131, kendisinde, \u00e7evresinde ya da bir yak\u0131n\u0131nda tan\u0131k<span class=\"excerpt-hellip\"> [\u2026]<\/span><\/p>\n","protected":false},"featured_media":0,"template":"","meta":{"_monsterinsights_skip_tracking":false,"_monsterinsights_sitenote_active":false,"_monsterinsights_sitenote_note":"","_monsterinsights_sitenote_category":0},"product_brand":[],"product_cat":[14787,13488],"product_tag":[],"class_list":{"0":"post-694794","1":"product","2":"type-product","3":"status-publish","5":"product_cat-diger-toplum-ve-insan","6":"product_cat-toplum-ve-insan","7":"pa_cilt-ciltsiz","8":"pa_tur-kitap","9":"pa_yayinevi-okuyan-us-yayin","10":"pa_yazar-andrew-solomon","12":"first","13":"instock","14":"sale","15":"shipping-taxable","16":"purchasable","17":"product-type-simple"},"_links":{"self":[{"href":"https:\/\/roveyayinevi.com.tr\/index.php\/wp-json\/wp\/v2\/product\/694794","targetHints":{"allow":["GET"]}}],"collection":[{"href":"https:\/\/roveyayinevi.com.tr\/index.php\/wp-json\/wp\/v2\/product"}],"about":[{"href":"https:\/\/roveyayinevi.com.tr\/index.php\/wp-json\/wp\/v2\/types\/product"}],"wp:attachment":[{"href":"https:\/\/roveyayinevi.com.tr\/index.php\/wp-json\/wp\/v2\/media?parent=694794"}],"wp:term":[{"taxonomy":"product_brand","embeddable":true,"href":"https:\/\/roveyayinevi.com.tr\/index.php\/wp-json\/wp\/v2\/product_brand?post=694794"},{"taxonomy":"product_cat","embeddable":true,"href":"https:\/\/roveyayinevi.com.tr\/index.php\/wp-json\/wp\/v2\/product_cat?post=694794"},{"taxonomy":"product_tag","embeddable":true,"href":"https:\/\/roveyayinevi.com.tr\/index.php\/wp-json\/wp\/v2\/product_tag?post=694794"}],"curies":[{"name":"wp","href":"https:\/\/api.w.org\/{rel}","templated":true}]}}