{"id":694788,"date":"2025-08-27T14:23:13","date_gmt":"2025-08-27T11:23:13","guid":{"rendered":"https:\/\/roveyayinevi.com.tr\/index.php\/urun\/sessiz-olum-sarikamis-gunlugu\/"},"modified":"2026-04-16T02:04:40","modified_gmt":"2026-04-15T23:04:40","slug":"sessiz-olum-sarikamis-gunlugu","status":"publish","type":"product","link":"https:\/\/roveyayinevi.com.tr\/index.php\/urun\/sessiz-olum-sarikamis-gunlugu\/","title":{"rendered":"Sessiz \u00d6l\u00fcm Sar\u0131kam\u0131\u015f G\u00fcnl\u00fc\u011f\u00fc"},"content":{"rendered":"<p>Bilindi\u011fi gibi Birinci D\u00fcnya Harbi&#8217;nde yurdumuzun u\u011frad\u0131\u011f\u0131 b\u00fcy\u00fck felaketlerin en ba\u015f\u0131nda 1914 y\u0131l\u0131n\u0131n Kas\u0131m ve Aral\u0131k aylar\u0131 i\u00e7inde Kafkas \ufffcTan\u0131t\u0131m Metni<\/p>\n","protected":false},"excerpt":{"rendered":"<p>Bilindi\u011fi gibi Birinci D\u00fcnya Harbi&#8217;nde yurdumuzun u\u011frad\u0131\u011f\u0131 b\u00fcy\u00fck felaketlerin en ba\u015f\u0131nda 1914 y\u0131l\u0131n\u0131n Kas\u0131m ve Aral\u0131k aylar\u0131 i\u00e7inde Kafkas \ufffcTan\u0131t\u0131m Metni<\/p>\n","protected":false},"featured_media":0,"template":"","meta":{"_monsterinsights_skip_tracking":false,"_monsterinsights_sitenote_active":false,"_monsterinsights_sitenote_note":"","_monsterinsights_sitenote_category":0},"product_brand":[],"product_cat":[12312,12304],"product_tag":[],"class_list":{"0":"post-694788","1":"product","2":"type-product","3":"status-publish","5":"product_cat-diger","6":"product_cat-tarih","7":"pa_tur-kitap","8":"pa_yayinevi-yeditepe-yayinevi","9":"pa_yazar-arif-baytin","11":"first","12":"instock","13":"sale","14":"shipping-taxable","15":"purchasable","16":"product-type-simple"},"_links":{"self":[{"href":"https:\/\/roveyayinevi.com.tr\/index.php\/wp-json\/wp\/v2\/product\/694788","targetHints":{"allow":["GET"]}}],"collection":[{"href":"https:\/\/roveyayinevi.com.tr\/index.php\/wp-json\/wp\/v2\/product"}],"about":[{"href":"https:\/\/roveyayinevi.com.tr\/index.php\/wp-json\/wp\/v2\/types\/product"}],"wp:attachment":[{"href":"https:\/\/roveyayinevi.com.tr\/index.php\/wp-json\/wp\/v2\/media?parent=694788"}],"wp:term":[{"taxonomy":"product_brand","embeddable":true,"href":"https:\/\/roveyayinevi.com.tr\/index.php\/wp-json\/wp\/v2\/product_brand?post=694788"},{"taxonomy":"product_cat","embeddable":true,"href":"https:\/\/roveyayinevi.com.tr\/index.php\/wp-json\/wp\/v2\/product_cat?post=694788"},{"taxonomy":"product_tag","embeddable":true,"href":"https:\/\/roveyayinevi.com.tr\/index.php\/wp-json\/wp\/v2\/product_tag?post=694788"}],"curies":[{"name":"wp","href":"https:\/\/api.w.org\/{rel}","templated":true}]}}