{"id":694784,"date":"2025-08-27T14:23:12","date_gmt":"2025-08-27T11:23:12","guid":{"rendered":"https:\/\/roveyayinevi.com.tr\/index.php\/urun\/hatiralarim-ve-mudafaam\/"},"modified":"2026-04-16T02:04:40","modified_gmt":"2026-04-15T23:04:40","slug":"hatiralarim-ve-mudafaam","status":"publish","type":"product","link":"https:\/\/roveyayinevi.com.tr\/index.php\/urun\/hatiralarim-ve-mudafaam\/","title":{"rendered":"Hat\u0131ralar\u0131m ve M\u00fcdafaam"},"content":{"rendered":"<p>Talat Pa\u015fa&#8217;n\u0131n Hat\u0131ralar\u0131 ve M\u00fcdafaas\u0131&#8217;n\u0131n kendi kaleminden \u00e7\u0131kan asl\u0131 kay\u0131pt\u0131. Bug\u00fcne de\u011fin hep Almancadan \u00e7evrilerek yay\u0131mlad\u0131. T\u00fcrk\u00e7e \u00f6zg\u00fcn metni, 1921 y\u0131l\u0131nda yay\u0131mlanan Yeni \u015eark gazetesinde bulduk ve ilk kez yay\u0131ml\u0131yoruz. Talat Pa\u015fa&#8217;n\u0131n m\u00fcdafaas\u0131, vatan\u0131n, milletin ve T\u00fcrk Devrimi&#8217;nin m\u00fcdafaas\u0131d\u0131r. Birinci D\u00fcnya Sava\u015f\u0131&#8217;ndaki vatan savunmas\u0131, Kurtulu\u015f Sava\u015f\u0131&#8217;m\u0131z\u0131n ilk d\u00f6nemidir ve Cumhuriyet&#8217;in yolunu a\u00e7m\u0131\u015ft\u0131r; dahas\u0131 Sovyet Devrimi&#8217;nin ko\u015fullar\u0131n\u0131 yaratm\u0131\u015ft\u0131r. Bu a\u00e7\u0131dan hem ulusal, hem de uluslararas\u0131 \u00f6nemdedir. Ermeni soyk\u0131r\u0131m\u0131 yalan\u0131na kar\u015f\u0131 m\u00fccadelenin y\u00fckseli\u015fiyle birlikte, ayd\u0131nlar\u0131m\u0131z ve uzmanlar\u0131m\u0131z, yak\u0131n tarihi yeniden ara\u015ft\u0131r\u0131yor, yeniden \u00f6\u011freniyor. Bu arada Talat Pa\u015fa yeniden ke\u015ffedilmektedir. Talat Pa\u015fa&#8217;n\u0131n m\u00fcdafaas\u0131n\u0131 tamamlayan \u015fu metinler de \u00f6zg\u00fcn kaynaklardan kitaba eklendi: &#8211;  Talat Pa\u015fa&#8217;n\u0131n \u0130ttihat ve Terakki 1917 Kongresi&#8217;ndeki Konu\u015fmas\u0131  &#8211;  Talat Pa\u015fa&#8217;n\u0131n \u0130ttihat ve Terakki&#8217;nin 1 Kas\u0131m 1918 Tarihli Son Kongresi&#8217;ndeki Konu\u015fmas\u0131  &#8211;  Talat Pa\u015fa&#8217;n\u0131n Mustafa Kemal Pa\u015fa&#8217;ya yazd\u0131\u011f\u0131 22 Aral\u0131k 1919 tarihli mektubu &#8211;  Talat Pa\u015fa&#8217;n\u0131n Aubrey Herbert&#8217;le G\u00f6r\u00fc\u015fmesi  Do\u011fu Perin\u00e7ek&#8217;in Talat Pa\u015fa&#8217;n\u0131n tarihsel rol\u00fcn\u00fc de\u011ferlediren sunu\u015fuyla yay\u0131ml\u0131yoruz. <\/p>\n","protected":false},"excerpt":{"rendered":"<p>Talat Pa\u015fa&#8217;n\u0131n Hat\u0131ralar\u0131 ve M\u00fcdafaas\u0131&#8217;n\u0131n kendi kaleminden \u00e7\u0131kan asl\u0131 kay\u0131pt\u0131. Bug\u00fcne de\u011fin hep Almancadan \u00e7evrilerek yay\u0131mlad\u0131. T\u00fcrk\u00e7e \u00f6zg\u00fcn metni, 1921 y\u0131l\u0131nda yay\u0131mlanan Yeni \u015eark gazetesinde bulduk<span class=\"excerpt-hellip\"> [\u2026]<\/span><\/p>\n","protected":false},"featured_media":0,"template":"","meta":{"_monsterinsights_skip_tracking":false,"_monsterinsights_sitenote_active":false,"_monsterinsights_sitenote_note":"","_monsterinsights_sitenote_category":0},"product_brand":[],"product_cat":[12312,12304],"product_tag":[],"class_list":{"0":"post-694784","1":"product","2":"type-product","3":"status-publish","5":"product_cat-diger","6":"product_cat-tarih","7":"pa_tur-kitap","8":"pa_yayinevi-kaynak-yayinlari","9":"pa_yazar-talat-pasa","11":"first","12":"instock","13":"sale","14":"shipping-taxable","15":"purchasable","16":"product-type-simple"},"_links":{"self":[{"href":"https:\/\/roveyayinevi.com.tr\/index.php\/wp-json\/wp\/v2\/product\/694784","targetHints":{"allow":["GET"]}}],"collection":[{"href":"https:\/\/roveyayinevi.com.tr\/index.php\/wp-json\/wp\/v2\/product"}],"about":[{"href":"https:\/\/roveyayinevi.com.tr\/index.php\/wp-json\/wp\/v2\/types\/product"}],"wp:attachment":[{"href":"https:\/\/roveyayinevi.com.tr\/index.php\/wp-json\/wp\/v2\/media?parent=694784"}],"wp:term":[{"taxonomy":"product_brand","embeddable":true,"href":"https:\/\/roveyayinevi.com.tr\/index.php\/wp-json\/wp\/v2\/product_brand?post=694784"},{"taxonomy":"product_cat","embeddable":true,"href":"https:\/\/roveyayinevi.com.tr\/index.php\/wp-json\/wp\/v2\/product_cat?post=694784"},{"taxonomy":"product_tag","embeddable":true,"href":"https:\/\/roveyayinevi.com.tr\/index.php\/wp-json\/wp\/v2\/product_tag?post=694784"}],"curies":[{"name":"wp","href":"https:\/\/api.w.org\/{rel}","templated":true}]}}