{"id":694783,"date":"2025-08-27T14:23:11","date_gmt":"2025-08-27T11:23:11","guid":{"rendered":"https:\/\/roveyayinevi.com.tr\/index.php\/urun\/denizin-sevdigi-seyler-6-yogurt\/"},"modified":"2026-04-16T02:04:40","modified_gmt":"2026-04-15T23:04:40","slug":"denizin-sevdigi-seyler-6-yogurt","status":"publish","type":"product","link":"https:\/\/roveyayinevi.com.tr\/index.php\/urun\/denizin-sevdigi-seyler-6-yogurt\/","title":{"rendered":"Deniz\u2019in Sevdi\u011fi \u015eeyler 6 &#8211; Yo\u011furt"},"content":{"rendered":"<p>Deniz\u2019in Sevdi\u011fi \u015eeyler: 6 Deniz annesinin de babas\u0131n\u0131n da pi\u015firdi\u011fi yemekleri \u00e7ok sever, Bazen m\u0131z\u0131ldansa da hepsini afiyetle yer. <\/p>\n","protected":false},"excerpt":{"rendered":"<p>Deniz\u2019in Sevdi\u011fi \u015eeyler: 6 Deniz annesinin de babas\u0131n\u0131n da pi\u015firdi\u011fi yemekleri \u00e7ok sever, Bazen m\u0131z\u0131ldansa da hepsini afiyetle yer.<\/p>\n","protected":false},"featured_media":0,"template":"","meta":{"_monsterinsights_skip_tracking":false,"_monsterinsights_sitenote_active":false,"_monsterinsights_sitenote_note":"","_monsterinsights_sitenote_category":0},"product_brand":[],"product_cat":[12913,12274],"product_tag":[],"class_list":{"0":"post-694783","1":"product","2":"type-product","3":"status-publish","5":"product_cat-3-6-yas-kitaplari","6":"product_cat-cocuk-ve-genclik-kitaplari","7":"pa_cilt-ciltsiz","8":"pa_tur-kitap","9":"pa_yayinevi-kirmizi-kedi-yayinevi","10":"pa_yazar-ayla-cinaroglu","12":"first","13":"instock","14":"sale","15":"shipping-taxable","16":"purchasable","17":"product-type-simple"},"_links":{"self":[{"href":"https:\/\/roveyayinevi.com.tr\/index.php\/wp-json\/wp\/v2\/product\/694783","targetHints":{"allow":["GET"]}}],"collection":[{"href":"https:\/\/roveyayinevi.com.tr\/index.php\/wp-json\/wp\/v2\/product"}],"about":[{"href":"https:\/\/roveyayinevi.com.tr\/index.php\/wp-json\/wp\/v2\/types\/product"}],"wp:attachment":[{"href":"https:\/\/roveyayinevi.com.tr\/index.php\/wp-json\/wp\/v2\/media?parent=694783"}],"wp:term":[{"taxonomy":"product_brand","embeddable":true,"href":"https:\/\/roveyayinevi.com.tr\/index.php\/wp-json\/wp\/v2\/product_brand?post=694783"},{"taxonomy":"product_cat","embeddable":true,"href":"https:\/\/roveyayinevi.com.tr\/index.php\/wp-json\/wp\/v2\/product_cat?post=694783"},{"taxonomy":"product_tag","embeddable":true,"href":"https:\/\/roveyayinevi.com.tr\/index.php\/wp-json\/wp\/v2\/product_tag?post=694783"}],"curies":[{"name":"wp","href":"https:\/\/api.w.org\/{rel}","templated":true}]}}