{"id":694782,"date":"2025-08-27T14:23:11","date_gmt":"2025-08-27T11:23:11","guid":{"rendered":"https:\/\/roveyayinevi.com.tr\/index.php\/urun\/ruzgarla-bir\/"},"modified":"2025-12-30T09:43:49","modified_gmt":"2025-12-30T06:43:49","slug":"ruzgarla-bir","status":"publish","type":"product","link":"https:\/\/roveyayinevi.com.tr\/index.php\/urun\/ruzgarla-bir\/","title":{"rendered":"R\u00fczgarla Bir"},"content":{"rendered":"<p>Ka\u00e7 Mevsim Ge\u00e7ti G\u00f6lgelerle Kapl\u0131, O yalans\u0131z G\u00f6zlerinin \u00dcst\u00fcnden, Ka\u00e7 \u00d6l\u00fcm, Ka\u00e7 \u0130\u015fkence, Ka\u00e7 Direnme T\u00fcrk\u00fclendi&#8230;  Hangi g\u00fcn\u00fcn gecesidir \/ yaz\u0131 k\u0131\u015fta k\u0131lan bilir G\u00fcn i\u00e7inde g\u00f6r\u00fcnmeden \/ g\u00fcn\u00fc suya salan bilir Da\u011flar d\u00fcze iner birden A\u015fk\u0131 sonsuz k\u0131lan bilir \/ r\u00fczgarla bir olan bilir G\u00f6l g\u00f6l olur damda biri \/ \u00e7entik atar g\u00fcnlerine Sel sel akar di\u011ferleri \/ g\u00fcne\u015f g\u00fcler tenlerine Biri bine d\u00f6ner birden Yolu yak\u0131n k\u0131lan bilir \/ r\u00fczgarla bir olan bilir R\u00fczgar \u00e7ocuk sesleriyle \/ mavi bir d\u00fc\u015f kurar g\u00f6kte S\u00f6zde t\u00fcrk\u00fc dalda \u00e7i\u00e7ek \/ olur a\u00e7ar her y\u00fcrekte G\u00f6zden perde iner birden D\u00fc\u015f\u00fc gerek k\u0131lan bilir \/ r\u00fczgarla bir olan bilir <\/p>\n","protected":false},"excerpt":{"rendered":"<p>Ka\u00e7 Mevsim Ge\u00e7ti G\u00f6lgelerle Kapl\u0131, O yalans\u0131z G\u00f6zlerinin \u00dcst\u00fcnden, Ka\u00e7 \u00d6l\u00fcm, Ka\u00e7 \u0130\u015fkence, Ka\u00e7 Direnme T\u00fcrk\u00fclendi&#8230; Hangi g\u00fcn\u00fcn gecesidir \/ yaz\u0131 k\u0131\u015fta k\u0131lan bilir G\u00fcn i\u00e7inde<span class=\"excerpt-hellip\"> [\u2026]<\/span><\/p>\n","protected":false},"featured_media":0,"template":"","meta":{"_monsterinsights_skip_tracking":false,"_monsterinsights_sitenote_active":false,"_monsterinsights_sitenote_note":"","_monsterinsights_sitenote_category":0},"product_brand":[],"product_cat":[12274,20117],"product_tag":[],"class_list":{"0":"post-694782","1":"product","2":"type-product","3":"status-publish","5":"product_cat-cocuk-ve-genclik-kitaplari","6":"product_cat-turk-klasikleri","7":"pa_cilt-ciltsiz","8":"pa_tur-kitap","9":"pa_yayinevi-yurt-kitap-yayin","10":"pa_yazar-adnan-yucel","12":"first","13":"instock","14":"sale","15":"shipping-taxable","16":"purchasable","17":"product-type-simple"},"_links":{"self":[{"href":"https:\/\/roveyayinevi.com.tr\/index.php\/wp-json\/wp\/v2\/product\/694782","targetHints":{"allow":["GET"]}}],"collection":[{"href":"https:\/\/roveyayinevi.com.tr\/index.php\/wp-json\/wp\/v2\/product"}],"about":[{"href":"https:\/\/roveyayinevi.com.tr\/index.php\/wp-json\/wp\/v2\/types\/product"}],"wp:attachment":[{"href":"https:\/\/roveyayinevi.com.tr\/index.php\/wp-json\/wp\/v2\/media?parent=694782"}],"wp:term":[{"taxonomy":"product_brand","embeddable":true,"href":"https:\/\/roveyayinevi.com.tr\/index.php\/wp-json\/wp\/v2\/product_brand?post=694782"},{"taxonomy":"product_cat","embeddable":true,"href":"https:\/\/roveyayinevi.com.tr\/index.php\/wp-json\/wp\/v2\/product_cat?post=694782"},{"taxonomy":"product_tag","embeddable":true,"href":"https:\/\/roveyayinevi.com.tr\/index.php\/wp-json\/wp\/v2\/product_tag?post=694782"}],"curies":[{"name":"wp","href":"https:\/\/api.w.org\/{rel}","templated":true}]}}