{"id":694780,"date":"2025-08-27T14:23:11","date_gmt":"2025-08-27T11:23:11","guid":{"rendered":"https:\/\/roveyayinevi.com.tr\/index.php\/urun\/esir-bir-rus-diplomatin-gozunden-istanbul\/"},"modified":"2026-04-16T02:04:40","modified_gmt":"2026-04-15T23:04:40","slug":"esir-bir-rus-diplomatin-gozunden-istanbul","status":"publish","type":"product","link":"https:\/\/roveyayinevi.com.tr\/index.php\/urun\/esir-bir-rus-diplomatin-gozunden-istanbul\/","title":{"rendered":"Esir Bir Rus Diplomat\u0131n G\u00f6z\u00fcnden \u0130stanbul"},"content":{"rendered":"<p>Pavel Artemyevi\u00e7 Leva\u015fov, 1763&#8217;de Rusya maslahatg\u00fczar\u0131 olarak geldi\u011fi \u0130stanbul&#8217;da 1771&#8217;e kadar kald\u0131. \u0130stanbul&#8217;da bulundu\u011fu y\u0131llar Osmanl\u0131-Rus ili\u015fkilerinin belki de en gergin oldu\u011fu ve sonunda 1768-1774 Sava\u015f\u0131&#8217;n\u0131n ilan edildi\u011fi bir d\u00f6nemdi. Sava\u015f ilan edilir edilmez Rusya el\u00e7ilik \u00e7al\u0131\u015fanlar\u0131 Yedikule&#8217;ye hapsedildi. Leva\u015fov, \u00f6zg\u00fcrl\u00fc\u011f\u00fcn\u00fc kazand\u0131ktan sonra 1771&#8217;e kadar s\u00fcren esaret y\u0131llar\u0131na dair hat\u0131ralar\u0131n\u0131 kaleme ald\u0131. elinizdeki kitab\u0131n ilk b\u00f6l\u00fcm\u00fcnde Leva\u015fov&#8217;un esaret y\u0131llar\u0131na dair hat\u0131ralar\u0131n\u0131, ikinci b\u00f6l\u00fcmde ise \u0130stanbul ve \u015fehirdeki g\u00fcnl\u00fck hayata dair kaleme ald\u0131\u011f\u0131 mektuplar\u0131n\u0131 okuyacaks\u0131z. <\/p>\n","protected":false},"excerpt":{"rendered":"<p>Pavel Artemyevi\u00e7 Leva\u015fov, 1763&#8217;de Rusya maslahatg\u00fczar\u0131 olarak geldi\u011fi \u0130stanbul&#8217;da 1771&#8217;e kadar kald\u0131. \u0130stanbul&#8217;da bulundu\u011fu y\u0131llar Osmanl\u0131-Rus ili\u015fkilerinin belki de en gergin oldu\u011fu ve sonunda 1768-1774 Sava\u015f\u0131&#8217;n\u0131n<span class=\"excerpt-hellip\"> [\u2026]<\/span><\/p>\n","protected":false},"featured_media":0,"template":"","meta":{"_monsterinsights_skip_tracking":false,"_monsterinsights_sitenote_active":false,"_monsterinsights_sitenote_note":"","_monsterinsights_sitenote_category":0},"product_brand":[],"product_cat":[12312,12304],"product_tag":[],"class_list":{"0":"post-694780","1":"product","2":"type-product","3":"status-publish","5":"product_cat-diger","6":"product_cat-tarih","7":"pa_cilt-ciltsiz","8":"pa_tur-kitap","9":"pa_yayinevi-yeditepe-yayinevi","10":"pa_yazar-pavel-artemyevic-levasov","12":"first","13":"instock","14":"sale","15":"shipping-taxable","16":"purchasable","17":"product-type-simple"},"_links":{"self":[{"href":"https:\/\/roveyayinevi.com.tr\/index.php\/wp-json\/wp\/v2\/product\/694780","targetHints":{"allow":["GET"]}}],"collection":[{"href":"https:\/\/roveyayinevi.com.tr\/index.php\/wp-json\/wp\/v2\/product"}],"about":[{"href":"https:\/\/roveyayinevi.com.tr\/index.php\/wp-json\/wp\/v2\/types\/product"}],"wp:attachment":[{"href":"https:\/\/roveyayinevi.com.tr\/index.php\/wp-json\/wp\/v2\/media?parent=694780"}],"wp:term":[{"taxonomy":"product_brand","embeddable":true,"href":"https:\/\/roveyayinevi.com.tr\/index.php\/wp-json\/wp\/v2\/product_brand?post=694780"},{"taxonomy":"product_cat","embeddable":true,"href":"https:\/\/roveyayinevi.com.tr\/index.php\/wp-json\/wp\/v2\/product_cat?post=694780"},{"taxonomy":"product_tag","embeddable":true,"href":"https:\/\/roveyayinevi.com.tr\/index.php\/wp-json\/wp\/v2\/product_tag?post=694780"}],"curies":[{"name":"wp","href":"https:\/\/api.w.org\/{rel}","templated":true}]}}