{"id":694778,"date":"2025-08-27T14:23:10","date_gmt":"2025-08-27T11:23:10","guid":{"rendered":"https:\/\/roveyayinevi.com.tr\/index.php\/urun\/turkiyenin-muzigi-2-cilt-turk-halk-muzigi\/"},"modified":"2026-04-16T02:04:40","modified_gmt":"2026-04-15T23:04:40","slug":"turkiyenin-muzigi-2-cilt-turk-halk-muzigi","status":"publish","type":"product","link":"https:\/\/roveyayinevi.com.tr\/index.php\/urun\/turkiyenin-muzigi-2-cilt-turk-halk-muzigi\/","title":{"rendered":"T\u00fcrkiye&#8217;nin M\u00fczi\u011fi 2. Cilt (T\u00fcrk Halk M\u00fczi\u011fi)"},"content":{"rendered":"<p>2. ciltin konusu: T\u00fcrk Halk M\u00fczi\u011fi. Eski yazmalardan, notalardan ve derlemelerden olu\u015fuyor (\u0130\u00e7erisinde konularla ilgili 25 adet foto\u011fraf yer almaktad\u0131r). Her iki kitapta da T\u00fcrk M\u00fczi\u011fi bir b\u00fct\u00fcn olarak ele al\u0131n\u0131yor ve yazarlar\u0131 kendince yorumlar\u0131n\u0131 kat\u0131yorlar. Geni\u015f kapsaml\u0131 i\u00e7eri\u011fiyle bir hazine da\u011ferindeki bu iki kitab\u0131n b\u00fcy\u00fck yank\u0131 uyand\u0131raca\u011f\u0131 kan\u0131s\u0131nday\u0131z. \ufffcTan\u0131t\u0131m Metni<\/p>\n","protected":false},"excerpt":{"rendered":"<p>2. ciltin konusu: T\u00fcrk Halk M\u00fczi\u011fi. Eski yazmalardan, notalardan ve derlemelerden olu\u015fuyor (\u0130\u00e7erisinde konularla ilgili 25 adet foto\u011fraf yer almaktad\u0131r). Her iki kitapta da T\u00fcrk M\u00fczi\u011fi<span class=\"excerpt-hellip\"> [\u2026]<\/span><\/p>\n","protected":false},"featured_media":0,"template":"","meta":{"_monsterinsights_skip_tracking":false,"_monsterinsights_sitenote_active":false,"_monsterinsights_sitenote_note":"","_monsterinsights_sitenote_category":0},"product_brand":[],"product_cat":[14591,14556],"product_tag":[],"class_list":{"0":"post-694778","1":"product","2":"type-product","3":"status-publish","5":"product_cat-genel-kavramlar-kuram-ve-tarihce","6":"product_cat-muzik","7":"pa_cilt-ciltsiz","8":"pa_tur-kitap","9":"pa_yayinevi-sun-yayinevi","10":"pa_yazar-kurt-ursula-reinhard","12":"first","13":"instock","14":"sale","15":"shipping-taxable","16":"purchasable","17":"product-type-simple"},"_links":{"self":[{"href":"https:\/\/roveyayinevi.com.tr\/index.php\/wp-json\/wp\/v2\/product\/694778","targetHints":{"allow":["GET"]}}],"collection":[{"href":"https:\/\/roveyayinevi.com.tr\/index.php\/wp-json\/wp\/v2\/product"}],"about":[{"href":"https:\/\/roveyayinevi.com.tr\/index.php\/wp-json\/wp\/v2\/types\/product"}],"wp:attachment":[{"href":"https:\/\/roveyayinevi.com.tr\/index.php\/wp-json\/wp\/v2\/media?parent=694778"}],"wp:term":[{"taxonomy":"product_brand","embeddable":true,"href":"https:\/\/roveyayinevi.com.tr\/index.php\/wp-json\/wp\/v2\/product_brand?post=694778"},{"taxonomy":"product_cat","embeddable":true,"href":"https:\/\/roveyayinevi.com.tr\/index.php\/wp-json\/wp\/v2\/product_cat?post=694778"},{"taxonomy":"product_tag","embeddable":true,"href":"https:\/\/roveyayinevi.com.tr\/index.php\/wp-json\/wp\/v2\/product_tag?post=694778"}],"curies":[{"name":"wp","href":"https:\/\/api.w.org\/{rel}","templated":true}]}}